{"id":93674,"date":"2026-03-05T14:07:10","date_gmt":"2026-03-05T17:07:10","guid":{"rendered":"https:\/\/www.ecommerceupdate.com.br\/produto\/como-vender-no-mercado-livre\/"},"modified":"2026-03-13T15:44:06","modified_gmt":"2026-03-13T18:44:06","slug":"como-vender-no-mercado-livre","status":"publish","type":"product","link":"https:\/\/www.ecommerceupdate.com.br\/da\/produto\/como-vender-no-mercado-livre\/","title":{"rendered":"HVORDAN S\u00c6LGES P\u00c5 DET FRIE MARKED?"},"content":{"rendered":"<div class=\"woocommerce-product-details\">\n<h3>Produktdetal<\/h3>\n<ul>\n<li>ASIN: B0CW1MKNV2<\/li>\n<li>Tilg\u00e6ngelighed: L\u00e6r mere<\/li>\n<li>Dato for offentligg\u00f8relse: 25 April 2024<\/li>\n<li>Sprog: portugisisk<\/li>\n<li>Filst\u00f8rrelse: 12.8 MB<\/li>\n<li>Sk\u00e6rml\u00e6ser: Kompatibel<\/li>\n<li>Skrifttypekonfiguration: Aktiveret<\/li>\n<li>Ordforr\u00e5d Tips: Ikke aktiveret<\/li>\n<li>Antal sider: 231 sider<\/li>\n<li>Sidevending: Aktiveret<\/li>\n<li>Bedst s\u00e6lgende rangering: Nr. 348.564 i Kindle Store (M\u00f8d top 100 i kategorien Kindle Store) Nr. 343.210 i Kindle e-b\u00f8ger<\/li>\n<li>343.210 Kindle e-b\u00f8ger<\/li>\n<\/ul><\/div>","protected":false},"excerpt":{"rendered":"<p>En komplet e-bog med alle tips om, hvordan du starter dit f\u00f8rste salg p\u00e5 det frie marked, den st\u00f8rste markedsplads i Latinamerika.Vores bog indeholder:Free Market History, koncepter og forretningsplan for det frie markedS\u00e5dan starter mit salg p\u00e5 det frie marked Digital markedsf\u00f8ring p\u00e5 det frie markedS\u00e5dan administrerer du min konto p\u00e5 det frie markedS\u00e5dan annoncerer du p\u00e5 det frie markedUdvikling af omd\u00f8mme p\u00e5 det frie markedProgram for bedste frie marked S\u00e6lgere Frit marked &amp; markedLedereCLIPS Platform Gratis marked Gratis marked Kommunikationskanaler til det frie marked Klassificeret frit markedProgram Gratis markedProgrammerede markederBusinessMercant MarketsBased MarketBusinessMercentdel af det frie markedBusiness MarketBusiness<\/p>","protected":false},"featured_media":93674,"comment_status":"open","ping_status":"closed","template":"","meta":[],"product_cat":[1608,1607],"product_tag":[],"class_list":{"0":"post-93674","1":"product","2":"type-product","3":"status-publish","4":"has-post-thumbnail","6":"product_brand-por-andr-santos-autor-formato-ebook-kindle","7":"product_cat-ebooks-kindle","8":"product_cat-loja-kindle","10":"first","11":"instock","12":"shipping-taxable","13":"purchasable","14":"product-type-simple"},"aioseo_notices":[],"_links":{"self":[{"href":"https:\/\/www.ecommerceupdate.com.br\/da\/wp-json\/wp\/v2\/product\/93674","targetHints":{"allow":["GET"]}}],"collection":[{"href":"https:\/\/www.ecommerceupdate.com.br\/da\/wp-json\/wp\/v2\/product"}],"about":[{"href":"https:\/\/www.ecommerceupdate.com.br\/da\/wp-json\/wp\/v2\/types\/product"}],"replies":[{"embeddable":true,"href":"https:\/\/www.ecommerceupdate.com.br\/da\/wp-json\/wp\/v2\/comments?post=93674"}],"wp:featuredmedia":[{"embeddable":true,"href":"https:\/\/www.ecommerceupdate.com.br\/da\/wp-json\/wp\/v2\/product\/93674"}],"wp:attachment":[{"href":"https:\/\/www.ecommerceupdate.com.br\/da\/wp-json\/wp\/v2\/media?parent=93674"}],"wp:term":[{"taxonomy":"product_cat","embeddable":true,"href":"https:\/\/www.ecommerceupdate.com.br\/da\/wp-json\/wp\/v2\/product_cat?post=93674"},{"taxonomy":"product_tag","embeddable":true,"href":"https:\/\/www.ecommerceupdate.com.br\/da\/wp-json\/wp\/v2\/product_tag?post=93674"}],"curies":[{"name":"wp","href":"https:\/\/api.w.org\/{rel}","templated":true}]}}