{"id":93852,"date":"2026-03-05T21:52:23","date_gmt":"2026-03-06T00:52:23","guid":{"rendered":"https:\/\/www.ecommerceupdate.com.br\/produto\/inteligencia-artificial-no-varejo\/"},"modified":"2026-03-13T15:45:51","modified_gmt":"2026-03-13T18:45:51","slug":"inteligencia-artificial-no-varejo","status":"publish","type":"product","link":"https:\/\/www.ecommerceupdate.com.br\/da\/produto\/inteligencia-artificial-no-varejo\/","title":{"rendered":"Kunstig intelligens i detailhandlen"},"content":{"rendered":"<div class=\"woocommerce-product-details\">\n<div id=\"aplus_feature_div\" class=\"celwidget\" data-feature-name=\"aplus\" data-csa-c-type=\"widget\" data-csa-c-content-id=\"aplus\" data-csa-c-slot-id=\"aplus_feature_div\" data-csa-c-asin=\"\" data-csa-c-is-in-initial-active-row=\"false\">\n<div id=\"aplus\" class=\"a-section a-spacing-large bucket\">\n<h3 class=\"\">Fra forlag<\/h3>\n<div lang=\"pt_BR\">\n<div class=\"aplus-v2 desktop celwidget\">\n<div class=\"celwidget aplus-module module-11 aplus-standard\">\n<div class=\"aplus-module-wrapper apm-spacing apm-floatnone apm-fixed-width\">\n<div class=\"apm-sidemodule aplus-module-content\">\n<div class=\"apm-hero-image\"> <img decoding=\"async\" alt=\"XGDRG\" src=\"https:\/\/m.media-amazon.com\/images\/S\/aplus-media-library-service-media\/081a47f9-e2f0-488b-b95a-092c08b657f5.__CR0,6,3074,951_PT0_SX970_V1___.png\" \/> <\/div>\n<\/p>\n<\/div>\n<\/div>\n<\/div>\n<div class=\"celwidget aplus-module module-2 aplus-standard\">\n<div class=\"aplus-module-wrapper apm-floatnone apm-fixed-width\">\n<div class=\"apm-sidemodule apm-spacing\">\n<div class=\"apm-sidemodule-imageleft\"> <img decoding=\"async\" alt=\"TRHT\" src=\"https:\/\/m.media-amazon.com\/images\/S\/aplus-media-library-service-media\/428832d2-17ea-448b-a1a4-de491100e331.__CR0,0,390,390_PT0_SX300_V1___.png\" \/> <\/div>\n<div class=\"apm-sidemodule-textright\">\n<h3 class=\"a-spacing-mini\"> Kunstig intelligens i detailhandlen <\/h3>\n<p> I \u201cKunstig intelligens i detailhandlen\u201d giver Eduardo Terra en dybdeg\u00e5ende analyse af de transformationer, som kunstig intelligens (AI) anstifter i det moderne detaillandskab.Fra logistik til kundeservice udforsker forfatteren, hvordan AI omformer operationer, personaliserer oplevelser og driver effektivitet i alle facetter af branchen. <\/p>\n<p> Med fokus p\u00e5 AI-teknologier pr\u00e6senterer bogen et komplet overblik over de praktiske anvendelser af disse v\u00e6rkt\u00f8jer, og demonstrerer, hvordan de bliver brugt til at optimere n\u00f8gleprocesser og \u00f8ge sikkerheden. <\/p>\n<\/p>\n<\/div>\n<\/div>\n<\/div>\n<\/div>\n<div class=\"celwidget aplus-module module-9 aplus-standard\">\n<div class=\"aplus-module-wrapper apm-fixed-width apm-spacing\">\n<div class=\"apm-flex\">\n<div class=\"apm-flex-item-third-width\">\n<p class=\"apm-text-center\"> <img decoding=\"async\" alt=\"FHRTH\" src=\"https:\/\/m.media-amazon.com\/images\/S\/aplus-media-library-service-media\/19dbf0d7-60fa-4851-b265-fb58967b2e53.__CR0,0,1076,1076_PT0_SX300_V1___.png\" \/> <\/p>\n<p> hele verden lever med et problem &amp; det er ikke i dag. P\u00e5 den ene side er der en stigende eftersp\u00f8rgsel efter kvalificerede fagfolk. P\u00e5 den anden side forbereder uddannelsessystemet eleverne baseret p\u00e5 aktiviteter, der havde eftersp\u00f8rgsel i fortiden. Sandsynligvis var du vidne til denne situation under skole og college, som junior professionel og senere som virksomhedsleder: markedet kr\u00e6ver kvalifikationer, som akademiet ikke kan tilbyde, blot fordi det ikke var forberedt p\u00e5 det. <\/p>\n<\/p>\n<\/div>\n<div class=\"apm-flex-item-third-width\">\n<p class=\"apm-text-center\"> <img decoding=\"async\" alt=\"SEGR\" src=\"https:\/\/m.media-amazon.com\/images\/S\/aplus-media-library-service-media\/d153700d-2edb-40ce-9a94-dad524a830de.__CR0,0,1076,1076_PT0_SX300_V1___.png\" \/> <\/p>\n<p> Kunstig har optaget plads i menneskehedens sind og dr\u00f8mme siden det antikke Gr\u00e6kenland, selvom de teknologier, der er n\u00f8dvendige for dens levedygtighed, kun har udviklet sig i de sidste 60 \u00e5r. Alligevel har evolutionen ikke v\u00e6ret line\u00e6r: de oprindelige forventninger blev frustrerede, derefter omplaceret, nye indsatsomr\u00e5der blev udviklet, og gradvist blev der dannet en enorm mosaik for at muligg\u00f8re AI-applikationer <\/p>\n<\/p>\n<\/div>\n<div class=\"apm-flex-item-third-width\">\n<p class=\"apm-text-center\"> <img decoding=\"async\" alt=\"sgdf\" src=\"https:\/\/m.media-amazon.com\/images\/S\/aplus-media-library-service-media\/b92d2433-fee6-4463-a63d-b0f2fa47968a.__CR0,0,1076,1076_PT0_SX300_V1___.png\" \/> <\/p>\n<p> Detailhandelen i 2020'erne er meget forskellig fra de foreg\u00e5ende \u00e5rtier 'digitalisering af sektoren, som allerede var fremme i flere segmenter, var bestemt drevet af pandemien, som tvang adskillige virksomheder til at vedtage v\u00e6rkt\u00f8jer og processer, der var ut\u00e6nkelige kun m\u00e5neder f\u00f8r. I dag kan vi sige, uden frygt for at beg\u00e5 fejl, at forbrugerne ikke beh\u00f8ver at g\u00e5 i butikker 'det vil de kun, hvis salgsstedet tilbyder, hvad de har brug for. Og hvad de har brug for, er ikke flere produkter. Derudover har vi en meget t\u00e6ttere forbruger og vidende om de digitale kanaler i detailhandlen. Diskussionen om, hvordan den fysiske butik skal v\u00e6re i post-pandemien er omfattende, men vi kan p\u00e5pege nogle aspekter af denne rejse. <\/p>\n<\/p>\n<\/div>\n<\/div>\n<\/div>\n<\/div>\n<div class=\"celwidget aplus-module module-2 aplus-standard\">\n<div class=\"aplus-module-wrapper apm-floatnone apm-fixed-width\">\n<div class=\"apm-sidemodule apm-spacing\">\n<div class=\"apm-sidemodule-imageleft\"> <img decoding=\"async\" alt=\"EFR\" src=\"https:\/\/m.media-amazon.com\/images\/S\/aplus-media-library-service-media\/8e4e5ce8-bd26-4e6f-9839-e7c177fbd7a3.__CR0,7,551,551_PT0_SX300_V1___.png\" \/> <\/div>\n<div class=\"apm-sidemodule-textright\">\n<h3 class=\"a-spacing-mini\"> Eduardo Terra <\/h3>\n<p> Han er pr\u00e6sident for Brazilian Retail and Consumer Society (SBVC) og medlem af bestyrelsen for flere detail- og servicevirksomheder. Han er partner i BTR-Varese og HiPartners Venture Capital. Han arbejder som professor i Postgraduate og MBA kurser, foredrag ved nationale og internationale detailarrangementer og er forfatter til flere b\u00f8ger og artikler om detail- og forbrugermarkedet. <\/p>\n<\/p>\n<\/div>\n<\/div>\n<\/div>\n<\/div>\n<\/div>\n<\/div>\n<\/div>\n<\/div>\n<h3>Produktdetal<\/h3>\n<ul>\n<li>Udgiver: Literare Books International<\/li>\n<li>Dato for offentligg\u00f8relse: 16 April 2024<\/li>\n<li>Udgave: 1<\/li>\n<li>Sprog: portugisisk<\/li>\n<li>Antal sider: 168 sider<\/li>\n<li>ISBN-10:6559227960<\/li>\n<li>ISBN-13:978-6559227969<\/li>\n<li>Produktv\u00e6gt: 220g<\/li>\n<li>L\u00e6sealder: 12 \u00e5r og derover<\/li>\n<li>M\u00e5l: 14 x 0,5 x 21 cm<\/li>\n<li>Tops\u00e6lgere Rangering: Nr. 160.542 i B\u00f8ger (M\u00f8d top 100 i kategorien B\u00f8ger) Nr. 1.434 i Leadership Management<\/li>\n<li>1.434 i Leadership Management<\/li>\n<li>Kundeanmeldelser: 4.0 4.0 ud af 5 stjerner (21)<\/li>\n<\/ul><\/div>","protected":false},"excerpt":{"rendered":"<p>I \u201cKunstig intelligens i detailhandlen\u201d, Eduardo Terra giver en dybdeg\u00e5ende analyse af de transformationer, som kunstig intelligens (AI) er anstiftende i den moderne detaillandskab.Fra logistik til kundeservice, forfatteren udforsker, hvordan AI er omformning operationer, personalisering erfaringer og k\u00f8rsel effektivitet i alle facetter af branchen.Fokusering p\u00e5 AI teknologier, bogen pr\u00e6senterer et komplet overblik over de praktiske anvendelser af disse v\u00e6rkt\u00f8jer, demonstrerer, hvordan de bliver ansat til at optimere centrale processer og \u00f8ge sikkerheden.Gennem arbejdet forfatteren ikke kun diskuterer de muligheder, der tilbydes af AI, men ogs\u00e5 fremh\u00e6ver de sp\u00f8rgsm\u00e5l og ansvar i forbindelse med vedtagelsen af denne v\u00e6rdifulde ressource som detailhandlere kan navigere i.<\/p>","protected":false},"featured_media":93852,"comment_status":"open","ping_status":"closed","template":"","meta":[],"product_cat":[1611,1621,1595],"product_tag":[],"class_list":{"0":"post-93852","1":"product","2":"type-product","3":"status-publish","4":"has-post-thumbnail","6":"product_brand-por-eduardo-terra-autor","7":"product_cat-administracao-negocios-e-economia","8":"product_cat-gestao-e-lideranca","9":"product_cat-livros","11":"first","12":"instock","13":"sale","14":"shipping-taxable","15":"purchasable","16":"product-type-simple"},"aioseo_notices":[],"_links":{"self":[{"href":"https:\/\/www.ecommerceupdate.com.br\/da\/wp-json\/wp\/v2\/product\/93852","targetHints":{"allow":["GET"]}}],"collection":[{"href":"https:\/\/www.ecommerceupdate.com.br\/da\/wp-json\/wp\/v2\/product"}],"about":[{"href":"https:\/\/www.ecommerceupdate.com.br\/da\/wp-json\/wp\/v2\/types\/product"}],"replies":[{"embeddable":true,"href":"https:\/\/www.ecommerceupdate.com.br\/da\/wp-json\/wp\/v2\/comments?post=93852"}],"wp:featuredmedia":[{"embeddable":true,"href":"https:\/\/www.ecommerceupdate.com.br\/da\/wp-json\/wp\/v2\/product\/93852"}],"wp:attachment":[{"href":"https:\/\/www.ecommerceupdate.com.br\/da\/wp-json\/wp\/v2\/media?parent=93852"}],"wp:term":[{"taxonomy":"product_cat","embeddable":true,"href":"https:\/\/www.ecommerceupdate.com.br\/da\/wp-json\/wp\/v2\/product_cat?post=93852"},{"taxonomy":"product_tag","embeddable":true,"href":"https:\/\/www.ecommerceupdate.com.br\/da\/wp-json\/wp\/v2\/product_tag?post=93852"}],"curies":[{"name":"wp","href":"https:\/\/api.w.org\/{rel}","templated":true}]}}