{"id":93860,"date":"2026-03-05T21:56:52","date_gmt":"2026-03-06T00:56:52","guid":{"rendered":"https:\/\/www.ecommerceupdate.com.br\/produto\/diferenciacao-no-varejo\/"},"modified":"2026-03-13T15:47:08","modified_gmt":"2026-03-13T18:47:08","slug":"diferenciacao-no-varejo","status":"publish","type":"product","link":"https:\/\/www.ecommerceupdate.com.br\/da\/produto\/diferenciacao-no-varejo\/","title":{"rendered":"Differentiering I Detailhandel"},"content":{"rendered":"<div class=\"woocommerce-product-details\">\n<h3>Produktdetal<\/h3>\n<ul>\n<li>Udgiver: GS&amp;MD<\/li>\n<li>Dato for offentligg\u00f8relse: 1 January 2009<\/li>\n<li>Udgave: 1<\/li>\n<li>Sprog: portugisisk<\/li>\n<li>Antal sider: 164 sider<\/li>\n<li>ISBN-10:8560949070<\/li>\n<li>ISBN-13:978-8560949076<\/li>\n<li>Produktv\u00e6gt: 320g<\/li>\n<li>M\u00e5l: 23,8 x 16,6 x 1,2 cm<\/li>\n<li>Bedst s\u00e6lgende Rangering: Nr. 356.307 i B\u00f8ger (M\u00f8d top 100 i kategorien B\u00f8ger) Nr. 24.040 i B\u00f8rne- og b\u00f8rneferier og -festivaler<\/li>\n<li>24.040 i Helligdage og Festivaler B\u00f8rn og B\u00f8rn og Unge<\/li>\n<\/ul><\/div>","protected":false},"excerpt":{"rendered":"<p>OBS, KORREKT KOPI\u00c5R: 2009. Administration6. er i god stand, overtr\u00e6k og kanter med tegn p\u00e5 h\u00e5ndtering, kanter med sm\u00e5 gullige pletter p\u00e5 grund af vejret, for ok<\/p>","protected":false},"featured_media":93860,"comment_status":"open","ping_status":"closed","template":"","meta":[],"product_cat":[1853,1852,1595],"product_tag":[],"class_list":{"0":"post-93860","1":"product","2":"type-product","3":"status-publish","4":"has-post-thumbnail","6":"product_brand-edicao-portugus-por-willard-n-stern-neil-z-ander-autor","7":"product_cat-feriados-e-festivais","8":"product_cat-infantil","9":"product_cat-livros","11":"first","12":"instock","13":"shipping-taxable","14":"purchasable","15":"product-type-simple"},"aioseo_notices":[],"_links":{"self":[{"href":"https:\/\/www.ecommerceupdate.com.br\/da\/wp-json\/wp\/v2\/product\/93860","targetHints":{"allow":["GET"]}}],"collection":[{"href":"https:\/\/www.ecommerceupdate.com.br\/da\/wp-json\/wp\/v2\/product"}],"about":[{"href":"https:\/\/www.ecommerceupdate.com.br\/da\/wp-json\/wp\/v2\/types\/product"}],"replies":[{"embeddable":true,"href":"https:\/\/www.ecommerceupdate.com.br\/da\/wp-json\/wp\/v2\/comments?post=93860"}],"wp:featuredmedia":[{"embeddable":true,"href":"https:\/\/www.ecommerceupdate.com.br\/da\/wp-json\/wp\/v2\/product\/93860"}],"wp:attachment":[{"href":"https:\/\/www.ecommerceupdate.com.br\/da\/wp-json\/wp\/v2\/media?parent=93860"}],"wp:term":[{"taxonomy":"product_cat","embeddable":true,"href":"https:\/\/www.ecommerceupdate.com.br\/da\/wp-json\/wp\/v2\/product_cat?post=93860"},{"taxonomy":"product_tag","embeddable":true,"href":"https:\/\/www.ecommerceupdate.com.br\/da\/wp-json\/wp\/v2\/product_tag?post=93860"}],"curies":[{"name":"wp","href":"https:\/\/api.w.org\/{rel}","templated":true}]}}