{"id":93884,"date":"2026-03-06T03:32:27","date_gmt":"2026-03-06T06:32:27","guid":{"rendered":"https:\/\/www.ecommerceupdate.com.br\/produto\/amazon-para-ti-guia-pratico-de-como-comecar-a-vender-na-amazon\/"},"modified":"2026-05-13T10:39:29","modified_gmt":"2026-05-13T13:39:29","slug":"amazon-para-ti-guia-pratico-de-como-comecar-a-vender-na-amazon","status":"publish","type":"product","link":"https:\/\/www.ecommerceupdate.com.br\/da\/produto\/amazon-para-ti-guia-pratico-de-como-comecar-a-vender-na-amazon\/","title":{"rendered":"Amazon For You: Praktisk vejledning om, hvordan du begynder at s\u00e6lge p\u00e5 Amazon"},"content":{"rendered":"<div class=\"woocommerce-product-details\">\n<h3>Produktdetal<\/h3>\n<ul>\n<li>ASIN: B0GPP3PN2W<\/li>\n<li>Udgiver: Francisco Joao Barros Matos<\/li>\n<li>Tilg\u00e6ngelighed: L\u00e6r mere<\/li>\n<li>Dato for offentligg\u00f8relse: 23 February 2026<\/li>\n<li>Udgave: 1<\/li>\n<li>Sprog: portugisisk<\/li>\n<li>Filst\u00f8rrelse: 1.2 MB<\/li>\n<li>Skrifttypekonfiguration: Ikke aktiveret<\/li>\n<li>Ordforr\u00e5d Tips: Ikke aktiveret<\/li>\n<li>Antal sider: 24 sider<\/li>\n<li>Format: Udskriv replika<\/li>\n<li>Sidevending: Ikke aktiveret<\/li>\n<li>En del af serien: S\u00e6lger p\u00e5 Amazon<\/li>\n<\/ul><\/div>","protected":false},"excerpt":{"rendered":"<p>Har du t\u00e6nkt p\u00e5 at s\u00e6tte dine produkter i den st\u00f8rste udstillingsvindue i verden, men ved ikke, hvor du skal starte?Salg p\u00e5 Amazon er en af de mest rentable forretningsmuligheder i dag, men den indledende bureaukrati og kompleksitet af platformen drive v\u00e6k mange iv\u00e6rks\u00e6ttere.Denne vejledning blev oprettet for at eliminere st\u00f8j og give dig en klar, direkte og fokuseret kort over virkeligheden af det europ\u00e6iske marked.I denne bog, vil du finde ud af, hvordan du navigere Amazon \u00f8kosystem med tillid, undg\u00e5 de almindelige fejl, der f\u00f8rer til suspension af konti og tab af kapital.Hvad du vil finde i denne vejledning:<\/p>\n<p><span class=\"a-text-bold\">Rets- og skattegrundlaget:<\/span><span> Hvad du skal sikre, f\u00f8r du \u00e5bner din konto for at fungere i fuld overensstemmelse.<\/span><\/p>\n<p>Det juridiske og skattem\u00e6ssige grundlag: Hvad du skal sikre, f\u00f8r du \u00e5bner din konto for at fungere i fuld overensstemmelse.<\/p>\n<p><span class=\"a-text-bold\">Strategisk logistik:<\/span><span> Den kritiske forskel mellem ledelsesmodeller og hvordan du v\u00e6lger den, der passer bedst til dit budget og livsstil.<\/span><\/p>\n<p>Strategisk logistik: Den kritiske forskel mellem ledelsesmodeller og hvordan du v\u00e6lger den, der passer bedst til dit budget og livsstil.<\/p>\n<p><span class=\"a-text-bold\">Forretningsmodeller:<\/span><span> En dybtg\u00e5ende analyse af de forskellige m\u00e5der at s\u00e6lge \u00a1n alt fra videresalg af kendte m\u00e6rker til at skabe dit eget eksklusive m\u00e6rke.<\/span><\/p>\n<p>Business Models: En dybdeg\u00e5ende analyse af de forskellige m\u00e5der at s\u00e6lge \u00a1 \u0304 fra videresalg af kendte m\u00e6rker til at skabe dit eget unikke m\u00e6rke.<\/p>\n<p><span class=\"a-text-bold\">Kraften i algoritme:<\/span><span> Forst\u00e5r, hvad der f\u00e5r et produkt til at s\u00e6lge, og hvordan man tjener Amazon og kunders tillid.<\/span><\/p>\n<p>Algoritmens magt: Forst\u00e5r, hvad der f\u00e5r et produkt til at s\u00e6lge, og hvordan man tjener Amazon og kunders tillid.<\/p>\n<p><span class=\"a-text-bold\">Skalerbarhed:<\/span><span> Hvordan man g\u00f8r en lokal operation til en international forretning, der n\u00e5r ud til kunder i hele Europa.<\/span><\/p>\n<p>Skalerbarhed: Hvordan man kan vende en lokal operation til en international forretning, n\u00e5 kunder p\u00e5 tv\u00e6rs af Europe.For hvem er denne bog?Denne manual er ideel til b\u00e5de begyndere starter fra absolut nul, som for detailhandlere, der allerede har lager og \u00f8nsker at digitalisere deres forretning gennem den mest avancerede logistik infrastruktur p\u00e5 planeten.Succes hos Amazon afh\u00e6nger ikke af held, men p\u00e5 method.The tid er kommet til at stoppe med at v\u00e6re bare en forbruger og blive en succesfuld forretningspartner.Prepara for dit f\u00f8rste salg.<\/p>","protected":false},"featured_media":93884,"comment_status":"open","ping_status":"closed","template":"","meta":[],"product_cat":[1608,1607],"product_tag":[],"class_list":{"0":"post-93884","1":"product","2":"type-product","3":"status-publish","4":"has-post-thumbnail","5":"product_brand-por-francisco-matos-autor-formato-ebook-kindle","6":"product_cat-ebooks-kindle","7":"product_cat-loja-kindle","9":"first","10":"instock","11":"shipping-taxable","12":"purchasable","13":"product-type-simple"},"aioseo_notices":[],"_links":{"self":[{"href":"https:\/\/www.ecommerceupdate.com.br\/da\/wp-json\/wp\/v2\/product\/93884","targetHints":{"allow":["GET"]}}],"collection":[{"href":"https:\/\/www.ecommerceupdate.com.br\/da\/wp-json\/wp\/v2\/product"}],"about":[{"href":"https:\/\/www.ecommerceupdate.com.br\/da\/wp-json\/wp\/v2\/types\/product"}],"replies":[{"embeddable":true,"href":"https:\/\/www.ecommerceupdate.com.br\/da\/wp-json\/wp\/v2\/comments?post=93884"}],"wp:featuredmedia":[{"embeddable":true,"href":"https:\/\/www.ecommerceupdate.com.br\/da\/wp-json\/wp\/v2\/product\/93884"}],"wp:attachment":[{"href":"https:\/\/www.ecommerceupdate.com.br\/da\/wp-json\/wp\/v2\/media?parent=93884"}],"wp:term":[{"taxonomy":"product_cat","embeddable":true,"href":"https:\/\/www.ecommerceupdate.com.br\/da\/wp-json\/wp\/v2\/product_cat?post=93884"},{"taxonomy":"product_tag","embeddable":true,"href":"https:\/\/www.ecommerceupdate.com.br\/da\/wp-json\/wp\/v2\/product_tag?post=93884"}],"curies":[{"name":"wp","href":"https:\/\/api.w.org\/{rel}","templated":true}]}}