{"id":93898,"date":"2026-03-06T07:21:58","date_gmt":"2026-03-06T10:21:58","guid":{"rendered":"https:\/\/www.ecommerceupdate.com.br\/produto\/aspectos-de-operacoes-multicanais-e-omnichannel\/"},"modified":"2026-03-13T15:49:55","modified_gmt":"2026-03-13T18:49:55","slug":"aspectos-de-operacoes-multicanais-e-omnichannel","status":"publish","type":"product","link":"https:\/\/www.ecommerceupdate.com.br\/da\/produto\/aspectos-de-operacoes-multicanais-e-omnichannel\/","title":{"rendered":"Aspekter af multikanal- og omnichannel-operationer"},"content":{"rendered":"<div class=\"woocommerce-product-details\">\n<h3>Produktdetal<\/h3>\n<ul>\n<li>Udgiver: InterSaberes<\/li>\n<li>Dato for offentligg\u00f8relse: 28 February 2022<\/li>\n<li>Udgave: 1<\/li>\n<li>Sprog: portugisisk<\/li>\n<li>Antal sider: 266 sider<\/li>\n<li>ISBN-10:655517367X<\/li>\n<li>ISBN-13:978-6555173673<\/li>\n<li>Produktv\u00e6gt: 300g<\/li>\n<li>M\u00e5l: 14 x 1,4 x 21 cm<\/li>\n<li>Tops\u00e6lgere Rangering: Nr. 483.474 i B\u00f8ger (M\u00f8d top 100 i kategorien B\u00f8ger) Nr. 316 i Webmarketing Nr. 1.221 i Marketing nr. 9.004 i ledelse og ledelse<\/li>\n<li>316 I Web Marketing<\/li>\n<li>1.221 i Marketing<\/li>\n<li>9.004 i Ledelse og Ledelse<\/li>\n<li>Kundeanmeldelser: 5.0 5.0 ud af 5 stjerner (4)<\/li>\n<\/ul><\/div>","protected":false},"excerpt":{"rendered":"<p>Forestil dig f\u00f8lgende situation: du er i en butik, du er tiltrukket af et produkt, du unders\u00f8ger funktionerne, og endelig beslutter du ikke at k\u00f8be det. Senere, n\u00e5r du kommer hjem, fortryder du ikke at have k\u00f8bt produktet, men husk, at den butik, hvor du var, har en online salgsapplikation.Easy, er det ikke? Fra dit hjems komfort k\u00f8ber du det produkt, der allerede har haft forn\u00f8jelsen af \u201cver med h\u00e6nderne\u201d og kan stadig modtage det uden at forlade hjemmet. Denne forbrugeroplevelse kan kun opleves i virksomheder, der handler p\u00e5 flere platforme (multichanalize), som kan v\u00e6re et virtuelt k\u00f8b eller kan v\u00e6re et medie.<\/p>","protected":false},"featured_media":0,"comment_status":"open","ping_status":"closed","template":"","meta":[],"product_cat":[1611,1595,1618],"product_tag":[],"class_list":{"0":"post-93898","1":"product","2":"type-product","3":"status-publish","5":"product_brand-por-las-ribeiro-autor-dayanna-dos-santos-costa-maciel-autor","6":"product_cat-administracao-negocios-e-economia","7":"product_cat-livros","8":"product_cat-marketing-e-vendas","10":"first","11":"instock","12":"sale","13":"shipping-taxable","14":"purchasable","15":"product-type-simple"},"aioseo_notices":[],"_links":{"self":[{"href":"https:\/\/www.ecommerceupdate.com.br\/da\/wp-json\/wp\/v2\/product\/93898","targetHints":{"allow":["GET"]}}],"collection":[{"href":"https:\/\/www.ecommerceupdate.com.br\/da\/wp-json\/wp\/v2\/product"}],"about":[{"href":"https:\/\/www.ecommerceupdate.com.br\/da\/wp-json\/wp\/v2\/types\/product"}],"replies":[{"embeddable":true,"href":"https:\/\/www.ecommerceupdate.com.br\/da\/wp-json\/wp\/v2\/comments?post=93898"}],"wp:attachment":[{"href":"https:\/\/www.ecommerceupdate.com.br\/da\/wp-json\/wp\/v2\/media?parent=93898"}],"wp:term":[{"taxonomy":"product_cat","embeddable":true,"href":"https:\/\/www.ecommerceupdate.com.br\/da\/wp-json\/wp\/v2\/product_cat?post=93898"},{"taxonomy":"product_tag","embeddable":true,"href":"https:\/\/www.ecommerceupdate.com.br\/da\/wp-json\/wp\/v2\/product_tag?post=93898"}],"curies":[{"name":"wp","href":"https:\/\/api.w.org\/{rel}","templated":true}]}}