{"id":93908,"date":"2026-03-06T07:24:55","date_gmt":"2026-03-06T10:24:55","guid":{"rendered":"https:\/\/www.ecommerceupdate.com.br\/produto\/logistica-omnichannel-e-commerce-solucoes-para-as-cidades-do-futuro-livro-1\/"},"modified":"2026-03-13T15:51:17","modified_gmt":"2026-03-13T18:51:17","slug":"logistica-omnichannel-e-commerce-solucoes-para-as-cidades-do-futuro-livro-1","status":"publish","type":"product","link":"https:\/\/www.ecommerceupdate.com.br\/da\/produto\/logistica-omnichannel-e-commerce-solucoes-para-as-cidades-do-futuro-livro-1\/","title":{"rendered":"LOGISTIK OMNICHANNEL &amp; E-HANDEL (Solutions for the Cities of the Future Book 1)"},"content":{"rendered":"<div class=\"woocommerce-product-details\"><\/div>","protected":false},"excerpt":{"rendered":"<p>Omnichannel logistik <\/p>\n<p>Forbrugerne driver en revolution i detailhandlen. Med adgang til en r\u00e6kke forskellige teknologier og online ressourcer kr\u00e6ver det et stigende serviceniveau. Forbrugerne \u00f8nsker at k\u00f8be hvor som helst, n\u00e5r som helst og gennem den kanal, de anser for mest praktisk, samtidig kr\u00e6ver de kortere leveringstider og st\u00f8rre fleksibilitet til produktafhentning.I denne virkelighed er multikanal og endda tv\u00e6rkanal servicemodeller ikke l\u00e6ngere nok til at opfylde forventningerne fra disse nye kunder. <\/p>\n<p>Omnichannel detail reagerer p\u00e5 profilen af den nye forbruger ved at s\u00f8ge at give en fleksibel og gennemsigtig shopping oplevelse uanset om kunden kommer ind i en butik, browses nettet eller ordrer gennem en smartphone.Ved at v\u00e6re bredt til stede p\u00e5 tv\u00e6rs af alle kanaler og tillader hver kanal til at betjene kunden p\u00e5 ethvert tidspunkt i k\u00f8bsrejsen, detailhandlere kan \u00f8ge brand awareness, drive loyalitet og i sidste ende tilf\u00f8je v\u00e6rdi til deres produkt eller service. <\/p>\n<p>Udtrykket \u201comni\u201d kan defineres som \u201calle, p\u00e5 alle m\u00e5der, steder..\u201d og \u201cuden\u201d gr\u00e6nser. Omnichannel tilgang best\u00e5r ikke kun i at tilbyde flere k\u00f8bskanaler, men i den samlede integration mellem dem, s\u00f8ger at bringe det bedst mulige serviceniveau til forbrugeren. I praksis betyder det integrationen mellem fysiske butikker, hjemmesider, shopping applikationer og eventuelle andre tilg\u00e6ngelige kanaler, s\u00e5 kunden kan foretage k\u00f8bet i ethvert milj\u00f8, at kunne modtage eller fjerne produktet p\u00e5 den m\u00e5de og p\u00e5 det tidspunkt, der er mest bekvemt for ham. <\/p>\n<p>I denne bog laves en detaljeret analyse af omnichannel-konceptet, den bringer opdaterede data om dets anvendelse p\u00e5 det nationale og internationale marked, forklarer de logistiske \u00e6ndringer, der er n\u00f8dvendige for driften og bringer sager og referenceinitiativer i emnet. <\/p>\n<p>CONTENT <\/p>\n<p>HVAD OMNICHANNEL ER <\/p>\n<p>Omni-forbrugeren <br \/>Udviklingen af shoppingoplevelsen <br \/>Omnichannel-konceptet <br \/>Hvorfor investere i omnichannel <\/p>\n<p>MARKEDSANALYSE <\/p>\n<p>Omnichannel i verden <br \/>Forbrugere i verden <br \/>Detailhandel i verden <br \/>Markedstendenser <br \/>Omnichannel i Brasilien <br \/>Brasiliansk detailhandel <br \/>S\u00e5dan implementerer du din omnichannel <\/p>\n<p>Realisering af omnichannel-muligheden <br \/>Kritiske faktorer for succes <br \/>Forsyningsk\u00e6de i omnichannel operationer <br \/>Udfordringer <br \/>Referencepraksis <\/p>\n<p>CASES<\/p>","protected":false},"featured_media":93908,"comment_status":"open","ping_status":"closed","template":"","meta":[],"product_cat":[1653,1730,1595],"product_tag":[],"class_list":{"0":"post-93908","1":"product","2":"type-product","3":"status-publish","4":"has-post-thumbnail","6":"product_brand-por-almy-magalhaes-autor-formato-ebook-kindle","7":"product_cat-educacao-referencia-e-didaticos","8":"product_cat-escolas-e-ensino","9":"product_cat-livros","11":"first","12":"instock","13":"shipping-taxable","14":"purchasable","15":"product-type-simple"},"aioseo_notices":[],"_links":{"self":[{"href":"https:\/\/www.ecommerceupdate.com.br\/da\/wp-json\/wp\/v2\/product\/93908","targetHints":{"allow":["GET"]}}],"collection":[{"href":"https:\/\/www.ecommerceupdate.com.br\/da\/wp-json\/wp\/v2\/product"}],"about":[{"href":"https:\/\/www.ecommerceupdate.com.br\/da\/wp-json\/wp\/v2\/types\/product"}],"replies":[{"embeddable":true,"href":"https:\/\/www.ecommerceupdate.com.br\/da\/wp-json\/wp\/v2\/comments?post=93908"}],"wp:featuredmedia":[{"embeddable":true,"href":"https:\/\/www.ecommerceupdate.com.br\/da\/wp-json\/wp\/v2\/product\/93908"}],"wp:attachment":[{"href":"https:\/\/www.ecommerceupdate.com.br\/da\/wp-json\/wp\/v2\/media?parent=93908"}],"wp:term":[{"taxonomy":"product_cat","embeddable":true,"href":"https:\/\/www.ecommerceupdate.com.br\/da\/wp-json\/wp\/v2\/product_cat?post=93908"},{"taxonomy":"product_tag","embeddable":true,"href":"https:\/\/www.ecommerceupdate.com.br\/da\/wp-json\/wp\/v2\/product_tag?post=93908"}],"curies":[{"name":"wp","href":"https:\/\/api.w.org\/{rel}","templated":true}]}}