{"id":94137,"date":"2026-03-08T21:06:12","date_gmt":"2026-03-09T00:06:12","guid":{"rendered":"https:\/\/www.ecommerceupdate.com.br\/produto\/aspectos-juridicos-do-e-commerce-2o-edicao-capa-comum-1-julho-2022\/"},"modified":"2026-05-03T12:42:13","modified_gmt":"2026-05-03T15:42:13","slug":"aspectos-juridicos-do-e-commerce-2o-edicao-capa-comum-1-julho-2022","status":"publish","type":"product","link":"https:\/\/www.ecommerceupdate.com.br\/da\/produto\/aspectos-juridicos-do-e-commerce-2o-edicao-capa-comum-1-julho-2022\/","title":{"rendered":"Juridiske aspekter af E-handel 2. udgave F\u00e6lles omslag 1. juli 2022"},"content":{"rendered":"<p>[amz_corss_sell asin=&#8221;6556147443&#8243;]<\/p>\n","protected":false},"excerpt":{"rendered":"<p>Beskyt din online-forretning med solidt juridisk grundlag for at udf\u00f8re e-handel operationer sikkert og i overensstemmelse hermed. Den 2. udgave, i f\u00e6lles omslag, af arbejdet i Nadia Andreotti Tuchumantel Hackerott, opdaterer afg\u00f8rende emner for forbrugerkontrakter og privatlivspolitikker.For kun R$16,00, opdage veje til overholdelse, juridiske risici og bedste praksis &amp; l\u00e6se videre for at udforske, hvordan du anvender indhold i din butik.<\/p>","protected":false},"featured_media":0,"comment_status":"open","ping_status":"closed","template":"","meta":[],"product_cat":[1609,1595],"product_tag":[2585,2586,2335],"class_list":{"0":"post-94137","1":"product","2":"type-product","3":"status-publish","4":"product_cat-direito","5":"product_cat-livros","6":"product_tag-aspectos-juridicos-do-e-commerce","7":"product_tag-guia-juridico-para-lojistas-online","8":"product_tag-livro-direito-e-commerce-2a-edicao","9":"pa_autor-nadia-andreotti-tuchumantel-hackerott","11":"first","12":"instock","13":"sale","14":"shipping-taxable","15":"purchasable","16":"product-type-simple"},"aioseo_notices":[],"_links":{"self":[{"href":"https:\/\/www.ecommerceupdate.com.br\/da\/wp-json\/wp\/v2\/product\/94137","targetHints":{"allow":["GET"]}}],"collection":[{"href":"https:\/\/www.ecommerceupdate.com.br\/da\/wp-json\/wp\/v2\/product"}],"about":[{"href":"https:\/\/www.ecommerceupdate.com.br\/da\/wp-json\/wp\/v2\/types\/product"}],"replies":[{"embeddable":true,"href":"https:\/\/www.ecommerceupdate.com.br\/da\/wp-json\/wp\/v2\/comments?post=94137"}],"wp:attachment":[{"href":"https:\/\/www.ecommerceupdate.com.br\/da\/wp-json\/wp\/v2\/media?parent=94137"}],"wp:term":[{"taxonomy":"product_cat","embeddable":true,"href":"https:\/\/www.ecommerceupdate.com.br\/da\/wp-json\/wp\/v2\/product_cat?post=94137"},{"taxonomy":"product_tag","embeddable":true,"href":"https:\/\/www.ecommerceupdate.com.br\/da\/wp-json\/wp\/v2\/product_tag?post=94137"}],"curies":[{"name":"wp","href":"https:\/\/api.w.org\/{rel}","templated":true}]}}