{"id":94288,"date":"2026-03-11T13:14:44","date_gmt":"2026-03-11T16:14:44","guid":{"rendered":"https:\/\/www.ecommerceupdate.com.br\/produto\/gestao-de-midias-sociais\/"},"modified":"2026-03-13T15:56:08","modified_gmt":"2026-03-13T18:56:08","slug":"gestao-de-midias-sociais","status":"publish","type":"product","link":"https:\/\/www.ecommerceupdate.com.br\/da\/produto\/gestao-de-midias-sociais\/","title":{"rendered":"Social media management"},"content":{"rendered":"<div class=\"woocommerce-product-details\">\n<h3>Produktdetal<\/h3>\n<ul>\n<li>Udgiver: InterSaberes<\/li>\n<li>Dato for offentligg\u00f8relse: 1 October 2017<\/li>\n<li>Udgave: 1<\/li>\n<li>Sprog: portugisisk<\/li>\n<li>Antal sider: 284 sider<\/li>\n<li>ISBN-10:8559725261<\/li>\n<li>ISBN-13:978-8559725261<\/li>\n<li>Produktv\u00e6gt: 320g<\/li>\n<li>M\u00e5l: 21 x 14,2 x 1,6 cm<\/li>\n<li>Tops\u00e6lgere Rangering: Nr. 90.944 i b\u00f8ger (M\u00f8d top 100 i kategorien b\u00f8ger) Nr. 1.847 i Sociologiopslagsb\u00f8ger<\/li>\n<li>1.847 i opslagsb\u00f8ger om sociologi<\/li>\n<li>Kundeanmeldelser: 3,6 3,6 ud af 5 stjerner (10)<\/li>\n<\/ul><\/div>","protected":false},"excerpt":{"rendered":"<p>Ud over at holde ekstremt opm\u00e6rksomme p\u00e5 fremkomsten af nye tendenser, den professionelle, der arbejder med sociale medier har brug for at tilpasse sig hurtigt til de konstante \u00e6ndringer i de krav og interesser deres m\u00e5lgruppe.For at hj\u00e6lpe med at identificere og udvikle de v\u00e6sentlige attributter for at arbejde med social media management, i dette arbejde vil vi udforske de vigtigste teorier og begreber, der underst\u00f8tter unders\u00f8gelser p\u00e5 dette omr\u00e5de og vise, p\u00e5 en konkret og anvendt m\u00e5de, alt hvad du beh\u00f8ver at vide for at udvikle en social media management plan.<\/p>","protected":false},"featured_media":94288,"comment_status":"open","ping_status":"closed","template":"","meta":[],"product_cat":[1638,1595,1637],"product_tag":[],"class_list":{"0":"post-94288","1":"product","2":"type-product","3":"status-publish","4":"has-post-thumbnail","6":"product_brand-edicao-portugus-por-camila-gino-almeida-costa-autor","7":"product_cat-ciencias-sociais","8":"product_cat-livros","9":"product_cat-politica-filosofia-e-ciencias-sociais","11":"first","12":"instock","13":"sale","14":"shipping-taxable","15":"purchasable","16":"product-type-simple"},"aioseo_notices":[],"_links":{"self":[{"href":"https:\/\/www.ecommerceupdate.com.br\/da\/wp-json\/wp\/v2\/product\/94288","targetHints":{"allow":["GET"]}}],"collection":[{"href":"https:\/\/www.ecommerceupdate.com.br\/da\/wp-json\/wp\/v2\/product"}],"about":[{"href":"https:\/\/www.ecommerceupdate.com.br\/da\/wp-json\/wp\/v2\/types\/product"}],"replies":[{"embeddable":true,"href":"https:\/\/www.ecommerceupdate.com.br\/da\/wp-json\/wp\/v2\/comments?post=94288"}],"wp:featuredmedia":[{"embeddable":true,"href":"https:\/\/www.ecommerceupdate.com.br\/da\/wp-json\/wp\/v2\/product\/94288"}],"wp:attachment":[{"href":"https:\/\/www.ecommerceupdate.com.br\/da\/wp-json\/wp\/v2\/media?parent=94288"}],"wp:term":[{"taxonomy":"product_cat","embeddable":true,"href":"https:\/\/www.ecommerceupdate.com.br\/da\/wp-json\/wp\/v2\/product_cat?post=94288"},{"taxonomy":"product_tag","embeddable":true,"href":"https:\/\/www.ecommerceupdate.com.br\/da\/wp-json\/wp\/v2\/product_tag?post=94288"}],"curies":[{"name":"wp","href":"https:\/\/api.w.org\/{rel}","templated":true}]}}