{"id":94371,"date":"2026-03-12T13:46:47","date_gmt":"2026-03-12T16:46:47","guid":{"rendered":"https:\/\/www.ecommerceupdate.com.br\/produto\/manual-do-ecommerce-para-lojas-fisicas\/"},"modified":"2026-05-03T12:14:23","modified_gmt":"2026-05-03T15:14:23","slug":"manual-do-ecommerce-para-lojas-fisicas","status":"publish","type":"product","link":"https:\/\/www.ecommerceupdate.com.br\/da\/produto\/manual-do-ecommerce-para-lojas-fisicas\/","title":{"rendered":"E-handelsmanual til fysiske butikker"},"content":{"rendered":"<div class=\"woocommerce-product-details\">\n<h3>Produktdetal<\/h3>\n<ul>\n<li>ASIN: B0DNBQV438<\/li>\n<li>Tilg\u00e6ngelighed: L\u00e6r mere<\/li>\n<li>Dato for offentligg\u00f8relse: 31 January 2025<\/li>\n<li>Udgave: 1<\/li>\n<li>Sprog: portugisisk<\/li>\n<li>Filst\u00f8rrelse: 2.8 MB<\/li>\n<li>Sk\u00e6rml\u00e6ser: Kompatibel<\/li>\n<li>Skrifttypekonfiguration: Aktiveret<\/li>\n<li>Ordforr\u00e5d Tips: Ikke aktiveret<\/li>\n<li>Antal sider: 154 sider<\/li>\n<li>Sidevending: Aktiveret<\/li>\n<li>Top Sellers ranking: No 390,394 in Kindle Store (Meet the Top 100 in Kindle Store category) No 5,111 in Computing, internet and digital media No 14,583 in Business and Economics<\/li>\n<li>5.111 i Computing, Internet og digitale medier<\/li>\n<li>14.583 i Erhverv og \u00d8konomi<\/li>\n<\/ul><\/div>","protected":false},"excerpt":{"rendered":"<p>Boost dit salg ved at integrere den fysiske butik med ecommerce, med en praktisk vejledning, der g\u00f8r in-person kunder til online shoppere. Kindle format til r\u00e5dighed for hurtig og overkommelig l\u00e6sning, s\u00e5 du kan anvende strategierne i manualen p\u00e5 enhver enhed. Skrevet af Emerson Duarte og prissat til bare R$ 39.90, denne bog lover at g\u00f8re trafik til indt\u00e6gter og lade dig klar til at s\u00e6lge mere.<\/p>","protected":false},"featured_media":0,"comment_status":"open","ping_status":"closed","template":"","meta":[],"product_cat":[1611,1608,1607],"product_tag":[2470,2472,2471],"class_list":{"0":"post-94371","1":"product","2":"type-product","3":"status-publish","4":"product_brand-por-emerson-duarte-autor-formato-ebook-kindle","5":"product_cat-administracao-negocios-e-economia","6":"product_cat-ebooks-kindle","7":"product_cat-loja-kindle","8":"product_tag-ebook-kindle-ecommerce-lojas-fisicas-passo-a-passo","9":"product_tag-emerson-duarte-ecommerce-livro-digital-lojas-fisicas","10":"product_tag-manual-ecommerce-lojas-fisicas-estrategias-de-venda","12":"first","13":"instock","14":"shipping-taxable","15":"purchasable","16":"product-type-simple"},"aioseo_notices":[],"_links":{"self":[{"href":"https:\/\/www.ecommerceupdate.com.br\/da\/wp-json\/wp\/v2\/product\/94371","targetHints":{"allow":["GET"]}}],"collection":[{"href":"https:\/\/www.ecommerceupdate.com.br\/da\/wp-json\/wp\/v2\/product"}],"about":[{"href":"https:\/\/www.ecommerceupdate.com.br\/da\/wp-json\/wp\/v2\/types\/product"}],"replies":[{"embeddable":true,"href":"https:\/\/www.ecommerceupdate.com.br\/da\/wp-json\/wp\/v2\/comments?post=94371"}],"wp:attachment":[{"href":"https:\/\/www.ecommerceupdate.com.br\/da\/wp-json\/wp\/v2\/media?parent=94371"}],"wp:term":[{"taxonomy":"product_cat","embeddable":true,"href":"https:\/\/www.ecommerceupdate.com.br\/da\/wp-json\/wp\/v2\/product_cat?post=94371"},{"taxonomy":"product_tag","embeddable":true,"href":"https:\/\/www.ecommerceupdate.com.br\/da\/wp-json\/wp\/v2\/product_tag?post=94371"}],"curies":[{"name":"wp","href":"https:\/\/api.w.org\/{rel}","templated":true}]}}