{"id":94416,"date":"2026-03-13T09:14:46","date_gmt":"2026-03-13T12:14:46","guid":{"rendered":"https:\/\/www.ecommerceupdate.com.br\/produto\/carregador-compativel-kindl-e-11a-geracao-usb-c-ultra-rapido-bivolt-leve-compacto-eficiente-ideal-para-leitura-sem-pausas\/"},"modified":"2026-03-13T16:02:22","modified_gmt":"2026-03-13T19:02:22","slug":"carregador-compativel-kindl-e-11a-geracao-usb-c-ultra-rapido-bivolt-leve-compacto-eficiente-ideal-para-leitura-sem-pausas","status":"publish","type":"product","link":"https:\/\/www.ecommerceupdate.com.br\/da\/produto\/carregador-compativel-kindl-e-11a-geracao-usb-c-ultra-rapido-bivolt-leve-compacto-eficiente-ideal-para-leitura-sem-pausas\/","title":{"rendered":"Kompatibel oplader Kindl-e 11. generation USB-C Ultra Fast &amp; Bivolt Letv\u00e6gts Kompakt Effektiv Ideel Til Pausefri l\u00e6sning"},"content":{"rendered":"<div class=\"woocommerce-product-details\">\n<h3>Produktbeskrivelse<\/h3>\n<p>Kompatibel med Kindl-e-modeller fra 11. generation og frem, herunder Kindl-e Paperwhite (11. generation), Kindl-e 2022 (11. generation) og Kindl-e Scribe. Ideel til enheder med USB-C-indgang, der sikrer moderne, hurtig og effektiv opladning.<\/p>\n<p>Denne ultrahurtige oplader leverer str\u00f8m sikkert og stabilt, har automatisk bivoltteknologi og kompakt design.Perfect til kr\u00e6vende l\u00e6sere, der \u00f8nsker at holde deres Kindl-e altid klar til lange l\u00e6sesessioner, hjemme eller p\u00e5 farten.<\/p>\n<p>Du skal blot slutte det kompatible USB-C-kabel til Kindl-e og kilden i socket.Det intelligente system justerer str\u00f8mmen automatisk, beskytter din enhed, samtidig med at det tilbyder maksimal opladningsydelse.<\/p>\n<p>F&aring; din Kindl-kompatible og USB-C oplader nu og f&aring; mere frihed til at l&aelig;se, hvor og n&aring;r du vil, uden afbrydelser! &lt;\/p&gt;<\/p>\n<table id=\"productDetails_techSpec_section_1\" class=\"a-keyvalue prodDetTable\">\n<tr>\n<th class=\"a-color-secondary a-size-base prodDetSectionEntry\"> Brand <\/th>\n<td class=\"a-size-base prodDetAttrValue\"> La Casa Smart <\/td>\n<\/tr>\n<tr>\n<th class=\"a-color-secondary a-size-base prodDetSectionEntry\"> Producent <\/th>\n<td class=\"a-size-base prodDetAttrValue\"> LCS <\/td>\n<\/tr>\n<tr>\n<th class=\"a-color-secondary a-size-base prodDetSectionEntry\"> Certificering <\/th>\n<td class=\"a-size-base prodDetAttrValue\"> Ikke relevant <\/td>\n<\/tr>\n<tr>\n<th class=\"a-color-secondary a-size-base prodDetSectionEntry\"> Kompatible apparater <\/th>\n<td class=\"a-size-base prodDetAttrValue\"> E-bogsl\u00e6sere <\/td>\n<\/tr>\n<tr>\n<th class=\"a-color-secondary a-size-base prodDetSectionEntry\"> S\u00e6rlige kendetegn <\/th>\n<td class=\"a-size-base prodDetAttrValue\"> Hurtig opladning, Letv\u00e6gtsdesign <\/td>\n<\/tr>\n<tr>\n<th class=\"a-color-secondary a-size-base prodDetSectionEntry\"> Monteringsdele <\/th>\n<td class=\"a-size-base prodDetAttrValue\"> Cape <\/td>\n<\/tr>\n<tr>\n<th class=\"a-color-secondary a-size-base prodDetSectionEntry\"> Antal enheder <\/th>\n<td class=\"a-size-base prodDetAttrValue\"> 1 <\/td>\n<\/tr>\n<tr>\n<th class=\"a-color-secondary a-size-base prodDetSectionEntry\"> Nationalt energieffektivitetsm\u00e6rke (ENCE) <\/th>\n<td class=\"a-size-base prodDetAttrValue\"> A+ <\/td>\n<\/tr>\n<tr>\n<th class=\"a-color-secondary a-size-base prodDetSectionEntry\"> Str\u00f8mkildetype <\/th>\n<td class=\"a-size-base prodDetAttrValue\"> AC\/DC <\/td>\n<\/tr>\n<tr>\n<th class=\"a-color-secondary a-size-base prodDetSectionEntry\"> Arbejder med batterier <\/th>\n<td class=\"a-size-base prodDetAttrValue\"> No <\/td>\n<\/tr>\n<tr>\n<th class=\"a-color-secondary a-size-base prodDetSectionEntry\"> Samlede USB-indgange <\/th>\n<td class=\"a-size-base prodDetAttrValue\"> 1 <\/td>\n<\/tr>\n<tr>\n<th class=\"a-color-secondary a-size-base prodDetSectionEntry\"> Forbindelsesteknologi <\/th>\n<td class=\"a-size-base prodDetAttrValue\"> USB <\/td>\n<\/tr>\n<tr>\n<th class=\"a-color-secondary a-size-base prodDetSectionEntry\"> Color <\/th>\n<td class=\"a-size-base prodDetAttrValue\"> Sort eller hvid <\/td>\n<\/tr>\n<tr>\n<th class=\"a-color-secondary a-size-base prodDetSectionEntry\"> Tilsvarende farve <\/th>\n<td class=\"a-size-base prodDetAttrValue\"> Sort eller hvid <\/td>\n<\/tr>\n<tr>\n<th class=\"a-color-secondary a-size-base prodDetSectionEntry\"> Forbindelser <\/th>\n<td class=\"a-size-base prodDetAttrValue\"> USB <\/td>\n<\/tr>\n<tr>\n<th class=\"a-color-secondary a-size-base prodDetSectionEntry\"> Maksimal br\u00e6ndvidde <\/th>\n<td class=\"a-size-base prodDetAttrValue\"> USB type C <\/td>\n<\/tr>\n<tr>\n<th class=\"a-color-secondary a-size-base prodDetSectionEntry\"> Producentgaranti <\/th>\n<td class=\"a-size-base prodDetAttrValue\"> 30 Dage <\/td>\n<\/tr>\n<tr>\n<th class=\"a-color-secondary a-size-base prodDetSectionEntry\"> Produktv\u00e6gt <\/th>\n<td class=\"a-size-base prodDetAttrValue\"> 120 G <\/td>\n<\/tr>\n<tr>\n<th class=\"a-color-secondary a-size-base prodDetSectionEntry\"> Emballagedimensioner <\/th>\n<td class=\"a-size-base prodDetAttrValue\"> 10,8 X 9,3 x 7,1 cm; 120g <\/td>\n<\/tr>\n<\/table><\/div>","protected":false},"excerpt":{"rendered":"<ul>\n<li> Indeholder: 1 Oplader Til Kindl-e 11a Type C  <\/li>\n<li> Sp\u00e6nding: Bivolt 110V\/220V  <\/li>\n<li> St\u00f8rrelse: 1 Meter kabel kompatibel med Kindl-e 11. generation  <\/li>\n<li> Farve: Hvid eller sort. Som pr tilg\u00e6ngelighed.  <\/li>\n<li> Kompatibilitet: Kindl-e 11. generation inklusive Paperwhite input type C  <\/li>\n<li> Advarsel: Ikke kompatibel Kindl-e gammel med Micro USB-indgang  <\/li>\n<li> Produkt svarende til Amazon Kindl-e oplader  <\/li>\n<\/ul>","protected":false},"featured_media":94416,"comment_status":"open","ping_status":"closed","template":"","meta":[],"product_cat":[1901,1900],"product_tag":[],"class_list":{"0":"post-94416","1":"product","2":"type-product","3":"status-publish","4":"has-post-thumbnail","6":"product_brand-visite-a-loja-la-casa-smart","7":"product_cat-e-readers-e-acessorios","8":"product_cat-eletronicos-e-tecnologia","10":"first","11":"instock","12":"sale","13":"shipping-taxable","14":"purchasable","15":"product-type-simple"},"aioseo_notices":[],"_links":{"self":[{"href":"https:\/\/www.ecommerceupdate.com.br\/da\/wp-json\/wp\/v2\/product\/94416","targetHints":{"allow":["GET"]}}],"collection":[{"href":"https:\/\/www.ecommerceupdate.com.br\/da\/wp-json\/wp\/v2\/product"}],"about":[{"href":"https:\/\/www.ecommerceupdate.com.br\/da\/wp-json\/wp\/v2\/types\/product"}],"replies":[{"embeddable":true,"href":"https:\/\/www.ecommerceupdate.com.br\/da\/wp-json\/wp\/v2\/comments?post=94416"}],"wp:featuredmedia":[{"embeddable":true,"href":"https:\/\/www.ecommerceupdate.com.br\/da\/wp-json\/wp\/v2\/product\/94416"}],"wp:attachment":[{"href":"https:\/\/www.ecommerceupdate.com.br\/da\/wp-json\/wp\/v2\/media?parent=94416"}],"wp:term":[{"taxonomy":"product_cat","embeddable":true,"href":"https:\/\/www.ecommerceupdate.com.br\/da\/wp-json\/wp\/v2\/product_cat?post=94416"},{"taxonomy":"product_tag","embeddable":true,"href":"https:\/\/www.ecommerceupdate.com.br\/da\/wp-json\/wp\/v2\/product_tag?post=94416"}],"curies":[{"name":"wp","href":"https:\/\/api.w.org\/{rel}","templated":true}]}}