{"id":94504,"date":"2026-03-15T14:20:58","date_gmt":"2026-03-15T17:20:58","guid":{"rendered":"https:\/\/www.ecommerceupdate.com.br\/produto\/crie-seu-e-commerce-sua-loja-virtual-um-canal-de-vendas-poderoso-on-line-e-aberto-24h\/"},"modified":"2026-05-03T11:58:27","modified_gmt":"2026-05-03T14:58:27","slug":"crie-seu-e-commerce-sua-loja-virtual-um-canal-de-vendas-poderoso-on-line-e-aberto-24h","status":"publish","type":"product","link":"https:\/\/www.ecommerceupdate.com.br\/da\/produto\/crie-seu-e-commerce-sua-loja-virtual-um-canal-de-vendas-poderoso-on-line-e-aberto-24h\/","title":{"rendered":"Opret din E-Commerce, Din Online Store: En kraftfuld, online og \u00e5ben 24h salgskanal"},"content":{"rendered":"<div class=\"woocommerce-product-details\"><\/div>","protected":false},"excerpt":{"rendered":"<p>Maksimer dit salg med en e-handel kanal, der arbejder 24 timer i d\u00f8gnet, uden interruptions.This praktisk vejledning, ved Sergio Ladeia, l\u00e6rer dig trin for trin, hvordan du opretter din online butik og anvende Management, Business og Economy strategier, pr\u00e6senteret i Kindle eBook format. F\u00e5s af R$ 24.99.<\/p>","protected":false},"featured_media":94504,"comment_status":"open","ping_status":"closed","template":"","meta":[],"product_cat":[1611,1613,1595],"product_tag":[2387,2087,2388],"class_list":{"0":"post-94504","1":"product","2":"type-product","3":"status-publish","4":"has-post-thumbnail","5":"product_brand-por-srgio-ladeia-autor-formato-ebook-kindle","6":"product_cat-administracao-negocios-e-economia","7":"product_cat-industrias-e-profissoes","8":"product_cat-livros","9":"product_tag-criar-ecommerce-loja-online","10":"product_tag-ebook-kindle-loja-virtual-24h","11":"product_tag-vendas-online-24h","13":"first","14":"instock","15":"shipping-taxable","16":"purchasable","17":"product-type-simple"},"aioseo_notices":[],"_links":{"self":[{"href":"https:\/\/www.ecommerceupdate.com.br\/da\/wp-json\/wp\/v2\/product\/94504","targetHints":{"allow":["GET"]}}],"collection":[{"href":"https:\/\/www.ecommerceupdate.com.br\/da\/wp-json\/wp\/v2\/product"}],"about":[{"href":"https:\/\/www.ecommerceupdate.com.br\/da\/wp-json\/wp\/v2\/types\/product"}],"replies":[{"embeddable":true,"href":"https:\/\/www.ecommerceupdate.com.br\/da\/wp-json\/wp\/v2\/comments?post=94504"}],"wp:featuredmedia":[{"embeddable":true,"href":"https:\/\/www.ecommerceupdate.com.br\/da\/wp-json\/wp\/v2\/product\/94504"}],"wp:attachment":[{"href":"https:\/\/www.ecommerceupdate.com.br\/da\/wp-json\/wp\/v2\/media?parent=94504"}],"wp:term":[{"taxonomy":"product_cat","embeddable":true,"href":"https:\/\/www.ecommerceupdate.com.br\/da\/wp-json\/wp\/v2\/product_cat?post=94504"},{"taxonomy":"product_tag","embeddable":true,"href":"https:\/\/www.ecommerceupdate.com.br\/da\/wp-json\/wp\/v2\/product_tag?post=94504"}],"curies":[{"name":"wp","href":"https:\/\/api.w.org\/{rel}","templated":true}]}}