{"id":94511,"date":"2026-03-15T16:43:28","date_gmt":"2026-03-15T19:43:28","guid":{"rendered":"https:\/\/www.ecommerceupdate.com.br\/produto\/wordpress-descomplicado-do-basico-ao-e-commerce\/"},"modified":"2026-03-24T19:48:49","modified_gmt":"2026-03-24T22:48:49","slug":"wordpress-descomplicado-do-basico-ao-e-commerce","status":"publish","type":"product","link":"https:\/\/www.ecommerceupdate.com.br\/da\/produto\/wordpress-descomplicado-do-basico-ao-e-commerce\/","title":{"rendered":"WordPress Ukompliceret: Fra grundl\u00e6ggende til e-handel"},"content":{"rendered":"<div class=\"woocommerce-product-details\">\n<h3>Produktdetal<\/h3>\n<ul>\n<li>ASIN: B08C35YMMJ<\/li>\n<li>Tilg\u00e6ngelighed: L\u00e6r mere<\/li>\n<li>Dato for offentligg\u00f8relse: 29 June 2020<\/li>\n<li>Udgave: 1<\/li>\n<li>Sprog: portugisisk<\/li>\n<li>Filst\u00f8rrelse: 21.3 MB<\/li>\n<li>Sk\u00e6rml\u00e6ser: Kompatibel<\/li>\n<li>Skrifttypekonfiguration: Aktiveret<\/li>\n<li>Ordforr\u00e5d Tips: Ikke aktiveret<\/li>\n<li>Antal sider: 50 sider<\/li>\n<li>Sidevending: Aktiveret<\/li>\n<li>Top Sellers Ranking: No 237,191 in Kindle Store (Meet the Top 100 in Kindle Store category) No 14 in Oracle Databases No 3,115 in Computing, internet and digital media<\/li>\n<li>14 I Oracle Databaser<\/li>\n<li>3.115 i Computing, Internet og digitale medier<\/li>\n<li>Kundeanmeldelser: 3,4 3,4 ud af 5 stjerner (7)<\/li>\n<\/ul><\/div>","protected":false},"excerpt":{"rendered":"<p>WordPress er et gratis indholdsstyringssystem til internettet, dette er det mest anvendte i verden. Populariseringen af wordpress skyldes hovedsageligt dets brugervenlighed, alsidighed og mangfoldighed af projekter, der kan udvikles gennem det. Flere virksomheder og mennesker bruger WordPress til at udvikle deres personlige sider, forretningssider, magasiner, portef\u00f8ljer, administrerede projekter, eventplanl\u00e6gger og endda e-handelsprodukter og -tjenester p\u00e5 grund af dets evne til at udvide med plugins og varierede temaer. I dette arbejde f\u00f8lger trinene til, hvordan man starter med WordPress, startende som en simpel sideudvikling, vil i kurset blive vist, hvordan man tilpasser p\u00e5 en mere professionel m\u00e5de og i slutningen udviklingen af en elektronisk butik.<\/p>","protected":false},"featured_media":0,"comment_status":"open","ping_status":"closed","template":"","meta":[],"product_cat":[1691,1641,1595],"product_tag":[],"class_list":{"0":"post-94511","1":"product","2":"type-product","3":"status-publish","5":"product_brand-por-luiz-gallerani-autor-formato-ebook-kindle","6":"product_cat-base-de-dados","7":"product_cat-computacao-informatica-e-midias-digitais","8":"product_cat-livros","10":"first","11":"instock","12":"shipping-taxable","13":"purchasable","14":"product-type-simple"},"aioseo_notices":[],"_links":{"self":[{"href":"https:\/\/www.ecommerceupdate.com.br\/da\/wp-json\/wp\/v2\/product\/94511","targetHints":{"allow":["GET"]}}],"collection":[{"href":"https:\/\/www.ecommerceupdate.com.br\/da\/wp-json\/wp\/v2\/product"}],"about":[{"href":"https:\/\/www.ecommerceupdate.com.br\/da\/wp-json\/wp\/v2\/types\/product"}],"replies":[{"embeddable":true,"href":"https:\/\/www.ecommerceupdate.com.br\/da\/wp-json\/wp\/v2\/comments?post=94511"}],"wp:attachment":[{"href":"https:\/\/www.ecommerceupdate.com.br\/da\/wp-json\/wp\/v2\/media?parent=94511"}],"wp:term":[{"taxonomy":"product_cat","embeddable":true,"href":"https:\/\/www.ecommerceupdate.com.br\/da\/wp-json\/wp\/v2\/product_cat?post=94511"},{"taxonomy":"product_tag","embeddable":true,"href":"https:\/\/www.ecommerceupdate.com.br\/da\/wp-json\/wp\/v2\/product_tag?post=94511"}],"curies":[{"name":"wp","href":"https:\/\/api.w.org\/{rel}","templated":true}]}}