{"id":91930,"date":"2026-02-16T05:15:57","date_gmt":"2026-02-16T08:15:57","guid":{"rendered":"https:\/\/www.ecommerceupdate.org\/events-with-calendar-list-pro\/"},"modified":"2026-02-16T05:15:57","modified_gmt":"2026-02-16T08:15:57","slug":"events-with-calendar-list-pro","status":"publish","type":"page","link":"https:\/\/www.ecommerceupdate.com.br\/de\/events-with-calendar-list-pro\/","title":{"rendered":"Veranstaltungen-mit-kalender-liste-pro"},"content":{"rendered":"<div class='etn-row etn-event-wrapper'>\n        <div class=\"etn-col-md-6 etn-col-lg-20\">\n        <div class=\"etn-event-item\">\n            <!-- thumbnail -->\n            <div class=\"etn-event-thumb\">\n                                    <a\n                        href=\"https:\/\/www.ecommerceupdate.com.br\/de\/etn\/vtex-day-2026\/\"\n                        aria-label=\"Veranstaltungen-mit-kalender-liste-pro\"\n                    >\n                        <img decoding=\"async\" src=\"https:\/\/www.ecommerceupdate.com.br\/wp-content\/uploads\/2025\/01\/microfone.jpg\" alt=\"Bild\">\n                    <\/a>\n                \n                <div class=\"etn-event-category\">\n                    <span>E-Commerce<\/span> <span>Gesch\u00e4ft<\/span>                 <\/div>\n                            <\/div>\n            <!-- thumbnail start-->\n\n            <!-- content start-->\n            <div class=\"etn-event-content\">\n                                                            <div class=\"etn-event-location\">\n                            <i class=\"etn-icon etn-location\"><\/i>\n                            Sao Paulo                        <\/div>\n                    \n                \n                <h3 class=\"etn-title etn-event-title\"><a href=\"https:\/\/www.ecommerceupdate.com.br\/de\/etn\/vtex-day-2026\/\">\n                    VTEX-Tag 2026<\/a>\n                <\/h3>\n                                    <p>\n                        VTEX DAY gilt als das gr\u00f6\u00dfte und wichtigste Digital-Commerce-Event der Welt und gibt die Termine seiner Ausgabe bekannt                    <\/p>\n                \n                <div class=\"etn-event-footer\">\n                    <div class=\"etn-event-date\">\n                        \t\t\t<span>\n\t\t\t\t<i class=\"etn-icon etn-calendar\"><\/i>\n\t\t\t\t16\/04\/2026\t\t\t<\/span>\n\t\t                    <\/div>\n                    <div class=\"etn-atend-btn\">\n                                                <a href=\"#\"  class=\"etn-btn etn-btn-border etn-event-expired\">Expired! <\/a>\n                                            <\/div>\n                <\/div>\n            <\/div>\n                        <!-- content end-->\n        <\/div>\n        <!-- etn event item end-->\n    <\/div>\n        <div class=\"etn-col-md-6 etn-col-lg-20\">\n        <div class=\"etn-event-item\">\n            <!-- thumbnail -->\n            <div class=\"etn-event-thumb\">\n                                    <a\n                        href=\"https:\/\/www.ecommerceupdate.com.br\/de\/etn\/sbc-summit-rio\/\"\n                        aria-label=\"Veranstaltungen-mit-kalender-liste-pro\"\n                    >\n                        <img decoding=\"async\" src=\"https:\/\/www.ecommerceupdate.com.br\/wp-content\/uploads\/2024\/07\/microfone.jpg\" alt=\"Bild\">\n                    <\/a>\n                \n                <div class=\"etn-event-category\">\n                    <span>Gesch\u00e4ft<\/span>                 <\/div>\n                            <\/div>\n            <!-- thumbnail start-->\n\n            <!-- content start-->\n            <div class=\"etn-event-content\">\n                                                            <div class=\"etn-event-location\">\n                            <i class=\"etn-icon etn-location\"><\/i>\n                            Rio de Janeiro                        <\/div>\n                    \n                \n                <h3 class=\"etn-title etn-event-title\"><a href=\"https:\/\/www.ecommerceupdate.com.br\/de\/etn\/sbc-summit-rio\/\">\n                    SBC-Gipfel Rio<\/a>\n                <\/h3>\n                                    <p>\n                        Der brasilianische Wett- und Gl\u00fccksspielmarkt erlebt seinen gr\u00f6\u00dften Transformationsmoment und der SBC Summit Rio wird konsolidiert                    <\/p>\n                \n                <div class=\"etn-event-footer\">\n                    <div class=\"etn-event-date\">\n                        \t\t\t<span>\n\t\t\t\t<i class=\"etn-icon etn-calendar\"><\/i>\n\t\t\t\t03\/03\/2026\t\t\t<\/span>\n\t\t                    <\/div>\n                    <div class=\"etn-atend-btn\">\n                                                <a href=\"#\"  class=\"etn-btn etn-btn-border etn-event-expired\">Expired! <\/a>\n                                            <\/div>\n                <\/div>\n            <\/div>\n                        <!-- content end-->\n        <\/div>\n        <!-- etn event item end-->\n    <\/div>\n        <div class=\"etn-col-md-6 etn-col-lg-20\">\n        <div class=\"etn-event-item\">\n            <!-- thumbnail -->\n            <div class=\"etn-event-thumb\">\n                                    <a\n                        href=\"https:\/\/www.ecommerceupdate.com.br\/de\/etn\/hotmart-fire-2026\/\"\n                        aria-label=\"Veranstaltungen-mit-kalender-liste-pro\"\n                    >\n                        <img decoding=\"async\" src=\"https:\/\/www.ecommerceupdate.com.br\/wp-content\/uploads\/2025\/05\/microfone-9.jpeg\" alt=\"Bild\">\n                    <\/a>\n                \n                <div class=\"etn-event-category\">\n                    <span>Gesch\u00e4ft<\/span>                 <\/div>\n                            <\/div>\n            <!-- thumbnail start-->\n\n            <!-- content start-->\n            <div class=\"etn-event-content\">\n                                                            <div class=\"etn-event-location\">\n                            <i class=\"etn-icon etn-location\"><\/i>\n                            Belo Horizonte                        <\/div>\n                    \n                \n                <h3 class=\"etn-title etn-event-title\"><a href=\"https:\/\/www.ecommerceupdate.com.br\/de\/etn\/hotmart-fire-2026\/\">\n                    Hotmart FIRE 2026 Hotel<\/a>\n                <\/h3>\n                                    <p>\n                        Das \u00d6kosystem des digitalen Marktes hat bereits einen Termin und Ort f\u00fcr sein gr\u00f6\u00dftes Jahrestreffen Hotmart hat gerade                    <\/p>\n                \n                <div class=\"etn-event-footer\">\n                    <div class=\"etn-event-date\">\n                        \t\t\t<span>\n\t\t\t\t<i class=\"etn-icon etn-calendar\"><\/i>\n\t\t\t\t10\/09\/2026\t\t\t<\/span>\n\t\t                    <\/div>\n                    <div class=\"etn-atend-btn\">\n                                                <a href=\"https:\/\/www.ecommerceupdate.com.br\/de\/etn\/hotmart-fire-2026\/\" class=\"etn-btn etn-btn-border\"\n                            title=\"Hotmart FIRE 2026 Hotel\">Attend                            <i class=\"etn-icon etm-arrow-right\"><\/i><\/a>\n                                            <\/div>\n                <\/div>\n            <\/div>\n                        <!-- content end-->\n        <\/div>\n        <!-- etn event item end-->\n    <\/div>\n        <div class=\"etn-col-md-6 etn-col-lg-20\">\n        <div class=\"etn-event-item\">\n            <!-- thumbnail -->\n            <div class=\"etn-event-thumb\">\n                                    <a\n                        href=\"https:\/\/www.ecommerceupdate.com.br\/de\/etn\/gramado-summit-2026\/\"\n                        aria-label=\"Veranstaltungen-mit-kalender-liste-pro\"\n                    >\n                        <img decoding=\"async\" src=\"https:\/\/www.ecommerceupdate.com.br\/wp-content\/uploads\/2024\/08\/microfone-9.jpg\" alt=\"Bild\">\n                    <\/a>\n                \n                <div class=\"etn-event-category\">\n                    <span>E-Commerce<\/span> <span>Gesch\u00e4ft<\/span>                 <\/div>\n                            <\/div>\n            <!-- thumbnail start-->\n\n            <!-- content start-->\n            <div class=\"etn-event-content\">\n                                                            <div class=\"etn-event-location\">\n                            <i class=\"etn-icon etn-location\"><\/i>\n                            Rasen                        <\/div>\n                    \n                \n                <h3 class=\"etn-title etn-event-title\"><a href=\"https:\/\/www.ecommerceupdate.com.br\/de\/etn\/gramado-summit-2026\/\">\n                    Gramado-Gipfel 2026<\/a>\n                <\/h3>\n                                    <p>\n                        In einer Welt, die sich zunehmend auf die digitale Ebene beschleunigt, k\u00fcndigt Gramado Summit seine Ausgabe an                    <\/p>\n                \n                <div class=\"etn-event-footer\">\n                    <div class=\"etn-event-date\">\n                        \t\t\t<span>\n\t\t\t\t<i class=\"etn-icon etn-calendar\"><\/i>\n\t\t\t\t06\/05\/2026\t\t\t<\/span>\n\t\t                    <\/div>\n                    <div class=\"etn-atend-btn\">\n                                                <a href=\"https:\/\/www.ecommerceupdate.com.br\/de\/etn\/gramado-summit-2026\/\" class=\"etn-btn etn-btn-border\"\n                            title=\"Gramado-Gipfel 2026\">Attend                            <i class=\"etn-icon etm-arrow-right\"><\/i><\/a>\n                                            <\/div>\n                <\/div>\n            <\/div>\n                        <!-- content end-->\n        <\/div>\n        <!-- etn event item end-->\n    <\/div>\n        <div class=\"etn-col-md-6 etn-col-lg-20\">\n        <div class=\"etn-event-item\">\n            <!-- thumbnail -->\n            <div class=\"etn-event-thumb\">\n                                    <a\n                        href=\"https:\/\/www.ecommerceupdate.com.br\/de\/etn\/ecommerce-connect-2026\/\"\n                        aria-label=\"Veranstaltungen-mit-kalender-liste-pro\"\n                    >\n                        <img decoding=\"async\" src=\"https:\/\/www.ecommerceupdate.com.br\/wp-content\/uploads\/2025\/05\/microfone-5.jpeg\" alt=\"Bild\">\n                    <\/a>\n                \n                <div class=\"etn-event-category\">\n                    <span>E-Commerce<\/span> <span>Gesch\u00e4ft<\/span>                 <\/div>\n                            <\/div>\n            <!-- thumbnail start-->\n\n            <!-- content start-->\n            <div class=\"etn-event-content\">\n                                                            <div class=\"etn-event-location\">\n                            <i class=\"etn-icon etn-location\"><\/i>\n                            Sao Paulo                        <\/div>\n                    \n                \n                <h3 class=\"etn-title etn-event-title\"><a href=\"https:\/\/www.ecommerceupdate.com.br\/de\/etn\/ecommerce-connect-2026\/\">\n                    Ecommerce Connect 2026<\/a>\n                <\/h3>\n                                    <p>\n                        Der digitale Markt entwickelt sich weiterhin rasant weiter und es ist mittlerweile gelungen, die richtigen L\u00f6sungen zu finden, um das Wachstum des Online-Handels voranzutreiben                    <\/p>\n                \n                <div class=\"etn-event-footer\">\n                    <div class=\"etn-event-date\">\n                        \t\t\t<span>\n\t\t\t\t<i class=\"etn-icon etn-calendar\"><\/i>\n\t\t\t\t04\/03\/2026\t\t\t<\/span>\n\t\t                    <\/div>\n                    <div class=\"etn-atend-btn\">\n                                                <a href=\"#\"  class=\"etn-btn etn-btn-border etn-event-expired\">Expired! <\/a>\n                                            <\/div>\n                <\/div>\n            <\/div>\n                        <!-- content end-->\n        <\/div>\n        <!-- etn event item end-->\n    <\/div>\n        <div class=\"etn-col-md-6 etn-col-lg-20\">\n        <div class=\"etn-event-item\">\n            <!-- thumbnail -->\n            <div class=\"etn-event-thumb\">\n                                    <a\n                        href=\"https:\/\/www.ecommerceupdate.com.br\/de\/etn\/ecom-summit-2026\/\"\n                        aria-label=\"Veranstaltungen-mit-kalender-liste-pro\"\n                    >\n                        <img decoding=\"async\" src=\"https:\/\/www.ecommerceupdate.com.br\/wp-content\/uploads\/2025\/05\/microfone-2.jpeg\" alt=\"Bild\">\n                    <\/a>\n                \n                <div class=\"etn-event-category\">\n                    <span>E-Commerce<\/span> <span>Gesch\u00e4ft<\/span>                 <\/div>\n                            <\/div>\n            <!-- thumbnail start-->\n\n            <!-- content start-->\n            <div class=\"etn-event-content\">\n                                                            <div class=\"etn-event-location\">\n                            <i class=\"etn-icon etn-location\"><\/i>\n                            Kongresszentrum Frei Caneca &amp; Sao Paulo, SP                        <\/div>\n                    \n                \n                <h3 class=\"etn-title etn-event-title\"><a href=\"https:\/\/www.ecommerceupdate.com.br\/de\/etn\/ecom-summit-2026\/\">\n                    Ecom-Gipfel 2026<\/a>\n                <\/h3>\n                                    <p>\n                        Da der E-Commerce-Markt st\u00e4ndig w\u00e4chst, k\u00fcndigt Ecom Summit seine 6. Ausgabe an und festigt sich als                    <\/p>\n                \n                <div class=\"etn-event-footer\">\n                    <div class=\"etn-event-date\">\n                        \t\t\t<span>\n\t\t\t\t<i class=\"etn-icon etn-calendar\"><\/i>\n\t\t\t\t26\/06\/2026\t\t\t<\/span>\n\t\t                    <\/div>\n                    <div class=\"etn-atend-btn\">\n                                                <a href=\"https:\/\/www.ecommerceupdate.com.br\/de\/etn\/ecom-summit-2026\/\" class=\"etn-btn etn-btn-border\"\n                            title=\"Ecom-Gipfel 2026\">Attend                            <i class=\"etn-icon etm-arrow-right\"><\/i><\/a>\n                                            <\/div>\n                <\/div>\n            <\/div>\n                        <!-- content end-->\n        <\/div>\n        <!-- etn event item end-->\n    <\/div>\n        <div class=\"etn-col-md-6 etn-col-lg-20\">\n        <div class=\"etn-event-item\">\n            <!-- thumbnail -->\n            <div class=\"etn-event-thumb\">\n                                    <a\n                        href=\"https:\/\/www.ecommerceupdate.com.br\/de\/etn\/afiliados-brasil-2026\/\"\n                        aria-label=\"Veranstaltungen-mit-kalender-liste-pro\"\n                    >\n                        <img decoding=\"async\" src=\"https:\/\/www.ecommerceupdate.com.br\/wp-content\/uploads\/2024\/07\/microfone-1.jpg\" alt=\"Bild\">\n                    <\/a>\n                \n                <div class=\"etn-event-category\">\n                    <span>E-Commerce<\/span> <span>Gesch\u00e4ft<\/span>                 <\/div>\n                            <\/div>\n            <!-- thumbnail start-->\n\n            <!-- content start-->\n            <div class=\"etn-event-content\">\n                                                            <div class=\"etn-event-location\">\n                            <i class=\"etn-icon etn-location\"><\/i>\n                            Kongresszentrum Frei Caneca (Rua Frei Caneca, 569 - 4., 5. und 6. Stock - Trost - Sao Paulo \/ SP                        <\/div>\n                    \n                \n                <h3 class=\"etn-title etn-event-title\"><a href=\"https:\/\/www.ecommerceupdate.com.br\/de\/etn\/afiliados-brasil-2026\/\">\n                    Tochtergesellschaften Brasilien 2026<\/a>\n                <\/h3>\n                                    <p>\n                        Affiliates Brazil, die wichtigste und gr\u00f6\u00dfte Affiliate-Marketing-Veranstaltung in Lateinamerika, k\u00fcndigt offiziell ihre Ausgabe an                    <\/p>\n                \n                <div class=\"etn-event-footer\">\n                    <div class=\"etn-event-date\">\n                        \t\t\t<span>\n\t\t\t\t<i class=\"etn-icon etn-calendar\"><\/i>\n\t\t\t\t28\/05\/2026\t\t\t<\/span>\n\t\t                    <\/div>\n                    <div class=\"etn-atend-btn\">\n                                                <a href=\"https:\/\/www.ecommerceupdate.com.br\/de\/etn\/afiliados-brasil-2026\/\" class=\"etn-btn etn-btn-border\"\n                            title=\"Tochtergesellschaften Brasilien 2026\">Attend                            <i class=\"etn-icon etm-arrow-right\"><\/i><\/a>\n                                            <\/div>\n                <\/div>\n            <\/div>\n                        <!-- content end-->\n        <\/div>\n        <!-- etn event item end-->\n    <\/div>\n    <\/div>","protected":false},"excerpt":{"rendered":"","protected":false},"author":1,"featured_media":0,"parent":0,"menu_order":0,"comment_status":"closed","ping_status":"closed","template":"","meta":{"footnotes":""},"class_list":["post-91930","page","type-page","status-publish"],"aioseo_notices":[],"_links":{"self":[{"href":"https:\/\/www.ecommerceupdate.com.br\/de\/wp-json\/wp\/v2\/pages\/91930","targetHints":{"allow":["GET"]}}],"collection":[{"href":"https:\/\/www.ecommerceupdate.com.br\/de\/wp-json\/wp\/v2\/pages"}],"about":[{"href":"https:\/\/www.ecommerceupdate.com.br\/de\/wp-json\/wp\/v2\/types\/page"}],"author":[{"embeddable":true,"href":"https:\/\/www.ecommerceupdate.com.br\/de\/wp-json\/wp\/v2\/users\/1"}],"replies":[{"embeddable":true,"href":"https:\/\/www.ecommerceupdate.com.br\/de\/wp-json\/wp\/v2\/comments?post=91930"}],"version-history":[{"count":0,"href":"https:\/\/www.ecommerceupdate.com.br\/de\/wp-json\/wp\/v2\/pages\/91930\/revisions"}],"wp:attachment":[{"href":"https:\/\/www.ecommerceupdate.com.br\/de\/wp-json\/wp\/v2\/media?parent=91930"}],"curies":[{"name":"Wp","href":"https:\/\/api.w.org\/{rel}","templated":true}]}}