{"id":91274,"date":"2026-02-05T07:17:48","date_gmt":"2026-02-05T10:17:48","guid":{"rendered":"https:\/\/www.ecommerceupdate.org\/produto\/marketplace-teoria-e-pratica\/"},"modified":"2026-03-20T23:39:35","modified_gmt":"2026-03-21T02:39:35","slug":"marketplace-teoria-e-pratica","status":"publish","type":"product","link":"https:\/\/www.ecommerceupdate.com.br\/de\/produto\/marketplace-teoria-e-pratica\/","title":{"rendered":"Marktplatz: Theorie und Praxis"},"content":{"rendered":"<div class=\"woocommerce-product-details\">\n<h3>Produktdetails<\/h3>\n<ul>\n<li>ASIN: B08YN21JDC<\/li>\n<li>Verlag: Soul Publisher<\/li>\n<li>Barrierefreiheit: Erfahren Sie mehr<\/li>\n<li>Datum der Ver\u00f6ffentlichung: 10. M\u00e4rz 2021<\/li>\n<li>Auflage: 1a<\/li>\n<li>Sprache: Portugiesisch<\/li>\n<li>Dateigr\u00f6\u00dfe: 4,9 MB<\/li>\n<li>Schriftartenkonfiguration: Aktiviert<\/li>\n<li>Vokabeltipps: Nicht aktiviert<\/li>\n<li>Seitenzahl: 188 Seiten<\/li>\n<li>ISBN-13:978-6586178906<\/li>\n<li>Seitenumschlag: Aktiviert<\/li>\n<li>Top-Seller-Ranking: Nr. 144.760 im Kindle Store (Treffe auf die Top 100 in der Kategorie Kindle Store) Nr. 59 im Online-Handel Nr. 5.346 in Wirtschaft und Wirtschaft<\/li>\n<li>59 Im Online-Handel<\/li>\n<li>5.346 in Wirtschaft und Wirtschaft<\/li>\n<li>Kundenrezensionen: 4.1 4.1 von 5 Sternen (15)<\/li>\n<\/ul><\/div>","protected":false},"excerpt":{"rendered":"<p>Angesichts einer Welt voller Innovationen und eines Einzelhandelsmarktes, der neue Richtungen f\u00fcr seinen Verkauf sucht, ist der Verkauf auf dem Markt f\u00fcr Tausende von Unternehmen zu einem sehr interessanten Weg geworden.  <br \/>Die Sichtbarkeit auszunutzen, die gro\u00dfe Portale f\u00fcr die Kundenakquise haben, hat der Einstieg in diesen innovativen Markt seine Exploits und Risiken In diesem Buch k\u00f6nnen Sie die L\u00f6sung f\u00fcr mehrere davon finden und ein erfolgreicher Unternehmer werden.<\/p>","protected":false},"featured_media":91274,"comment_status":"open","ping_status":"closed","template":"","meta":[],"product_cat":[1611,1613,1595],"product_tag":[],"class_list":{"0":"post-91274","1":"product","2":"type-product","3":"status-publish","4":"has-post-thumbnail","6":"product_brand-por-alexandre-villar-autor-alexandre-vilar-autor-chris-donizete-editor-0-mais-formato-ebook-kindle","7":"product_cat-administracao-negocios-e-economia","8":"product_cat-industrias-e-profissoes","9":"product_cat-livros","11":"first","12":"instock","13":"shipping-taxable","14":"purchasable","15":"product-type-simple"},"aioseo_notices":[],"_links":{"self":[{"href":"https:\/\/www.ecommerceupdate.com.br\/de\/wp-json\/wp\/v2\/product\/91274","targetHints":{"allow":["GET"]}}],"collection":[{"href":"https:\/\/www.ecommerceupdate.com.br\/de\/wp-json\/wp\/v2\/product"}],"about":[{"href":"https:\/\/www.ecommerceupdate.com.br\/de\/wp-json\/wp\/v2\/types\/product"}],"replies":[{"embeddable":true,"href":"https:\/\/www.ecommerceupdate.com.br\/de\/wp-json\/wp\/v2\/comments?post=91274"}],"wp:featuredmedia":[{"embeddable":true,"href":"https:\/\/www.ecommerceupdate.com.br\/de\/wp-json\/wp\/v2\/product\/91274"}],"wp:attachment":[{"href":"https:\/\/www.ecommerceupdate.com.br\/de\/wp-json\/wp\/v2\/media?parent=91274"}],"wp:term":[{"taxonomy":"product_cat","embeddable":true,"href":"https:\/\/www.ecommerceupdate.com.br\/de\/wp-json\/wp\/v2\/product_cat?post=91274"},{"taxonomy":"product_tag","embeddable":true,"href":"https:\/\/www.ecommerceupdate.com.br\/de\/wp-json\/wp\/v2\/product_tag?post=91274"}],"curies":[{"name":"Wp","href":"https:\/\/api.w.org\/{rel}","templated":true}]}}