{"id":91650,"date":"2026-02-07T11:41:31","date_gmt":"2026-02-07T14:41:31","guid":{"rendered":"https:\/\/www.ecommerceupdate.org\/produto\/elon-musk\/"},"modified":"2026-03-08T20:06:20","modified_gmt":"2026-03-08T23:06:20","slug":"elon-musk","status":"publish","type":"product","link":"https:\/\/www.ecommerceupdate.com.br\/de\/produto\/elon-musk\/","title":{"rendered":"Elon Musks"},"content":{"rendered":"<div class=\"woocommerce-product-details\">\n<div id=\"aplus_feature_div\" class=\"celwidget\" data-feature-name=\"aplus\" data-csa-c-type=\"widget\" data-csa-c-content-id=\"aplus\" data-csa-c-slot-id=\"aplus_feature_div\" data-csa-c-asin=\"\" data-csa-c-is-in-initial-active-row=\"false\">\n<div id=\"aplus\" class=\"a-section a-spacing-large bucket\">\n<h3 class=\"\">Vom Verlag<\/h3>\n<div lang=\"pt_BR\">\n<div class=\"aplus-v2 desktop celwidget\">\n<div class=\"celwidget aplus-module module-11 aplus-standard\">\n<div class=\"aplus-module-wrapper apm-spacing apm-floatnone apm-fixed-width\">\n<div class=\"apm-sidemodule aplus-module-content\">\n<div class=\"apm-hero-image\"> <img decoding=\"async\" alt=\"Elon Musk, Walter Isaacson, Biografie, Steve Jobs, Leonardo da Vinci, Tesla, SpaceX, Wirtschaft \" src=\"https:\/\/m.media-amazon.com\/images\/S\/aplus-media-library-service-media\/e710f123-dd17-4e24-b28c-0bd6131908df.__CR0,0,970,300_PT0_SX970_V1___.jpg\" \/> <\/div>\n<\/p>\n<\/div>\n<\/div>\n<\/div>\n<div class=\"celwidget aplus-module 3p-module-b aplus-standard\">\n<div class=\"aplus-module-wrapper aplus-3p-fixed-width\"> <img decoding=\"async\" alt=\"Elon Musk, Biografie, Wirtschaft, Milliard\u00e4re, Walter Isaacson, Tesla, SpaceX, Technologie \" src=\"https:\/\/m.media-amazon.com\/images\/S\/aplus-media-library-service-media\/f527db44-a785-4621-8edf-5b2b2b9db4b7.__CR0,0,970,600_PT0_SX970_V1___.jpg\" \/> <\/div>\n<\/p>\n<\/div>\n<div class=\"celwidget aplus-module 3p-module-b aplus-standard\">\n<div class=\"aplus-module-wrapper aplus-3p-fixed-width\"> <img decoding=\"async\" alt=\"Elon Musk, Walter Isaacson, Steve Jobs, Biografie, Innovation, Technologie, Wirtschaft, Milliard\u00e4re\" src=\"https:\/\/m.media-amazon.com\/images\/S\/aplus-media-library-service-media\/63887060-807f-4979-92c4-29716bd038c3.__CR0,0,970,600_PT0_SX970_V1___.jpg\" \/> <\/div>\n<\/p>\n<\/div>\n<div class=\"celwidget aplus-module module-11 aplus-standard\">\n<div class=\"aplus-module-wrapper apm-spacing apm-floatnone apm-fixed-width\">\n<div class=\"apm-sidemodule aplus-module-content\">\n<div class=\"apm-hero-image\"> <img decoding=\"async\" alt=\"Walter Isaacson, Elon Musk, Biografie, Biograf, Steve Jobs, Albert Einstein, Leonardo da Vinci\" src=\"https:\/\/m.media-amazon.com\/images\/S\/aplus-media-library-service-media\/21d26771-00c4-4758-b651-489b512c526f.__CR0,0,970,300_PT0_SX970_V1___.jpg\" \/> <\/div>\n<\/p>\n<\/div>\n<\/div>\n<\/div>\n<div class=\"celwidget aplus-module module-5 aplus-standard\">\n<div class=\"aplus-module-wrapper apm-fixed-width\">\n<div class=\"apm-spacing aplus-module-content\">\n<div class=\"apm-tablemodule\">\n<table class=\"apm-tablemodule-table\" cellspacing=\"0\" cellpadding=\"0\">\n<tbody>\n<tr class=\"apm-tablemodule-imagerows\">\n<td class=\"apm-tablemodule-blankkeyhead\" \/>\n<th> <a href='\/de\/dp\/6555603321\/?ref=emc_s_m_5_i_atc'> <\/p>\n<div class=\"apm-tablemodule-image\"> <img decoding=\"async\" alt=\"\" src=\"https:\/\/m.media-amazon.com\/images\/S\/aplus-media-library-service-media\/fd202e30-f436-47d6-8bd1-75bc4bdf501f.__CR0,0,150,300_PT0_SX150_V1___.jpg\" width=\"150px\" \/> <\/div>\n<div> Steve Jobs <\/div>\n<p> <\/a> <\/th>\n<th> <a href='\/de\/dp\/8551002570\/?ref=emc_s_m_5_i_atc'> <\/p>\n<div class=\"apm-tablemodule-image\"> <img decoding=\"async\" alt=\"\" src=\"https:\/\/m.media-amazon.com\/images\/S\/aplus-media-library-service-media\/54f312e5-8700-44c7-b33d-5b767ee2122e.__CR0,0,150,300_PT0_SX150_V1___.jpg\" width=\"150px\" \/> <\/div>\n<div> Leonardo da Vincis <\/div>\n<p> <\/a> <\/th>\n<th> <a href='\/de\/dp\/6555601825\/?ref=emc_s_m_5_i_atc'> <\/p>\n<div class=\"apm-tablemodule-image\"> <img decoding=\"async\" alt=\"\" src=\"https:\/\/m.media-amazon.com\/images\/S\/aplus-media-library-service-media\/90115608-49d1-47d0-9179-a81c788580b2.__CR0,0,150,300_PT0_SX150_V1___.jpg\" width=\"150px\" \/> <\/div>\n<div> Der Decoder: Jennifer Doudna <\/div>\n<p> <\/a> <\/th>\n<th> <a href='\/de\/dp\/6555601361\/?ref=emc_s_m_5_i_atc'> <\/p>\n<div class=\"apm-tablemodule-image\"> <img decoding=\"async\" alt=\"\" src=\"https:\/\/m.media-amazon.com\/images\/S\/aplus-media-library-service-media\/e8087f73-48a8-4f53-9a0a-8c05e5b19c9f.__CR0,0,150,300_PT0_SX150_V1___.jpg\" width=\"150px\" \/> <\/div>\n<div> Die Innovatoren <\/div>\n<p> <\/a> <\/th>\n<\/tr>\n<tr class=\"apm-tablemodule-atc\">\n<td class=\"apm-tablemodule-blankkeyhead\" \/>\n<td> <\/td>\n<td> <\/td>\n<td> <\/td>\n<td>\n<div class=\"add-to-cart\"> <span class=\"a-button a-button-base\"><span class=\"a-button-inner\"><a href=\"\/de\/dp\/6555601361\/?ref=emc_s_m_5_i_atc\" class=\"a-button-text\"> Kaufoptionen <\/a><\/span><\/span> <\/div>\n<\/td>\n<\/tr>\n<tr class=\"apm-tablemodule-keyvalue\">\n<th class=\"apm-tablemodule-keyhead\"> <span class=\"a-color-secondary\"> Kundenbewertungen <\/span> <\/th>\n<td class=\"apm-tablemodule-valuecell apm-checked\" style=\"width:191px\">\n<div class=\"\">\n<div class=\"a-size-base\"> <i class=\"a-icon a-icon-star-small a-star-small-5 a-spacing-none\"><span class=\"a-icon-alt\">4,8 von 5 Sternen<\/span><\/i> <span class=\"a-size-mini a-color-base\">616<\/span> <\/div>\n<\/p>\n<\/div>\n<\/td>\n<td class=\"apm-tablemodule-valuecell apm-checked\" style=\"width:191px\">\n<div class=\"\">\n<div class=\"a-size-base\"> <i class=\"a-icon a-icon-star-small a-star-small-5 a-spacing-none\"><span class=\"a-icon-alt\">4,8 von 5 Sternen<\/span><\/i> <span class=\"a-size-mini a-color-base\">4.513<\/span> <\/div>\n<\/p>\n<\/div>\n<\/td>\n<td class=\"apm-tablemodule-valuecell apm-checked\" style=\"width:191px\">\n<div class=\"\">\n<div class=\"a-size-base\"> <i class=\"a-icon a-icon-star-small a-star-small-5 a-spacing-none\"><span class=\"a-icon-alt\">4,8 von 5 Sternen<\/span><\/i> <span class=\"a-size-mini a-color-base\">880<\/span> <\/div>\n<\/p>\n<\/div>\n<\/td>\n<td class=\"apm-tablemodule-valuecell apm-checked\" style=\"width:191px\">\n<div class=\"\">\n<div class=\"a-size-base\"> <i class=\"a-icon a-icon-star-small a-star-small-4-5 a-spacing-none\"><span class=\"a-icon-alt\">4,7 Von 5 Sternen<\/span><\/i> <span class=\"a-size-mini a-color-base\">238<\/span> <\/div>\n<\/p>\n<\/div>\n<\/td>\n<\/tr>\n<tr class=\"apm-tablemodule-keyvalue\">\n<th class=\"apm-tablemodule-keyhead\"> <span class=\"a-color-secondary\"> Preis <\/span> <\/th>\n<td class=\"apm-tablemodule-valuecell apm-checked\" style=\"width:191px\"> <span class=\"a-price\" data-a-size=\"medium_plus\" data-a-color=\"base\"><span class=\"a-offscreen\">R$ 88,35<\/span><span aria-hidden=\"true\"><span class=\"a-price-symbol\">R$<\/span><span class=\"a-price-whole\">88<span class=\"a-price-decimal\">,<\/span><\/span><span class=\"a-price-fraction\">35<\/span><\/span><\/span> <\/td>\n<td class=\"apm-tablemodule-valuecell apm-checked\" style=\"width:191px\"> <span class=\"a-price\" data-a-size=\"medium_plus\" data-a-color=\"base\"><span class=\"a-offscreen\">R$ 93,00<\/span><span aria-hidden=\"true\"><span class=\"a-price-symbol\">R$<\/span><span class=\"a-price-whole\">93<span class=\"a-price-decimal\">,<\/span><\/span><span class=\"a-price-fraction\">00<\/span><\/span><\/span> <\/td>\n<td class=\"apm-tablemodule-valuecell apm-checked\" style=\"width:191px\"> <span class=\"a-price\" data-a-size=\"medium_plus\" data-a-color=\"base\"><span class=\"a-offscreen\">R$ 70,32<\/span><span aria-hidden=\"true\"><span class=\"a-price-symbol\">R$<\/span><span class=\"a-price-whole\">70<span class=\"a-price-decimal\">,<\/span><\/span><span class=\"a-price-fraction\">32<\/span><\/span><\/span> <\/td>\n<td class=\"apm-tablemodule-valuecell apm-checked\" style=\"width:191px\"> ''' <span class=\"apm-visually-hidden\">Datum<\/span> <\/td>\n<\/tr>\n<tr class=\"apm-tablemodule-keyvalue\">\n<th class=\"apm-tablemodule-keyhead\"> <span class=\"a-color-secondary\"> Andere Autorenb\u00fccher <\/span> <\/th>\n<td class=\"apm-tablemodule-valuecell\" style=\"width:191px\"> <span class=\"a-size-base\"> Walter Isaacsons <\/span> <\/td>\n<td class=\"apm-tablemodule-valuecell\" style=\"width:191px\"> <span class=\"a-size-base\"> Walter Isaacsons <\/span> <\/td>\n<td class=\"apm-tablemodule-valuecell\" style=\"width:191px\"> <span class=\"a-size-base\"> Walter Isaacsons <\/span> <\/td>\n<td class=\"apm-tablemodule-valuecell\" style=\"width:191px\"> <span class=\"a-size-base\"> Walter Isaacsons <\/span> <\/td>\n<\/tr>\n<\/tbody>\n<\/table>\n<\/div>\n<\/div>\n<\/div>\n<\/div>\n<\/div>\n<\/div>\n<\/div>\n<\/div>\n<h3>Produktdetails<\/h3>\n<ul>\n<li>ASIN: B0C5P69GQM<\/li>\n<li>Herausgeber: Intrinsic<\/li>\n<li>Barrierefreiheit: Erfahren Sie mehr<\/li>\n<li>Datum der Ver\u00f6ffentlichung: 12. September 2023<\/li>\n<li>Sprache: Portugiesisch<\/li>\n<li>Dateigr\u00f6\u00dfe: 34,4 MB<\/li>\n<li>Bildschirmleseger\u00e4t: Kompatibel<\/li>\n<li>Schriftartenkonfiguration: Aktiviert<\/li>\n<li>Vokabeltipps: Nicht aktiviert<\/li>\n<li>Seitenzahl: 844 Seiten<\/li>\n<li>ISBN-13:978-6555606461<\/li>\n<li>Seitenumschlag: Aktiviert<\/li>\n<li>Lesealter: 14 Jahre und \u00e4lter<\/li>\n<li>Top-Seller-Ranking: Nr. 14.805 im Kindle Store (Treffe die Top 100 in der Kategorie Kindle Store) Nr. 4 in Biografien von Wissenschaftlern Nr. 8 in Gesch\u00e4ftsbiografien Nr. 237 in Biografien und Autobiografien<\/li>\n<li>4 In Biografien von Wissenschaftlern<\/li>\n<li>8 In Wirtschaftsbiografien<\/li>\n<li>237 In Biografien und Autobiographien<\/li>\n<li>Kundenrezensionen: 4,8 4,8 von 5 Sternen (2.342)<\/li>\n<\/ul><\/div>","protected":false},"excerpt":{"rendered":"<p>Vom Autor von Steve Jobs und anderen erfolgreichen Biografien berichtet das Buch \u00fcber die schockierende Geschichte des faszinierendsten und umstrittensten Innovators unserer Zeit. In seiner Kindheit erlitt Elon Musk viel Mobbing. Nachdem er besonders heftig geschlagen hatte, musste er eine Woche im Krankenhaus bleiben. Die Narben und k\u00f6rperlichen Verletzungen waren jedoch nichts im Vergleich zur Reaktion seines Vaters, eines wahnhaften und charismatischen Ingenieurs, aber auch pervers, aber auch pervers. Trotz Musks Versuchen, die physischen und psychologischen Roboter der verletzlichen Vaterfigur zu verbannen, w\u00fcrde seine Psyche lange Zeit die Auswirkungen erleiden. Das lange Leben, das Streben nach einem gef\u00e4hrlichen, dem fremden Gef\u00fchl, ein Traum zu retten. <br \/>Anfang 2022, nachdem SpaceX einunddrei\u00dfig Raketen in die Umlaufbahn gebracht hatte, Tesla Millionen von Autos verkaufte und Musk der reichste Mann der Welt wurde, erkannte er seinen Dramadrang: \u201cIch muss meine Mentalit\u00e4t \u00e4ndern und aus dem Krisenmodus herauskommen.\u201din dem ich seit mindestens 14 Jahren oder m\u00f6glicherweise die meiste Zeit meines Lebens bin\u201d, solange er \u00fcber diese Arbeit nachdachte, kaufte Walter jedoch heimlich Twitter. Obwohl er das Angebot einer F\u00fchrungsposition im Unternehmen erhielt, kam er zu dem Schluss, dass es nicht seine Schrecken sein w\u00fcrden, solange er nach einer zweij\u00e4hrigen Arbeit die volle Kontrolle begehren w\u00fcrde, also spielte er immer <\/p>","protected":false},"featured_media":91650,"comment_status":"open","ping_status":"closed","template":"","meta":[],"product_cat":[1625,1608,1607],"product_tag":[],"class_list":{"0":"post-91650","1":"product","2":"type-product","3":"status-publish","4":"has-post-thumbnail","6":"product_brand-por-walter-isaacson-autor-rogerio-w-galindo-tradutor-rosiane-correia-de-freitas-tradutor-0-mais-formato-ebook-kindle","7":"product_cat-biografias-e-historias-reais","8":"product_cat-ebooks-kindle","9":"product_cat-loja-kindle","11":"first","12":"instock","13":"sale","14":"shipping-taxable","15":"purchasable","16":"product-type-simple"},"aioseo_notices":[],"_links":{"self":[{"href":"https:\/\/www.ecommerceupdate.com.br\/de\/wp-json\/wp\/v2\/product\/91650","targetHints":{"allow":["GET"]}}],"collection":[{"href":"https:\/\/www.ecommerceupdate.com.br\/de\/wp-json\/wp\/v2\/product"}],"about":[{"href":"https:\/\/www.ecommerceupdate.com.br\/de\/wp-json\/wp\/v2\/types\/product"}],"replies":[{"embeddable":true,"href":"https:\/\/www.ecommerceupdate.com.br\/de\/wp-json\/wp\/v2\/comments?post=91650"}],"wp:featuredmedia":[{"embeddable":true,"href":"https:\/\/www.ecommerceupdate.com.br\/de\/wp-json\/wp\/v2\/product\/91650"}],"wp:attachment":[{"href":"https:\/\/www.ecommerceupdate.com.br\/de\/wp-json\/wp\/v2\/media?parent=91650"}],"wp:term":[{"taxonomy":"product_cat","embeddable":true,"href":"https:\/\/www.ecommerceupdate.com.br\/de\/wp-json\/wp\/v2\/product_cat?post=91650"},{"taxonomy":"product_tag","embeddable":true,"href":"https:\/\/www.ecommerceupdate.com.br\/de\/wp-json\/wp\/v2\/product_tag?post=91650"}],"curies":[{"name":"Wp","href":"https:\/\/api.w.org\/{rel}","templated":true}]}}