{"id":91664,"date":"2026-02-07T12:40:16","date_gmt":"2026-02-07T15:40:16","guid":{"rendered":"https:\/\/www.ecommerceupdate.org\/produto\/e-commerce-na-pratica\/"},"modified":"2026-03-13T15:23:55","modified_gmt":"2026-03-13T18:23:55","slug":"e-commerce-na-pratica","status":"publish","type":"product","link":"https:\/\/www.ecommerceupdate.com.br\/de\/produto\/e-commerce-na-pratica\/","title":{"rendered":"E-Commerce in der Praxis"},"content":{"rendered":"<div class=\"woocommerce-product-details\">\n<h3>Produktdetails<\/h3>\n<ul>\n<li>ASIN: B09W35JWMQ<\/li>\n<li>Verlag: Autorenclub<\/li>\n<li>Datum der Ver\u00f6ffentlichung: 15. M\u00e4rz 2022<\/li>\n<li>Sprache: Portugiesisch<\/li>\n<li>Seitenzahl: 190 Seiten<\/li>\n<li>Produktgewicht: 240g<\/li>\n<li>Top-Seller-Ranking: Nr. 343.633 in B\u00fcchern (Treffe die Top 100 in der Kategorie B\u00fccher) Nr. 18.379 in Wirtschaft, Wirtschaft und Wirtschaft (B\u00fccher)<\/li>\n<li>18.379 in Wirtschaft, Wirtschaft und Wirtschaft (B\u00fccher)<\/li>\n<\/ul><\/div>","protected":false},"excerpt":{"rendered":"<p>Die Einrichtung eines Internetshops kann Ihre Chance sein, ein gro\u00dfartiges Gesch\u00e4ft zu haben und mit den gr\u00f6\u00dften Unternehmen auf dem Markt zu konkurrieren. Dies ist m\u00f6glich, da es Ihnen leicht f\u00e4llt, Ihre Zielgruppe zu segmentieren und genau das anzubieten, was diese Gruppe braucht. Dieses Buch ist ein Leitfaden voller Informationen \u00fcber virtuellen Einzelhandel, soziale Medien, Logistik und Technologie.<\/p>","protected":false},"featured_media":0,"comment_status":"open","ping_status":"closed","template":"","meta":[],"product_cat":[1611,1595],"product_tag":[],"class_list":{"0":"post-91664","1":"product","2":"type-product","3":"status-publish","5":"product_brand-edicao-portugus-por-roberto-de-jesus-oliveira-autor","6":"product_cat-administracao-negocios-e-economia","7":"product_cat-livros","9":"first","10":"instock","11":"shipping-taxable","12":"purchasable","13":"product-type-simple"},"aioseo_notices":[],"_links":{"self":[{"href":"https:\/\/www.ecommerceupdate.com.br\/de\/wp-json\/wp\/v2\/product\/91664","targetHints":{"allow":["GET"]}}],"collection":[{"href":"https:\/\/www.ecommerceupdate.com.br\/de\/wp-json\/wp\/v2\/product"}],"about":[{"href":"https:\/\/www.ecommerceupdate.com.br\/de\/wp-json\/wp\/v2\/types\/product"}],"replies":[{"embeddable":true,"href":"https:\/\/www.ecommerceupdate.com.br\/de\/wp-json\/wp\/v2\/comments?post=91664"}],"wp:attachment":[{"href":"https:\/\/www.ecommerceupdate.com.br\/de\/wp-json\/wp\/v2\/media?parent=91664"}],"wp:term":[{"taxonomy":"product_cat","embeddable":true,"href":"https:\/\/www.ecommerceupdate.com.br\/de\/wp-json\/wp\/v2\/product_cat?post=91664"},{"taxonomy":"product_tag","embeddable":true,"href":"https:\/\/www.ecommerceupdate.com.br\/de\/wp-json\/wp\/v2\/product_tag?post=91664"}],"curies":[{"name":"Wp","href":"https:\/\/api.w.org\/{rel}","templated":true}]}}