{"id":93228,"date":"2026-03-01T09:32:48","date_gmt":"2026-03-01T12:32:48","guid":{"rendered":"https:\/\/www.ecommerceupdate.com.br\/produto\/universo-do-e-commerce-portuguese-edition\/"},"modified":"2026-04-14T18:41:48","modified_gmt":"2026-04-14T21:41:48","slug":"universo-do-e-commerce-portuguese-edition","status":"publish","type":"product","link":"https:\/\/www.ecommerceupdate.com.br\/de\/produto\/universo-do-e-commerce-portuguese-edition\/","title":{"rendered":"Universum des E-Commerce (portugiesische Ausgabe)"},"content":{"rendered":"<div class=\"woocommerce-product-details\">\n<h3>Produktdetails<\/h3>\n<ul>\n<li>ASIN: B09S61Z23C<\/li>\n<li>Verlag: Unabh\u00e4ngig ver\u00f6ffentlicht<\/li>\n<li>Datum der Ver\u00f6ffentlichung: 13. Januar 2022<\/li>\n<li>Sprache: Portugiesisch<\/li>\n<li>Seitenzahl: 284 Seiten<\/li>\n<li>ISBN-13:979-8401405098<\/li>\n<li>Produktgewicht: 494g<\/li>\n<li>Abmessungen: 15,24 x 1,63 x 22,86 cm<\/li>\n<li>Top-Seller-Ranking: Nr. 123 in Forschung und Bildung Nr. 301 in der beruflichen und technischen Entwicklung<\/li>\n<li>301 Berufliche und technische Entwicklung<\/li>\n<li>Kundenrezensionen: 4,3 4,3 von 5 Sternen (20)<\/li>\n<\/ul><\/div>","protected":false},"excerpt":{"rendered":"<p>Das E-Commerce-Universum wurde f\u00fcr diejenigen geschrieben, die sich f\u00fcr E-Commerce interessieren oder bereits mit digitalen Kan\u00e4len arbeiten und neue Techniken und Konzepte kennen m\u00f6chten. Dieses Buch sollte Wissen auf eine Weise vermitteln, die als Leitfaden dient, um eine Makroansicht von allem zu bieten, was E-Commerce betrifft. Entrinnen von Themen im Zusammenhang mit Gesch\u00e4ftsmodellen und -abl\u00e4ufen, Marketingpunkten, Service und Logistik sowie Themen im Zusammenhang mit Technologie, Systemen und Integrationen, Zug\u00e4nglichkeit und Sicherheit von Informationen. F\u00fcr erfahrenere Leser kann dieses Buch als Beratungskanal dienen, bei dem sich jedes Kapitel mit spezifischen Themen befassen kann und f\u00fcr seine Funktionsweise relevant ist. F\u00fcr Leser, die die Reise in diese Welt beginnen, kann der E-Commerce aufgrund des Beginns des Universums viel st\u00e4rker genutzt werden.<\/p>","protected":false},"featured_media":93228,"comment_status":"open","ping_status":"closed","template":"","meta":{"_aipt_faq_data":""},"product_cat":[1653,1730,1595],"product_tag":[],"class_list":{"0":"post-93228","1":"product","2":"type-product","3":"status-publish","4":"has-post-thumbnail","6":"product_brand-por-fellipe-guimares-autor","7":"product_cat-educacao-referencia-e-didaticos","8":"product_cat-escolas-e-ensino","9":"product_cat-livros","11":"first","12":"instock","13":"shipping-taxable","14":"purchasable","15":"product-type-simple"},"aioseo_notices":[],"_links":{"self":[{"href":"https:\/\/www.ecommerceupdate.com.br\/de\/wp-json\/wp\/v2\/product\/93228","targetHints":{"allow":["GET"]}}],"collection":[{"href":"https:\/\/www.ecommerceupdate.com.br\/de\/wp-json\/wp\/v2\/product"}],"about":[{"href":"https:\/\/www.ecommerceupdate.com.br\/de\/wp-json\/wp\/v2\/types\/product"}],"replies":[{"embeddable":true,"href":"https:\/\/www.ecommerceupdate.com.br\/de\/wp-json\/wp\/v2\/comments?post=93228"}],"wp:featuredmedia":[{"embeddable":true,"href":"https:\/\/www.ecommerceupdate.com.br\/de\/wp-json\/wp\/v2\/product\/93228"}],"wp:attachment":[{"href":"https:\/\/www.ecommerceupdate.com.br\/de\/wp-json\/wp\/v2\/media?parent=93228"}],"wp:term":[{"taxonomy":"product_cat","embeddable":true,"href":"https:\/\/www.ecommerceupdate.com.br\/de\/wp-json\/wp\/v2\/product_cat?post=93228"},{"taxonomy":"product_tag","embeddable":true,"href":"https:\/\/www.ecommerceupdate.com.br\/de\/wp-json\/wp\/v2\/product_tag?post=93228"}],"curies":[{"name":"Wp","href":"https:\/\/api.w.org\/{rel}","templated":true}]}}