{"id":93412,"date":"2026-03-04T08:46:36","date_gmt":"2026-03-04T11:46:36","guid":{"rendered":"https:\/\/www.ecommerceupdate.com.br\/produto\/compras-no-marketplace-quem-e-responsavel-pelo-problema\/"},"modified":"2026-03-13T15:30:33","modified_gmt":"2026-03-13T18:30:33","slug":"compras-no-marketplace-quem-e-responsavel-pelo-problema","status":"publish","type":"product","link":"https:\/\/www.ecommerceupdate.com.br\/de\/produto\/compras-no-marketplace-quem-e-responsavel-pelo-problema\/","title":{"rendered":"Marktplatzk\u00e4ufe: Wer ist f\u00fcr das Problem verantwortlich"},"content":{"rendered":"<div class=\"woocommerce-product-details\">\n<h3>Produktdetails<\/h3>\n<ul>\n<li>ASIN: B0GPNWPZ7M<\/li>\n<li>Barrierefreiheit: Erfahren Sie mehr<\/li>\n<li>Datum der Ver\u00f6ffentlichung: 22. Februar 2026<\/li>\n<li>Sprache: Portugiesisch<\/li>\n<li>Dateigr\u00f6\u00dfe: 214 KB<\/li>\n<li>Bildschirmleseger\u00e4t: Kompatibel<\/li>\n<li>Schriftartenkonfiguration: Aktiviert<\/li>\n<li>Vokabeltipps: Nicht aktiviert<\/li>\n<li>Seitenzahl: 69 Seiten<\/li>\n<li>Seitenumschlag: Aktiviert<\/li>\n<\/ul><\/div>","protected":false},"excerpt":{"rendered":"<p>Marktpl\u00e4tze verkaufen den Neutralit\u00e4tsgedanken: \u201cwir sind nur Vermittler\u201d Aber wenn das Produkt nicht ankommt, kommt es defekt, es ist falsch oder der Verk\u00e4ufer verschwindet, wird die Frage dringend: Wer antwortet? dieses Buch zerlegt die \u201cIlusion der\u201d Vermittlung und erkl\u00e4rt praktisch, wie man Verantwortlichkeiten erkennt, Beweise sammelt, L\u00f6sung, Erstattung und Reparatur fordert Ideal f\u00fcr Verbraucher, die auf gro\u00dfen Plattformen kaufen und genau wissen m\u00fcssen, wie man handelt, wenn der Kauf zum Problem wird.<\/p>","protected":false},"featured_media":93412,"comment_status":"open","ping_status":"closed","template":"","meta":[],"product_cat":[1609,1608,1607],"product_tag":[],"class_list":{"0":"post-93412","1":"product","2":"type-product","3":"status-publish","4":"has-post-thumbnail","6":"product_brand-por-renato-albino-lana-ferreira-de-souza-autor-formato-ebook-kindle","7":"product_cat-direito","8":"product_cat-ebooks-kindle","9":"product_cat-loja-kindle","11":"first","12":"instock","13":"shipping-taxable","14":"purchasable","15":"product-type-simple"},"aioseo_notices":[],"_links":{"self":[{"href":"https:\/\/www.ecommerceupdate.com.br\/de\/wp-json\/wp\/v2\/product\/93412","targetHints":{"allow":["GET"]}}],"collection":[{"href":"https:\/\/www.ecommerceupdate.com.br\/de\/wp-json\/wp\/v2\/product"}],"about":[{"href":"https:\/\/www.ecommerceupdate.com.br\/de\/wp-json\/wp\/v2\/types\/product"}],"replies":[{"embeddable":true,"href":"https:\/\/www.ecommerceupdate.com.br\/de\/wp-json\/wp\/v2\/comments?post=93412"}],"wp:featuredmedia":[{"embeddable":true,"href":"https:\/\/www.ecommerceupdate.com.br\/de\/wp-json\/wp\/v2\/product\/93412"}],"wp:attachment":[{"href":"https:\/\/www.ecommerceupdate.com.br\/de\/wp-json\/wp\/v2\/media?parent=93412"}],"wp:term":[{"taxonomy":"product_cat","embeddable":true,"href":"https:\/\/www.ecommerceupdate.com.br\/de\/wp-json\/wp\/v2\/product_cat?post=93412"},{"taxonomy":"product_tag","embeddable":true,"href":"https:\/\/www.ecommerceupdate.com.br\/de\/wp-json\/wp\/v2\/product_tag?post=93412"}],"curies":[{"name":"Wp","href":"https:\/\/api.w.org\/{rel}","templated":true}]}}