{"id":93876,"date":"2026-03-06T03:28:33","date_gmt":"2026-03-06T06:28:33","guid":{"rendered":"https:\/\/www.ecommerceupdate.com.br\/produto\/amazon-marketplace-part-1\/"},"modified":"2026-05-13T10:36:57","modified_gmt":"2026-05-13T13:36:57","slug":"amazon-marketplace-part-1","status":"publish","type":"product","link":"https:\/\/www.ecommerceupdate.com.br\/de\/produto\/amazon-marketplace-part-1\/","title":{"rendered":"Amazon Marktplatz Teil-1"},"content":{"rendered":"<div class=\"woocommerce-product-details\">\n<h3>Produktdetails<\/h3>\n<ul>\n<li>Verlag: Unabh\u00e4ngig ver\u00f6ffentlicht<\/li>\n<li>Datum der Ver\u00f6ffentlichung: 29. Januar 2018<\/li>\n<li>Sprache: Englisch<\/li>\n<li>Seitenzahl: 58 Seiten<\/li>\n<li>ISBN-10:1977034888<\/li>\n<li>ISBN-13:978-1977034885<\/li>\n<li>Produktgewicht: 141g<\/li>\n<li>Abmessungen: 15,24 x 0,38 x 22,86 cm<\/li>\n<\/ul><\/div>","protected":false},"excerpt":{"rendered":"<p>Amazon, der E-Commerce-Riese, ist einer der \u00e4ltesten H\u00e4ndler im Web und hat weltweit \u00fcber 200 Millionen Kunden Amazon ist der konkurrenzlose Marktplatz, um Produkte online zu verkaufen Es bietet eine hervorragende Plattform f\u00fcr die Abwicklung von Online-Gesch\u00e4ften und hat sowohl Amazon-M\u00e4rkten als auch Verk\u00e4ufern einen Vorteil gebracht.<\/p>","protected":false},"featured_media":93876,"comment_status":"open","ping_status":"closed","template":"","meta":[],"product_cat":[1653,1595,1610],"product_tag":[],"class_list":{"0":"post-93876","1":"product","2":"type-product","3":"status-publish","4":"has-post-thumbnail","5":"product_brand-edicao-ingls-por-mayur-sharma-autor","6":"product_cat-educacao-referencia-e-didaticos","7":"product_cat-livros","8":"product_cat-livros-internacionais","10":"first","11":"instock","12":"shipping-taxable","13":"purchasable","14":"product-type-simple"},"aioseo_notices":[],"_links":{"self":[{"href":"https:\/\/www.ecommerceupdate.com.br\/de\/wp-json\/wp\/v2\/product\/93876","targetHints":{"allow":["GET"]}}],"collection":[{"href":"https:\/\/www.ecommerceupdate.com.br\/de\/wp-json\/wp\/v2\/product"}],"about":[{"href":"https:\/\/www.ecommerceupdate.com.br\/de\/wp-json\/wp\/v2\/types\/product"}],"replies":[{"embeddable":true,"href":"https:\/\/www.ecommerceupdate.com.br\/de\/wp-json\/wp\/v2\/comments?post=93876"}],"wp:featuredmedia":[{"embeddable":true,"href":"https:\/\/www.ecommerceupdate.com.br\/de\/wp-json\/wp\/v2\/product\/93876"}],"wp:attachment":[{"href":"https:\/\/www.ecommerceupdate.com.br\/de\/wp-json\/wp\/v2\/media?parent=93876"}],"wp:term":[{"taxonomy":"product_cat","embeddable":true,"href":"https:\/\/www.ecommerceupdate.com.br\/de\/wp-json\/wp\/v2\/product_cat?post=93876"},{"taxonomy":"product_tag","embeddable":true,"href":"https:\/\/www.ecommerceupdate.com.br\/de\/wp-json\/wp\/v2\/product_tag?post=93876"}],"curies":[{"name":"Wp","href":"https:\/\/api.w.org\/{rel}","templated":true}]}}