{"id":93886,"date":"2026-03-06T03:32:36","date_gmt":"2026-03-06T06:32:36","guid":{"rendered":"https:\/\/www.ecommerceupdate.com.br\/produto\/sell-grow-on-amazon-an-essential-guide-for-beginners-to-start-selling-on-amazon-ecommerce-selling-mastery-book-1-english-edition\/"},"modified":"2026-03-13T15:49:32","modified_gmt":"2026-03-13T18:49:32","slug":"sell-grow-on-amazon-an-essential-guide-for-beginners-to-start-selling-on-amazon-ecommerce-selling-mastery-book-1-english-edition","status":"publish","type":"product","link":"https:\/\/www.ecommerceupdate.com.br\/de\/produto\/sell-grow-on-amazon-an-essential-guide-for-beginners-to-start-selling-on-amazon-ecommerce-selling-mastery-book-1-english-edition\/","title":{"rendered":"Sell &amp; Grow On Amazon: An Essential Guide for Beginners to Start Selling on Amazon (Ecommerce Selling Mastery Book 1) (englische Ausgabe)"},"content":{"rendered":"<div class=\"woocommerce-product-details\"><\/div>","protected":false},"excerpt":{"rendered":"<p>Der Verkauf auf Amazon bietet Unternehmen unglaubliche M\u00f6glichkeiten, Millionen potenzieller Kunden weltweit zu erreichen. Die Navigation auf dem Amazon-Marktplatz kann jedoch komplex und herausfordernd sein. \u201cSell &amp; Grow on Amazon\u201dist Ihr umfassender Leitfaden zum Verst\u00e4ndnis und zur Beherrschung der wesentlichen Aspekte des Aufbaus eines erfolgreichen Amazonas-Marktes Gesch\u00e4ft. Dieses Buch bietet Schritt-f\u00fcr-Schritt-Anleitungen, Expertentipps und umsetzbare Strategien, die Ihnen \u00fcber Amazon helfen.<\/p>\n<p>In diesem Buch erfahren Sie:<span>Kontoer\u00f6ffnung<\/span>Kontoer\u00f6ffnung<span>Produktforschung<\/span>Produktforschung<span>Markenregistrierung<\/span>Markenregistrierung<span>GTIN-Ausnahme<\/span>GTIN-Ausnahme<span>Katalogerstellung<\/span>Katalogerstellung<span>Richtlinien zu Bildern und Inhalten<\/span>Richtlinien zu Bildern und Inhalten<span>Checkliste f\u00fcr die Einzelhandelsbereitschaft<\/span>Checkliste f\u00fcr die Einzelhandelsbereitschaft<span>Bestandsverwaltung<\/span>Bestandsverwaltung<span>FBA-Sendung<\/span>FBA-Sendung<span>Auftragsverwaltung<\/span>Auftragsverwaltung<span>R\u00fcckf\u00fchrungsverwaltung<\/span>R\u00fcckf\u00fchrungsverwaltung<span>Anspruchskassensicherheit<\/span>Anspruchskassensicherheit<span>Geb\u00fchrenarten<\/span>Geb\u00fchrenarten<span>Versandart<\/span>Versandart<span>Versand Lieferart<\/span>Versand Lieferart<span>Erf\u00fcllungstyp<\/span>Erf\u00fcllungstyp<span>Verkehr Fahren<\/span>Verkehr Fahren<span>Werbung<\/span>Werbung<span>Schl\u00fcsselw\u00f6rter Forschung<\/span>Schl\u00fcsselw\u00f6rter Forschung<span>Aktion &amp; Angebote<\/span>Aktion &amp; Angebote<span>Abzeichen<\/span>Abzeichen<span>Ladenfront<\/span>Ladenfront<span>EBC- oder A+-Inhalte<\/span>EBC- oder A+-Inhalte<span>Bewertungen &amp; Bewertungen<\/span>Bewertungen &amp; Bewertungen<span>Zahlungen<\/span>Zahlungen<span>Metrikleistung<\/span>Metrikleistung<span>Berichterstattung<\/span>Berichterstattung<span>Gesundheitskonto<\/span>Gesundheitskonto<span>Stufenstufe<\/span>Stufenstufe<span>Kundeninteraktion<\/span>Kundeninteraktion<span>Erstellen und Verwalten von F\u00e4llen<\/span>Erstellen und Verwalten von F\u00e4llen<span>Glossar<\/span>GlossarDurch die in diesem Leitfaden beschriebenen Schritte sind Sie gut ger\u00fcstet, um ein erfolgreiches Amazon-Gesch\u00e4ft aufzubauen und auszubauen.<\/p>","protected":false},"featured_media":93886,"comment_status":"open","ping_status":"closed","template":"","meta":[],"product_cat":[1608,1628,1607],"product_tag":[],"class_list":{"0":"post-93886","1":"product","2":"type-product","3":"status-publish","4":"has-post-thumbnail","6":"product_brand-edicao-ingls-por-kamlesh-vishwakarma-autor-formato-ebook-kindle","7":"product_cat-ebooks-kindle","8":"product_cat-ingles-e-outras-linguas","9":"product_cat-loja-kindle","11":"first","12":"instock","13":"shipping-taxable","14":"purchasable","15":"product-type-simple"},"aioseo_notices":[],"_links":{"self":[{"href":"https:\/\/www.ecommerceupdate.com.br\/de\/wp-json\/wp\/v2\/product\/93886","targetHints":{"allow":["GET"]}}],"collection":[{"href":"https:\/\/www.ecommerceupdate.com.br\/de\/wp-json\/wp\/v2\/product"}],"about":[{"href":"https:\/\/www.ecommerceupdate.com.br\/de\/wp-json\/wp\/v2\/types\/product"}],"replies":[{"embeddable":true,"href":"https:\/\/www.ecommerceupdate.com.br\/de\/wp-json\/wp\/v2\/comments?post=93886"}],"wp:featuredmedia":[{"embeddable":true,"href":"https:\/\/www.ecommerceupdate.com.br\/de\/wp-json\/wp\/v2\/product\/93886"}],"wp:attachment":[{"href":"https:\/\/www.ecommerceupdate.com.br\/de\/wp-json\/wp\/v2\/media?parent=93886"}],"wp:term":[{"taxonomy":"product_cat","embeddable":true,"href":"https:\/\/www.ecommerceupdate.com.br\/de\/wp-json\/wp\/v2\/product_cat?post=93886"},{"taxonomy":"product_tag","embeddable":true,"href":"https:\/\/www.ecommerceupdate.com.br\/de\/wp-json\/wp\/v2\/product_tag?post=93886"}],"curies":[{"name":"Wp","href":"https:\/\/api.w.org\/{rel}","templated":true}]}}