{"id":94502,"date":"2026-03-15T14:19:10","date_gmt":"2026-03-15T17:19:10","guid":{"rendered":"https:\/\/www.ecommerceupdate.com.br\/produto\/os-10-pecados-mortais-do-marketing-sintomas-e-solucoes\/"},"modified":"2026-03-15T14:19:12","modified_gmt":"2026-03-15T17:19:12","slug":"os-10-pecados-mortais-do-marketing-sintomas-e-solucoes","status":"publish","type":"product","link":"https:\/\/www.ecommerceupdate.com.br\/de\/produto\/os-10-pecados-mortais-do-marketing-sintomas-e-solucoes\/","title":{"rendered":"Die 10 Tods\u00fcnden des Marketings: Symptome und L\u00f6sungen"},"content":{"rendered":"<div class=\"woocommerce-product-details\"><\/div>","protected":false},"excerpt":{"rendered":"<p>\u201cWahrscheinlich der n\u00fctzlichste und anwendbarste Marketing-Leitfaden der letzten Jahre\u201d i.E.Netzwerke\u201d sowohl Vermarktern als auch Managern in anderen Bereichen empfehlenswert\u201d Journal of Consumer Marketing EIN unverzichtbares Buch f\u00fcr alle, die am Markt wettbewerbsf\u00e4hig bleiben wollen.\u201d &amp; &amp; &amp; &amp; &amp; &amp; &amp; &amp; &amp; &amp; &amp; &amp; &amp; &amp; &amp; &amp; &amp; &amp; &amp; &amp; &amp; &amp; &amp; &amp; &amp;.<br \/>Warum 75% neuer Produkte, Dienstleistungen und Unternehmen scheitern? Und warum Marketingkampagnen nicht mehr die gleichen Ergebnisse liefern? Philip Kotler, einer der gr\u00f6\u00dften Experten auf diesem Gebiet, pr\u00e4sentiert die Antworten in diesem Buch, das einer der klarsten und praktischsten Leitf\u00e4den daf\u00fcr ist, was zu tun (und was nicht zu tun) ist, wenn es um Marketing geht. Anhand von Beispielen und Erkenntnissen erkl\u00e4rt er, wie man die Anzeichen daf\u00fcr erkennt, dass ein Unternehmen eine der 10 Tods\u00fcnden des Marketings begeht, und teilt die besten L\u00f6sungen zur \u00dcberwindung des Problems. Sie werden lernen, den Fokus auf den Markt und den Kunden zu richten, den Wettbewerb im Auge zu behalten, die effektivsten Marketingstrategien zu entwickeln, die effektivsten aufzubauen und die effektivsten Gesch\u00e4ftspl\u00e4ne zu entwickeln.<\/p>","protected":false},"featured_media":94502,"comment_status":"open","ping_status":"closed","template":"","meta":[],"product_cat":[1701,1700,1595],"product_tag":[],"class_list":{"0":"post-94502","1":"product","2":"type-product","3":"status-publish","4":"has-post-thumbnail","6":"product_brand-edicao-portugus-por-philip-kotler-autor-ivo-korytowski-tradutor","7":"product_cat-drama","8":"product_cat-literatura-e-ficcao","9":"product_cat-livros","11":"first","12":"instock","13":"sale","14":"shipping-taxable","15":"purchasable","16":"product-type-simple"},"aioseo_notices":[],"_links":{"self":[{"href":"https:\/\/www.ecommerceupdate.com.br\/de\/wp-json\/wp\/v2\/product\/94502","targetHints":{"allow":["GET"]}}],"collection":[{"href":"https:\/\/www.ecommerceupdate.com.br\/de\/wp-json\/wp\/v2\/product"}],"about":[{"href":"https:\/\/www.ecommerceupdate.com.br\/de\/wp-json\/wp\/v2\/types\/product"}],"replies":[{"embeddable":true,"href":"https:\/\/www.ecommerceupdate.com.br\/de\/wp-json\/wp\/v2\/comments?post=94502"}],"wp:featuredmedia":[{"embeddable":true,"href":"https:\/\/www.ecommerceupdate.com.br\/de\/wp-json\/wp\/v2\/product\/94502"}],"wp:attachment":[{"href":"https:\/\/www.ecommerceupdate.com.br\/de\/wp-json\/wp\/v2\/media?parent=94502"}],"wp:term":[{"taxonomy":"product_cat","embeddable":true,"href":"https:\/\/www.ecommerceupdate.com.br\/de\/wp-json\/wp\/v2\/product_cat?post=94502"},{"taxonomy":"product_tag","embeddable":true,"href":"https:\/\/www.ecommerceupdate.com.br\/de\/wp-json\/wp\/v2\/product_tag?post=94502"}],"curies":[{"name":"Wp","href":"https:\/\/api.w.org\/{rel}","templated":true}]}}