{"id":400,"date":"2024-06-24T21:21:22","date_gmt":"2024-06-24T21:21:22","guid":{"rendered":"https:\/\/www.ecommerceupdate.com.br\/?page_id=400"},"modified":"2025-02-24T10:17:53","modified_gmt":"2025-02-24T13:17:53","slug":"sobre","status":"publish","type":"page","link":"https:\/\/www.ecommerceupdate.com.br\/de_at\/sobre\/","title":{"rendered":"\u00dcber"},"content":{"rendered":"<p>E-Commerce Update ist ein Referenzunternehmen auf dem brasilianischen Markt, das sich auf die Produktion und Verbreitung hochwertiger Inhalte im E-Commerce-Sektor spezialisiert hat. Um das Wachstum und die Entwicklung des E-Commerce im Land zu f\u00f6rdern, widmet sich das Unternehmen der Ansprache die vielf\u00e4ltigsten Themen rund um dieses Segment, sowohl national als auch international.<\/p>\n\n\n\n<p>Durch ausf\u00fchrliche Artikel, Marktanalysen, Interviews mit Experten und die Berichterstattung \u00fcber wichtige Ereignisse und Trends bietet E-Commerce Update seinen Lesern einen umfangreichen, aktualisierten und relevanten Inhalt. Das Unternehmen m\u00f6chte nicht nur informieren, sondern auch Fachleute ausbilden und inspirieren, Unternehmer und E-Commerce-Enthusiasten, die zur Entwicklung eines robusteren und innovativeren E-Commerce-\u00d6kosystems in Brasilien und weltweit beitragen.<\/p>\n\n\n\n<p>E-Commerce Update zeichnet sich durch redaktionelle Qualit\u00e4t und umfassende Herangehensweise an E-Commerce-bezogene Themen aus. Von digitalen Marketingstrategien, Logistik, Zahlungsmethoden und Benutzererfahrung bis hin zu technologischen Innovationen, Erfolgsgeschichten und Branchenherausforderungen m\u00f6chte das Unternehmen alle Aspekte abdecken Aspekte, die f\u00fcr den Erfolg im E-Commerce unerl\u00e4sslich sind.<\/p>\n\n\n\n<p>Durch die Konsolidierung als zuverl\u00e4ssige und inspirierende Quelle f\u00fcr Inhalte \u00fcber E-Commerce ist E-Commerce Update zunehmend zu einem Bezugspunkt f\u00fcr Fachleute und Unternehmen geworden, die auf dem Laufenden bleiben, ihre Strategien verbessern und die Chancen nutzen m\u00f6chten, die dieser st\u00e4ndig wachsende Markt bietet Mit seinem Engagement f\u00fcr die F\u00f6rderung des E-Commerce in Brasilien und weltweit spielt das Unternehmen eine Schl\u00fcsselrolle beim Aufbau einer vielversprechenden Zukunft f\u00fcr die Branche.<\/p>","protected":false},"excerpt":{"rendered":"<p>A E-Commerce Update \u00e9 uma empresa de refer\u00eancia no mercado brasileiro, especializada em produzir e disseminar conte\u00fado de alta qualidade sobre o setor de com\u00e9rcio eletr\u00f4nico. Com o objetivo de [&hellip;]<\/p>\n","protected":false},"author":1,"featured_media":0,"parent":0,"menu_order":0,"comment_status":"closed","ping_status":"closed","template":"","meta":{"footnotes":""},"class_list":["post-400","page","type-page","status-publish"],"aioseo_notices":[],"_links":{"self":[{"href":"https:\/\/www.ecommerceupdate.com.br\/de_at\/wp-json\/wp\/v2\/pages\/400","targetHints":{"allow":["GET"]}}],"collection":[{"href":"https:\/\/www.ecommerceupdate.com.br\/de_at\/wp-json\/wp\/v2\/pages"}],"about":[{"href":"https:\/\/www.ecommerceupdate.com.br\/de_at\/wp-json\/wp\/v2\/types\/page"}],"author":[{"embeddable":true,"href":"https:\/\/www.ecommerceupdate.com.br\/de_at\/wp-json\/wp\/v2\/users\/1"}],"replies":[{"embeddable":true,"href":"https:\/\/www.ecommerceupdate.com.br\/de_at\/wp-json\/wp\/v2\/comments?post=400"}],"version-history":[{"count":0,"href":"https:\/\/www.ecommerceupdate.com.br\/de_at\/wp-json\/wp\/v2\/pages\/400\/revisions"}],"wp:attachment":[{"href":"https:\/\/www.ecommerceupdate.com.br\/de_at\/wp-json\/wp\/v2\/media?parent=400"}],"curies":[{"name":"Wp","href":"https:\/\/api.w.org\/{rel}","templated":true}]}}