{"id":91275,"date":"2026-02-05T07:17:57","date_gmt":"2026-02-05T10:17:57","guid":{"rendered":"https:\/\/www.ecommerceupdate.org\/produto\/the-lean-marketplace-a-practical-guide-to-building-a-successful-online-marketplace-business\/"},"modified":"2026-05-11T11:18:46","modified_gmt":"2026-05-11T14:18:46","slug":"the-lean-marketplace-a-practical-guide-to-building-a-successful-online-marketplace-business","status":"publish","type":"product","link":"https:\/\/www.ecommerceupdate.com.br\/de_at\/produto\/the-lean-marketplace-a-practical-guide-to-building-a-successful-online-marketplace-business\/","title":{"rendered":"Der Lean Marketplace: ein praktischer Leitfaden zum Aufbau eines erfolgreichen Online-Marktplatzgesch\u00e4fts"},"content":{"rendered":"<div class=\"woocommerce-product-details\">\n<h3>Produktdetails<\/h3>\n<ul>\n<li>Verlag: Sharetribe<\/li>\n<li>Datum der Ver\u00f6ffentlichung: 23. Februar 2018<\/li>\n<li>Sprache: Englisch<\/li>\n<li>Seitenzahl: 210 Seiten<\/li>\n<li>ISBN-10:952940008X<\/li>\n<li>ISBN-13:978-9529400089<\/li>\n<li>Produktgewicht: 286g<\/li>\n<li>Abmessungen: 15,24 x 1,22 x 22,86 cm<\/li>\n<li>Top-Seller-Ranking: Nr. 402.867 in B\u00fcchern (Treffe die Top 100 in der Kategorie B\u00fccher) Nr. 313 in Importiert in Unternehmen<\/li>\n<li>313 In Auf Unternehmen importiert<\/li>\n<li>Kundenrezensionen: 4,7 4,7 von 5 Sternen (341)<\/li>\n<\/ul><\/div>","protected":false},"excerpt":{"rendered":"<p>Verwandeln Sie Ihre Marktplatzplattform mit einer praktischen Strategie, die Ideen in ein skalierbares Gesch\u00e4ft umwandelt. Diese englische Ausgabe, geschrieben von Cristobal Gracia und Janne Koivistoinen und herausgegeben von Ville Saarinen, bietet umsetzbare Strategien, reale Fallstudien und messbare Schritte zum Start und Ausbau von Online-Angeboten. Dieses Buch ist erh\u00e4ltlich von R$ 87,83 und ist unverzichtbar f\u00fcr alle, die den digitalen Markt dominieren und konsistente Ergebnisse erzielen m\u00f6chten.<\/p>","protected":false},"featured_media":91275,"comment_status":"open","ping_status":"closed","template":"","meta":[],"product_cat":[1611,1595,1610],"product_tag":[2858,2857,2859],"class_list":{"0":"post-91275","1":"product","2":"type-product","3":"status-publish","4":"has-post-thumbnail","5":"product_brand-edicao-ingls-por-cristobal-gracia-autor-janne-koivistoinen-autor-ville-saarinen-editor-0-mais","6":"product_cat-administracao-negocios-e-economia","7":"product_cat-livros","8":"product_cat-livros-internacionais","9":"product_tag-how-to-build-an-online-marketplace","10":"product_tag-lean-marketplace-book","11":"product_tag-marketplace-monetization-strategies","13":"first","14":"instock","15":"sale","16":"shipping-taxable","17":"purchasable","18":"product-type-simple"},"aioseo_notices":[],"_links":{"self":[{"href":"https:\/\/www.ecommerceupdate.com.br\/de_at\/wp-json\/wp\/v2\/product\/91275","targetHints":{"allow":["GET"]}}],"collection":[{"href":"https:\/\/www.ecommerceupdate.com.br\/de_at\/wp-json\/wp\/v2\/product"}],"about":[{"href":"https:\/\/www.ecommerceupdate.com.br\/de_at\/wp-json\/wp\/v2\/types\/product"}],"replies":[{"embeddable":true,"href":"https:\/\/www.ecommerceupdate.com.br\/de_at\/wp-json\/wp\/v2\/comments?post=91275"}],"wp:featuredmedia":[{"embeddable":true,"href":"https:\/\/www.ecommerceupdate.com.br\/de_at\/wp-json\/wp\/v2\/product\/91275"}],"wp:attachment":[{"href":"https:\/\/www.ecommerceupdate.com.br\/de_at\/wp-json\/wp\/v2\/media?parent=91275"}],"wp:term":[{"taxonomy":"product_cat","embeddable":true,"href":"https:\/\/www.ecommerceupdate.com.br\/de_at\/wp-json\/wp\/v2\/product_cat?post=91275"},{"taxonomy":"product_tag","embeddable":true,"href":"https:\/\/www.ecommerceupdate.com.br\/de_at\/wp-json\/wp\/v2\/product_tag?post=91275"}],"curies":[{"name":"Wp","href":"https:\/\/api.w.org\/{rel}","templated":true}]}}