{"id":91672,"date":"2026-02-07T15:26:16","date_gmt":"2026-02-07T18:26:16","guid":{"rendered":"https:\/\/www.ecommerceupdate.org\/produto\/midias-sociais-dominando-a-arte-de-socializar-e-multiplicar-seguidores\/"},"modified":"2026-05-03T15:59:47","modified_gmt":"2026-05-03T18:59:47","slug":"midias-sociais-dominando-a-arte-de-socializar-e-multiplicar-seguidores","status":"publish","type":"product","link":"https:\/\/www.ecommerceupdate.com.br\/de_at\/produto\/midias-sociais-dominando-a-arte-de-socializar-e-multiplicar-seguidores\/","title":{"rendered":"M\u00eddias Sociais: Dominando a Arte de Socializar e Multiplicar Seguidores"},"content":{"rendered":"<div class=\"woocommerce-product-details\">\n<h3>Produktdetails<\/h3>\n<ul>\n<li>ASIN: B0CQMBJHJR<\/li>\n<li>Barrierefreiheit: Erfahren Sie mehr<\/li>\n<li>Datum der Ver\u00f6ffentlichung: 18. Dezember 2023<\/li>\n<li>Sprache: Portugiesisch<\/li>\n<li>Dateigr\u00f6\u00dfe: 441 KB<\/li>\n<li>Bildschirmleseger\u00e4t: Kompatibel<\/li>\n<li>Schriftartenkonfiguration: Aktiviert<\/li>\n<li>Vokabeltipps: Nicht aktiviert<\/li>\n<li>Seitenzahl: 140 Seiten<\/li>\n<li>Seitenumschlag: Aktiviert<\/li>\n<li>Top-Seller-Ranking: Nr. 577.842 im Kindle Store (Treffe die Top 100 in der Kategorie Kindle Store) Nr. 51 in Oracle Databases Nr. 187 in Social Media Books Nr. 345 in Internet- und Telekommunikationsb\u00fcchern<\/li>\n<li>51 In Oracle-Datenbanken<\/li>\n<li>187 In Social-Media-B\u00fcchern<\/li>\n<li>345 In Internet- und Telekommunikationsb\u00fcchern<\/li>\n<\/ul><\/div>","protected":false},"excerpt":{"rendered":"<p>Steigern Sie Ihre Online-Pr\u00e4senz erheblich, indem Sie Interaktionen in engagierte Follower und dauerhafte Beziehungen umwandeln. Der Leitfaden ist im Kindle-eBook-Format verf\u00fcgbar und bietet bew\u00e4hrte Strategien f\u00fcr zielgerichtete Kontakte und die Vervielfachung der Reichweite, ohne Zeit zu verschwenden. Bereiten Sie sich auf die Anwendung spezifischer Techniken vor, mit klaren Schritten und praktischen Beispielen Sie k\u00f6nnen heute folgen, um echte Ergebnisse zu sehen.<\/p>","protected":false},"featured_media":0,"comment_status":"open","ping_status":"closed","template":"","meta":[],"product_cat":[1691,1641,1595],"product_tag":[2744,2743,2745],"class_list":{"0":"post-91672","1":"product","2":"type-product","3":"status-publish","4":"product_brand-por-fabricio-silva-autor-formato-ebook-kindle","5":"product_cat-base-de-dados","6":"product_cat-computacao-informatica-e-midias-digitais","7":"product_cat-livros","8":"product_tag-aumentar-seguidores-instagram-guia-redes-sociais","9":"product_tag-ebook-kindle-midias-sociais-crescimento-de-seguidores","10":"product_tag-livro-digital-estrategias-redes-sociais-para-criadores-de-conteudo","12":"first","13":"instock","14":"shipping-taxable","15":"purchasable","16":"product-type-simple"},"aioseo_notices":[],"_links":{"self":[{"href":"https:\/\/www.ecommerceupdate.com.br\/de_at\/wp-json\/wp\/v2\/product\/91672","targetHints":{"allow":["GET"]}}],"collection":[{"href":"https:\/\/www.ecommerceupdate.com.br\/de_at\/wp-json\/wp\/v2\/product"}],"about":[{"href":"https:\/\/www.ecommerceupdate.com.br\/de_at\/wp-json\/wp\/v2\/types\/product"}],"replies":[{"embeddable":true,"href":"https:\/\/www.ecommerceupdate.com.br\/de_at\/wp-json\/wp\/v2\/comments?post=91672"}],"wp:attachment":[{"href":"https:\/\/www.ecommerceupdate.com.br\/de_at\/wp-json\/wp\/v2\/media?parent=91672"}],"wp:term":[{"taxonomy":"product_cat","embeddable":true,"href":"https:\/\/www.ecommerceupdate.com.br\/de_at\/wp-json\/wp\/v2\/product_cat?post=91672"},{"taxonomy":"product_tag","embeddable":true,"href":"https:\/\/www.ecommerceupdate.com.br\/de_at\/wp-json\/wp\/v2\/product_tag?post=91672"}],"curies":[{"name":"Wp","href":"https:\/\/api.w.org\/{rel}","templated":true}]}}