{"id":91682,"date":"2026-02-07T21:07:28","date_gmt":"2026-02-08T00:07:28","guid":{"rendered":"https:\/\/www.ecommerceupdate.org\/produto\/lgpd-e-e-commerce\/"},"modified":"2026-05-13T10:09:47","modified_gmt":"2026-05-13T13:09:47","slug":"lgpd-e-e-commerce","status":"publish","type":"product","link":"https:\/\/www.ecommerceupdate.com.br\/de_at\/produto\/lgpd-e-e-commerce\/","title":{"rendered":"LGPD und E-Commerce"},"content":{"rendered":"<div class=\"woocommerce-product-details\"><\/div>","protected":false},"excerpt":{"rendered":"<p>Maximieren Sie die Compliance Ihres Online-Shops und reduzieren Sie rechtliche Risiken, indem Sie LGPD auf praktische und direkte Weise anwenden. Dieses Buch befasst sich mit LGPD, das auf E-Commerce angewendet wird, mit Schwerpunkt auf Datenerfassungsprozessen, Inhaberrechten und Datenschutzrichtlinien und bietet klare Richtlinien und echte Beispiele. Nur f\u00fcr R$ 62,77 erhalten Sie eine objektive Lekt\u00fcre, um die Abl\u00e4ufe in Ihrem E-Commerce-Shop zu verbessern und Sanktionen zu vermeiden. Lesen Sie mehr, um herauszufinden, wie Sie jeden Schritt anwenden k\u00f6nnen.<\/p>","protected":false},"featured_media":91682,"comment_status":"open","ping_status":"closed","template":"","meta":[],"product_cat":[1609,1702,1595],"product_tag":[2730,2729,2728],"class_list":{"0":"post-91682","1":"product","2":"type-product","3":"status-publish","4":"has-post-thumbnail","5":"product_brand-edicao-portugus-por-tarcisio-teixeira-autor","6":"product_cat-direito","7":"product_cat-especialidades","8":"product_cat-livros","9":"product_tag-compliance-lgpd-para-comercio-eletronico","10":"product_tag-lgpd-protecao-de-dados-para-lojas-online","11":"product_tag-livro-lgpd-para-e-commerce","13":"first","14":"instock","15":"sale","16":"shipping-taxable","17":"purchasable","18":"product-type-simple"},"aioseo_notices":[],"_links":{"self":[{"href":"https:\/\/www.ecommerceupdate.com.br\/de_at\/wp-json\/wp\/v2\/product\/91682","targetHints":{"allow":["GET"]}}],"collection":[{"href":"https:\/\/www.ecommerceupdate.com.br\/de_at\/wp-json\/wp\/v2\/product"}],"about":[{"href":"https:\/\/www.ecommerceupdate.com.br\/de_at\/wp-json\/wp\/v2\/types\/product"}],"replies":[{"embeddable":true,"href":"https:\/\/www.ecommerceupdate.com.br\/de_at\/wp-json\/wp\/v2\/comments?post=91682"}],"wp:featuredmedia":[{"embeddable":true,"href":"https:\/\/www.ecommerceupdate.com.br\/de_at\/wp-json\/wp\/v2\/product\/91682"}],"wp:attachment":[{"href":"https:\/\/www.ecommerceupdate.com.br\/de_at\/wp-json\/wp\/v2\/media?parent=91682"}],"wp:term":[{"taxonomy":"product_cat","embeddable":true,"href":"https:\/\/www.ecommerceupdate.com.br\/de_at\/wp-json\/wp\/v2\/product_cat?post=91682"},{"taxonomy":"product_tag","embeddable":true,"href":"https:\/\/www.ecommerceupdate.com.br\/de_at\/wp-json\/wp\/v2\/product_tag?post=91682"}],"curies":[{"name":"Wp","href":"https:\/\/api.w.org\/{rel}","templated":true}]}}