{"id":93416,"date":"2026-03-04T08:48:35","date_gmt":"2026-03-04T11:48:35","guid":{"rendered":"https:\/\/www.ecommerceupdate.com.br\/produto\/selling-on-amazon-1p-vendor-and-3p-seller-marketplace-wisdom-for-professionals-mastering-amazon-marketplace-management-from-sales-to-advertising-data-the-future-of-ecommerce-english-edition\/"},"modified":"2026-05-11T09:53:34","modified_gmt":"2026-05-11T12:53:34","slug":"selling-on-amazon-1p-vendor-and-3p-seller-marketplace-wisdom-for-professionals-mastering-amazon-marketplace-management-from-sales-to-advertising-data-the-future-of-ecommerce-english-edition","status":"publish","type":"product","link":"https:\/\/www.ecommerceupdate.com.br\/de_at\/produto\/selling-on-amazon-1p-vendor-and-3p-seller-marketplace-wisdom-for-professionals-mastering-amazon-marketplace-management-from-sales-to-advertising-data-the-future-of-ecommerce-english-edition\/","title":{"rendered":"Verkauf auf Amazon 1 P Vendor und 3 P Seller. Marketplace Wisdom for Professionals: Mastering Amazon Marketplace Management (englische Ausgabe) From Sales to Advertising, Data, ..."},"content":{"rendered":"<div class=\"woocommerce-product-details\"><\/div>","protected":false},"excerpt":{"rendered":"<p>Domine a gest\u00e3o de marketplaces da Amazon e aumente suas vendas com uma abordagem estrat\u00e9gica que conecta vendas, publicidade e dados para profissionais. O livro est\u00e1 dispon\u00edvel como eBook Kindle, edi\u00e7\u00e3o em ingl\u00eas por Giovanni Papini, com pre\u00e7o de R$ 39,99. Continue a leitura para desvendar insights pr\u00e1ticos que preparam voc\u00ea para o futuro do ecommerce.<\/p>","protected":false},"featured_media":93416,"comment_status":"open","ping_status":"closed","template":"","meta":[],"product_cat":[1608,1628,1607],"product_tag":[2633,2634,2632],"class_list":{"0":"post-93416","1":"product","2":"type-product","3":"status-publish","4":"has-post-thumbnail","5":"product_brand-edicao-ingls-por-giovanni-papini-autor-formato-ebook-kindle","6":"product_cat-ebooks-kindle","7":"product_cat-ingles-e-outras-linguas","8":"product_cat-loja-kindle","9":"product_tag-amazon-advertising-strategies-for-sellers","10":"product_tag-ecommerce-data-analytics-for-sellers","11":"product_tag-kindle-ebook-amazon-marketplace-management","13":"first","14":"instock","15":"shipping-taxable","16":"purchasable","17":"product-type-simple"},"aioseo_notices":[],"_links":{"self":[{"href":"https:\/\/www.ecommerceupdate.com.br\/de_at\/wp-json\/wp\/v2\/product\/93416","targetHints":{"allow":["GET"]}}],"collection":[{"href":"https:\/\/www.ecommerceupdate.com.br\/de_at\/wp-json\/wp\/v2\/product"}],"about":[{"href":"https:\/\/www.ecommerceupdate.com.br\/de_at\/wp-json\/wp\/v2\/types\/product"}],"replies":[{"embeddable":true,"href":"https:\/\/www.ecommerceupdate.com.br\/de_at\/wp-json\/wp\/v2\/comments?post=93416"}],"wp:featuredmedia":[{"embeddable":true,"href":"https:\/\/www.ecommerceupdate.com.br\/de_at\/wp-json\/wp\/v2\/product\/93416"}],"wp:attachment":[{"href":"https:\/\/www.ecommerceupdate.com.br\/de_at\/wp-json\/wp\/v2\/media?parent=93416"}],"wp:term":[{"taxonomy":"product_cat","embeddable":true,"href":"https:\/\/www.ecommerceupdate.com.br\/de_at\/wp-json\/wp\/v2\/product_cat?post=93416"},{"taxonomy":"product_tag","embeddable":true,"href":"https:\/\/www.ecommerceupdate.com.br\/de_at\/wp-json\/wp\/v2\/product_tag?post=93416"}],"curies":[{"name":"Wp","href":"https:\/\/api.w.org\/{rel}","templated":true}]}}