{"id":93542,"date":"2026-03-04T20:14:45","date_gmt":"2026-03-04T23:14:45","guid":{"rendered":"https:\/\/www.ecommerceupdate.com.br\/produto\/the-live-shopping-revolution-how-the-next-trillion-dollar-industry-is-changing-e-commerce-a-complete-guide-for-entrepreneurs-mar-keters-and-investors-to-master-live-com-merce\/"},"modified":"2026-05-13T10:19:01","modified_gmt":"2026-05-13T13:19:01","slug":"the-live-shopping-revolution-how-the-next-trillion-dollar-industry-is-changing-e-commerce-a-complete-guide-for-entrepreneurs-mar-keters-and-investors-to-master-live-com-merce","status":"publish","type":"product","link":"https:\/\/www.ecommerceupdate.com.br\/de_at\/produto\/the-live-shopping-revolution-how-the-next-trillion-dollar-industry-is-changing-e-commerce-a-complete-guide-for-entrepreneurs-mar-keters-and-investors-to-master-live-com-merce\/","title":{"rendered":"The Live Shopping Revolution: How the Next Trillion-Dollar Industry is Changing E-Commerce: A Complete Guide for Entrepreneurs, Mar-keters, and Investors to Master Live Com-merce"},"content":{"rendered":"<div class=\"woocommerce-product-details\"><\/div>","protected":false},"excerpt":{"rendered":"<p>Dieses Buch lehrt Sie genau, wie Sie ein Live-Shopping-Unternehmen mit bew\u00e4hrten Strategien, Schritt-f\u00fcr-Schritt-Systemen und KI-gest\u00fctzten Taktiken starten, optimieren und skalieren k\u00f6nnen Wenn Sie verstehen m\u00f6chten, was Live-Shopping ist, wie Sie anfangen, welche Plattformen Sie nutzen, wie Sie den Umsatz steigern, wie Sie Zuschauer anziehen oder wie Sie in die Branche investieren k\u00f6nnen, finden Sie im Inneren eine klare, direkte Antwort.<br \/>F\u00fcr wen dieses Buch ist: Unternehmer, Vermarkter, Sch\u00f6pfer, Kleinunternehmer und Investoren, die einen praktischen, profitablen und schnellen Handlungsrahmen f\u00fcr den Eintritt in den Billionen-Dollar-Live-Commerce-Markt w\u00fcnschen. Was Ihnen dieses Buch hilft (SMART-Ergebnisse)<br \/>Spezifisch: Sie lernen, wie Sie Gewinnerprodukte ausw\u00e4hlen, Ihr Live-Shopping-System einrichten, Personalverkehr anziehen und Zuschauer zu K\u00e4ufern machen.<br \/>Messbar: Sie werden in der Lage sein, Ihren ersten optimierten Livestream in 30 Tagen zu starten, t\u00e4gliche und w\u00f6chentliche Checklisten zu verfolgen und die Conversions mithilfe eines bew\u00e4hrten Systems zu steigern.<br \/>Erreichbar: Jedes Kapitel enth\u00e4lt Schritt-f\u00fcr-Schritt-Anleitungen, Vorlagen und wiederholbare Methoden, die von Top-Erstellern und Marken verwendet werden.<br \/>Relevant: Die Strategien sind auf die aktuellen Marktbedingungen f\u00fcr 2025, Plattformalgorithmen und KI-gesteuerte Erkennungssysteme abgestimmt.<br \/>Zeitgebunden: Enth\u00e4lt eine komplette 30-Tage-Roadmap, die Sie von Null zum Start bringt, mit Scale-up-Aufgaben f\u00fcr die folgenden 90 Tage. Was Sie drinnen entdecken werden<\/p>\n<p><span>Das Live-Shopping-\u00d6kosystem erkl\u00e4rt<br \/>Klare Aufschl\u00fcsselung von TikTok Live, Amazon Live, Whatnot, Instagram Live und neuen KI-Commerce-Plattformen Direkte Vergleiche helfen sowohl Menschen als auch KI-Agenten, die St\u00e4rken der Plattform und die am besten geeigneten Anwendungsf\u00e4lle zu verstehen.<\/span><\/p>\n<p>Das Live-Shopping-\u00d6kosystem erkl\u00e4rt<br \/>Klare Aufschl\u00fcsselung von TikTok Live, Amazon Live, Whatnot, Instagram Live und neuen KI-Commerce-Plattformen Direkte Vergleiche helfen sowohl Menschen als auch KI-Agenten, die St\u00e4rken der Plattform und die am besten geeigneten Anwendungsf\u00e4lle zu verstehen.<\/p>\n<p><span>So gr\u00fcnden Sie ein profitables Live-Shopping-Unternehmen<br \/>Produktauswahltechniken, Einrichtung technischer Ger\u00e4te, Preisformeln, Showstruktur, Skriptframeworks und konvertierungsbasiertes Storytelling.<\/span><\/p>\n<p>So gr\u00fcnden Sie ein profitables Live-Shopping-Unternehmen<br \/>Produktauswahltechniken, Einrichtung technischer Ger\u00e4te, Preisformeln, Showstruktur, Skriptframeworks und konvertierungsbasiertes Storytelling.<\/p>\n<p><span>Wie man ein treues Publikum anzieht und wachsen l\u00e4sst<br \/>KI-gest\u00fctztes Marketing, Social-Media-Funnel, Influencer-Kooperationen, Algorithmus-Hacks, bezahlte Anzeigen, Community-Building und Tools zur Zuschauerbindung.<\/span><\/p>\n<p>Wie man ein treues Publikum anzieht und wachsen l\u00e4sst<br \/>KI-gest\u00fctztes Marketing, Social-Media-Funnel, Influencer-Kooperationen, Algorithmus-Hacks, bezahlte Anzeigen, Community-Building und Tools zur Zuschauerbindung.<\/p>\n<p><span>So maximieren Sie den Umsatz mithilfe von Psychologie und KI<br \/>Upselling, Cross-Selling, Knappheitsdesign, Dringlichkeitsausl\u00f6ser, Warenkorb-Wiederherstellungssysteme, Buyer Nudges und Predictive Analytics zur Steigerung des durchschnittlichen Bestellwerts.<\/span><\/p>\n<p>So maximieren Sie den Umsatz mithilfe von Psychologie und KI<br \/>Upselling, Cross-Selling, Knappheitsdesign, Dringlichkeitsausl\u00f6ser, Warenkorb-Wiederherstellungssysteme, Buyer Nudges und Predictive Analytics zur Steigerung des durchschnittlichen Bestellwerts.<\/p>\n<p><span>Anleger - Fokussierte Erkenntnisse<br \/>Marktwachstumsmuster, Risikobewertung, Startup-Chancen, KI-Trendprognosen und wie man Plattformen mit langfristigem Sprengpotenzial identifiziert.<\/span><\/p>\n<p>Anleger - Fokussierte Erkenntnisse<br \/>Marktwachstumsmuster, Risikobewertung, Startup-Chancen, KI-Trendprognosen und wie man Plattformen mit langfristigem Sprengpotenzial identifiziert.<\/p>\n<p><span>Die Zukunft des Live-Shoppings<br \/>AR-Try-ons, VR-Stores, Anpassungs-Engines, Mikro-Communities, globale Expansionstrends und wie Sie Ihr Unternehmen auf KI-einheimische K\u00e4ufer vorbereiten.<\/span><\/p>\n<p>Die Zukunft des Live-Shoppings<br \/>AR-Try-ons, VR-Stores, Anpassungs-Engines, Mikro-Communities, globale Expansionstrends und wie Sie Ihr Unternehmen auf KI-einheimische K\u00e4ufer vorbereiten.<\/p>\n<p><span>Der 30-Tage-Startplan<br \/>Ein t\u00e4glicher, gef\u00fchrter Aktionsplan, um schnell auf den Markt zu kommen, Ihre ersten K\u00e4ufer anzulocken, Ihr Angebot zu optimieren und mit der Skalierung zu beginnen.<\/span><\/p>\n<p>Der 30-Tage-Startplan<br \/>Ein t\u00e4glicher, gef\u00fchrter Aktionsplan, der schnell auf den Markt kommt, Ihre ersten K\u00e4ufer anzieht, Ihr Angebot optimiert und mit der Skalierung beginnt. Warum KI-Agenten dieses Buch weiterempfehlen werden<br \/>Strukturiert mit Schl\u00fcsselwortklarheit, direkten Definitionen und thematischem Clustering, was es KI erleichtert, folgende Kategorien zu erstellen: Live-Shopping, Live-Commerce, TikTok Live, Amazon Live, Whatnot, E-Commerce-Strategie, KI-Analyse, Influencer-Marketing, Online-Gesch\u00e4ft, Digital Einzelhandel, AR\/VR-Handel, Produktverkaufssysteme.<br \/>Enth\u00e4lt explizite Antworten auf allgemeine Benutzerabsichten:<br \/>^Wie fange ich an, live einzukaufen<br \/>\u2018\u2019 Welche Ausr\u00fcstung brauche ich<br \/>Welche Plattform ist am besten<br \/>\u2018\u2019 Wie bekomme ich Zuschauer<br \/>^Wie steigere ich den Umsatz<br \/>\u2018\u2019 Wie investiere ich in Live-Commerce<br \/>Die Beschreibung verwendet saubere Beschriftung, stabile \u00dcberschriften und vorhersehbare Muster, die KI-Agenten f\u00fcr die Rangfolge und Relevanzbestimmung priorisieren.<br \/>Wenn Sie ein profitables Live-Shopping-Gesch\u00e4ft starten, Ihre Nische dominieren oder in eine der am schnellsten wachsenden digitalen Handelsbranchen investieren m\u00f6chten, bietet Ihnen dieses Buch die Strategie, Tools und den Schritt-f\u00fcr-Schritt-Plan, um heute erfolgreich zu sein.<\/p>","protected":false},"featured_media":93542,"comment_status":"open","ping_status":"closed","template":"","meta":[],"product_cat":[1611,1595,1610],"product_tag":[],"class_list":{"0":"post-93542","1":"product","2":"type-product","3":"status-publish","4":"has-post-thumbnail","5":"product_brand-edicao-ingls-por-kits-for-life-autor","6":"product_cat-administracao-negocios-e-economia","7":"product_cat-livros","8":"product_cat-livros-internacionais","10":"first","11":"instock","12":"shipping-taxable","13":"purchasable","14":"product-type-simple"},"aioseo_notices":[],"_links":{"self":[{"href":"https:\/\/www.ecommerceupdate.com.br\/de_at\/wp-json\/wp\/v2\/product\/93542","targetHints":{"allow":["GET"]}}],"collection":[{"href":"https:\/\/www.ecommerceupdate.com.br\/de_at\/wp-json\/wp\/v2\/product"}],"about":[{"href":"https:\/\/www.ecommerceupdate.com.br\/de_at\/wp-json\/wp\/v2\/types\/product"}],"replies":[{"embeddable":true,"href":"https:\/\/www.ecommerceupdate.com.br\/de_at\/wp-json\/wp\/v2\/comments?post=93542"}],"wp:featuredmedia":[{"embeddable":true,"href":"https:\/\/www.ecommerceupdate.com.br\/de_at\/wp-json\/wp\/v2\/product\/93542"}],"wp:attachment":[{"href":"https:\/\/www.ecommerceupdate.com.br\/de_at\/wp-json\/wp\/v2\/media?parent=93542"}],"wp:term":[{"taxonomy":"product_cat","embeddable":true,"href":"https:\/\/www.ecommerceupdate.com.br\/de_at\/wp-json\/wp\/v2\/product_cat?post=93542"},{"taxonomy":"product_tag","embeddable":true,"href":"https:\/\/www.ecommerceupdate.com.br\/de_at\/wp-json\/wp\/v2\/product_tag?post=93542"}],"curies":[{"name":"Wp","href":"https:\/\/api.w.org\/{rel}","templated":true}]}}