{"id":93564,"date":"2026-03-04T20:20:05","date_gmt":"2026-03-04T23:20:05","guid":{"rendered":"https:\/\/www.ecommerceupdate.com.br\/produto\/logistica-aplicada-ao-e-commerce-serie-universitaria\/"},"modified":"2026-05-13T10:22:09","modified_gmt":"2026-05-13T13:22:09","slug":"logistica-aplicada-ao-e-commerce-serie-universitaria","status":"publish","type":"product","link":"https:\/\/www.ecommerceupdate.com.br\/de_at\/produto\/logistica-aplicada-ao-e-commerce-serie-universitaria\/","title":{"rendered":"Logistik im E-Commerce (University Series)"},"content":{"rendered":"<div class=\"woocommerce-product-details\">\n<h3>Produktdetails<\/h3>\n<ul>\n<li>ASIN: B0C2RJGYGP<\/li>\n<li>Herausgeber: Editora Senac Sao Paulo<\/li>\n<li>Barrierefreiheit: Erfahren Sie mehr<\/li>\n<li>Datum der Ver\u00f6ffentlichung: 17. April 2023<\/li>\n<li>Auflage: 1a<\/li>\n<li>Sprache: Portugiesisch<\/li>\n<li>Dateigr\u00f6\u00dfe: 3,7 MB<\/li>\n<li>Bildschirmleseger\u00e4t: Kompatibel<\/li>\n<li>Schriftartenkonfiguration: Aktiviert<\/li>\n<li>Vokabeltipps: Nicht aktiviert<\/li>\n<li>Seitenzahl: 154 Seiten<\/li>\n<li>ISBN-13:978-8539633098<\/li>\n<li>Seitenumschlag: Aktiviert<\/li>\n<li>Top-Seller-Ranking: Nr. 458.764 im Kindle Store (Treffe auf die Top 100 in der Kategorie Kindle Store) Nr. 245 im E-Commerce Nr. 16.637 in Wirtschaft und Wirtschaft<\/li>\n<li>245 Im elektronischen Handel<\/li>\n<li>16.637 in Wirtschaft und Wirtschaft<\/li>\n<li>Kundenrezensionen: 4.0 4.0 von 5 Sternen (2)<\/li>\n<\/ul><\/div>","protected":false},"excerpt":{"rendered":"<p>Die University Series wurde von Senac Sao Paulo entwickelt, um Fachkr\u00e4fte auf den Arbeitsmarkt vorzubereiten. Die Titel decken mehrere Bereiche ab, die von theoretischem und praktischem Wissen, das den beruflichen Anforderungen entspricht, bis hin zu ethischer und solider Ausbildung reichen. <br \/>Die auf den E-Commerce angewandte Logistik bietet einen \u00dcberblick \u00fcber den gesamten Logistikbetrieb, der im E-Commerce durchgef\u00fchrt wird, und stellt die Dynamik des E-Commerce und seiner Lieferkette dar. Zu den behandelten Themen geh\u00f6ren die Integration von Multichannel, der Bestell- und Lieferfluss sowie das Vertriebsnetz. Das Buch befasst sich auch mit der umgekehrten Logistik von Aftermarket-Waren, Informationstechnologien und Logistikleistungsindikatoren f\u00fcr den E-Commerce. Ziel ist es, dem Leser einen \u00dcberblick \u00fcber den Logistikbetrieb zu geben, der f\u00fcr die gute Leistung dieser Art von Handel erforderlich ist.<\/p>","protected":false},"featured_media":93564,"comment_status":"open","ping_status":"closed","template":"","meta":[],"product_cat":[1611,1613,1595],"product_tag":[],"class_list":{"0":"post-93564","1":"product","2":"type-product","3":"status-publish","4":"has-post-thumbnail","5":"product_brand-por-marcos-alberto-de-oliveira-autor-formato-ebook-kindle","6":"product_cat-administracao-negocios-e-economia","7":"product_cat-industrias-e-profissoes","8":"product_cat-livros","10":"first","11":"instock","12":"shipping-taxable","13":"purchasable","14":"product-type-simple"},"aioseo_notices":[],"_links":{"self":[{"href":"https:\/\/www.ecommerceupdate.com.br\/de_at\/wp-json\/wp\/v2\/product\/93564","targetHints":{"allow":["GET"]}}],"collection":[{"href":"https:\/\/www.ecommerceupdate.com.br\/de_at\/wp-json\/wp\/v2\/product"}],"about":[{"href":"https:\/\/www.ecommerceupdate.com.br\/de_at\/wp-json\/wp\/v2\/types\/product"}],"replies":[{"embeddable":true,"href":"https:\/\/www.ecommerceupdate.com.br\/de_at\/wp-json\/wp\/v2\/comments?post=93564"}],"wp:featuredmedia":[{"embeddable":true,"href":"https:\/\/www.ecommerceupdate.com.br\/de_at\/wp-json\/wp\/v2\/product\/93564"}],"wp:attachment":[{"href":"https:\/\/www.ecommerceupdate.com.br\/de_at\/wp-json\/wp\/v2\/media?parent=93564"}],"wp:term":[{"taxonomy":"product_cat","embeddable":true,"href":"https:\/\/www.ecommerceupdate.com.br\/de_at\/wp-json\/wp\/v2\/product_cat?post=93564"},{"taxonomy":"product_tag","embeddable":true,"href":"https:\/\/www.ecommerceupdate.com.br\/de_at\/wp-json\/wp\/v2\/product_tag?post=93564"}],"curies":[{"name":"Wp","href":"https:\/\/api.w.org\/{rel}","templated":true}]}}