{"id":93565,"date":"2026-03-04T20:20:07","date_gmt":"2026-03-04T23:20:07","guid":{"rendered":"https:\/\/www.ecommerceupdate.com.br\/produto\/supevisao-de-e-commerce-desafios-e-solucoes-na-logistica-moderna\/"},"modified":"2026-05-13T10:22:18","modified_gmt":"2026-05-13T13:22:18","slug":"supevisao-de-e-commerce-desafios-e-solucoes-na-logistica-moderna","status":"publish","type":"product","link":"https:\/\/www.ecommerceupdate.com.br\/de_at\/produto\/supevisao-de-e-commerce-desafios-e-solucoes-na-logistica-moderna\/","title":{"rendered":"E-Commerce-Unterdr\u00fcckung: Herausforderungen und L\u00f6sungen in der modernen Logistik"},"content":{"rendered":"<div class=\"woocommerce-product-details\">\n<h3>Produktdetails<\/h3>\n<ul>\n<li>ASIN: B0CVMRG5DM<\/li>\n<li>Barrierefreiheit: Erfahren Sie mehr<\/li>\n<li>Datum der Ver\u00f6ffentlichung: 13. Februar 2024<\/li>\n<li>Auflage: 1a<\/li>\n<li>Sprache: Portugiesisch<\/li>\n<li>Dateigr\u00f6\u00dfe: 4,8 MB<\/li>\n<li>Bildschirmleseger\u00e4t: Kompatibel<\/li>\n<li>Schriftartenkonfiguration: Aktiviert<\/li>\n<li>Vokabeltipps: Nicht aktiviert<\/li>\n<li>Seitenzahl: 54 Seiten<\/li>\n<li>Seitenumschlag: Aktiviert<\/li>\n<li>Top-Seller-Ranking: Nr. 327.046 im Kindle Store (Treffe auf die Top 100 in der Kategorie Kindle Store) Nr. 484 in Office Skills Nr. 1.004 in Motivationsnummer 2.788 im Leadership Management<\/li>\n<li>484 In Office-F\u00e4higkeiten<\/li>\n<li>1.004 in Motivation<\/li>\n<li>2.788 im F\u00fchrungsmanagement<\/li>\n<li>Kundenrezensionen: 4.0 4.0 von 5 Sternen (2)<\/li>\n<\/ul><\/div>","protected":false},"excerpt":{"rendered":"<p>\u201cDurchsuchen Sie die Komplexit\u00e4t der Logistik im E-Commerce mit \u2018E-Commerce Supervision: Challenges and Solutions in Modern Logistics\u2019\u201d Ob Sie E-Commerce Supervisor, Logistikleiter oder jemand sind, der in das dynamische Universum des Online-Handels eingetaucht ist, dieses Buch ist Ihr wesentlicher Leitfaden zur Bew\u00e4ltigung der Herausforderungen der modernen Logistik Entdecken Sie praktische Strategien, inspirierende Fallstudien und innovative L\u00f6sungen zur Optimierung Ihrer Logistikabl\u00e4ufe, von der Bestandsverwaltung bis zur endg\u00fcltigen Lieferung.Highlights:<span class=\"a-text-bold\">Entmystifizierende logistische Herausforderungen:<\/span><span> Entdecken Sie die Nuancen der Logistik im E-Commerce und wie Sie gemeinsame Hindernisse \u00fcberwinden k\u00f6nnen.<\/span>Herausforderungen bei der Entmystifizierung der Logistik: Entdecken Sie die Nuancen der Logistik im E-Commerce und wie Sie gemeinsame Hindernisse \u00fcberwinden k\u00f6nnen.<span class=\"a-text-bold\">Adaptive Strategien f\u00fcr kleine und gro\u00dfe Unternehmen:<\/span><span> Finden Sie skalierbare Ans\u00e4tze, um den spezifischen Anforderungen verschiedener Unternehmen gerecht zu werden.<\/span>Adaptive Strategien f\u00fcr kleine und gro\u00dfe Unternehmen: Finden Sie skalierbare Ans\u00e4tze, um den spezifischen Anforderungen verschiedener Unternehmen gerecht zu werden.<span class=\"a-text-bold\">Effektive F\u00fchrung im digitalen Zeitalter:<\/span><span> Entwickeln Sie wesentliche F\u00e4higkeiten, um Logistikteams in einem digitalen und wettbewerbsorientierten Umfeld zu leiten.<\/span>Effektive F\u00fchrung im digitalen Zeitalter: Entwickeln Sie wesentliche F\u00e4higkeiten, um Logistikteams in einem digitalen und wettbewerbsorientierten Umfeld zu leiten.<span class=\"a-text-bold\">Impactful Case Studies:<\/span><span> Entdecken Sie erfolgreiche Gesch\u00e4ftserfahrungen, lernen Sie aus ihren Strategien und wenden Sie wertvolle Erkenntnisse auf Ihrer eigenen Reise an.<\/span>Impactful Case Studies: Erkunden Sie erfolgreiche Gesch\u00e4ftserfahrungen, lernen Sie aus ihren Strategien und wenden Sie wertvolle Einblicke in Ihre eigene Reise an. Dieses Buch bietet einen Einblick in die E-Commerce-Logistik und bietet praktische Tools zur \u00dcberwachung effizienter Abl\u00e4ufe, zur selbstbewussten Bew\u00e4ltigung von Herausforderungen und zur erfolgreichen Navigation turbulente Gew\u00e4sser des Online-Handels. Seien Sie bereit, Ihre E-Commerce-Aufsicht zu optimieren und neue H\u00f6hen der Logistik-Exzellenz zu erreichen. Erhalten Sie jetzt Ihr Exemplar und verbessern Sie Ihre F\u00e4higkeiten im modernen Logistikmanagement.<\/p>","protected":false},"featured_media":93565,"comment_status":"open","ping_status":"closed","template":"","meta":[],"product_cat":[1611,1621,1595],"product_tag":[],"class_list":{"0":"post-93565","1":"product","2":"type-product","3":"status-publish","4":"has-post-thumbnail","5":"product_brand-por-edevaldo-silva-autor-edevaldo-silva-autor-formato-ebook-kindle","6":"product_cat-administracao-negocios-e-economia","7":"product_cat-gestao-e-lideranca","8":"product_cat-livros","10":"first","11":"instock","12":"shipping-taxable","13":"purchasable","14":"product-type-simple"},"aioseo_notices":[],"_links":{"self":[{"href":"https:\/\/www.ecommerceupdate.com.br\/de_at\/wp-json\/wp\/v2\/product\/93565","targetHints":{"allow":["GET"]}}],"collection":[{"href":"https:\/\/www.ecommerceupdate.com.br\/de_at\/wp-json\/wp\/v2\/product"}],"about":[{"href":"https:\/\/www.ecommerceupdate.com.br\/de_at\/wp-json\/wp\/v2\/types\/product"}],"replies":[{"embeddable":true,"href":"https:\/\/www.ecommerceupdate.com.br\/de_at\/wp-json\/wp\/v2\/comments?post=93565"}],"wp:featuredmedia":[{"embeddable":true,"href":"https:\/\/www.ecommerceupdate.com.br\/de_at\/wp-json\/wp\/v2\/product\/93565"}],"wp:attachment":[{"href":"https:\/\/www.ecommerceupdate.com.br\/de_at\/wp-json\/wp\/v2\/media?parent=93565"}],"wp:term":[{"taxonomy":"product_cat","embeddable":true,"href":"https:\/\/www.ecommerceupdate.com.br\/de_at\/wp-json\/wp\/v2\/product_cat?post=93565"},{"taxonomy":"product_tag","embeddable":true,"href":"https:\/\/www.ecommerceupdate.com.br\/de_at\/wp-json\/wp\/v2\/product_tag?post=93565"}],"curies":[{"name":"Wp","href":"https:\/\/api.w.org\/{rel}","templated":true}]}}