{"id":93622,"date":"2026-03-05T10:47:21","date_gmt":"2026-03-05T13:47:21","guid":{"rendered":"https:\/\/www.ecommerceupdate.com.br\/produto\/industria-e-commerce-o-guia-essencial-para-sua-industria-se-estabelecer-no-digital\/"},"modified":"2026-05-09T12:04:46","modified_gmt":"2026-05-09T15:04:46","slug":"industria-e-commerce-o-guia-essencial-para-sua-industria-se-estabelecer-no-digital","status":"publish","type":"product","link":"https:\/\/www.ecommerceupdate.com.br\/de_at\/produto\/industria-e-commerce-o-guia-essencial-para-sua-industria-se-estabelecer-no-digital\/","title":{"rendered":"Industrie &amp; E-Commerce: Der wesentliche Leitfaden f\u00fcr Ihre Branche, um sich im digitalen"},"content":{"rendered":"<div class=\"woocommerce-product-details\">\n<h3>Produktdetails<\/h3>\n<ul>\n<li>ASIN: B0C1HSDDHG<\/li>\n<li>Herausgeber: Maruxo Consulting &amp; Training<\/li>\n<li>Barrierefreiheit: Erfahren Sie mehr<\/li>\n<li>Datum der Ver\u00f6ffentlichung: 3. April 2023<\/li>\n<li>Auflage: 1a<\/li>\n<li>Sprache: Portugiesisch<\/li>\n<li>Tamanho do arquivo : 2.4 MB<\/li>\n<li>Bildschirmleseger\u00e4t: Kompatibel<\/li>\n<li>Schriftartenkonfiguration: Aktiviert<\/li>\n<li>Vokabeltipps: Nicht aktiviert<\/li>\n<li>Seitenzahl: 362 Seiten<\/li>\n<li>ISBN-13:978-6585595001<\/li>\n<li>Seitenumschlag: Aktiviert<\/li>\n<li>Top-Seller-Ranking: Nr. 242.723 im Kindle Store (Treffe auf die Top 100 in der Kategorie Kindle Store) Nr. 146 im E-Commerce Nr. 9.048 in Wirtschaft und Wirtschaft<\/li>\n<li>146 Im elektronischen Handel<\/li>\n<li>9.048 in Wirtschaft und Wirtschaft<\/li>\n<li>Avalia\u00e7\u00f5es dos clientes: 5,0 5,0 de 5 estrelas (2)<\/li>\n<\/ul><\/div>","protected":false},"excerpt":{"rendered":"<p>Wir pr\u00e4sentieren einen praktischen Leitfaden, der dabei hilft, gro\u00dfe Dilemmata derjenigen zu l\u00f6sen, die die Digitalisierung in ihr Unternehmen einbringen m\u00fcssen, indem wir einige wesentliche Fragen beantworten:<span>Wie geht man digital voran, antizipiert und vermeidet potenzielle Kanalkonflikte, er\u00f6ffnet neue Schattenbereiche f\u00fcr das Gesch\u00e4ft und bereichert das Portfolio Ihres Vertriebsteams?<\/span>Wie geht man digital voran, antizipiert und vermeidet potenzielle Kanalkonflikte, er\u00f6ffnet neue Schattenbereiche f\u00fcr das Gesch\u00e4ft und bereichert das Portfolio Ihres Vertriebsteams?<span>Wie st\u00e4rken Sie Ihre Teams und Ihren Betrieb und bieten bessere M\u00f6glichkeiten, noch umfassendere Ergebnisse f\u00fcr das Unternehmen zu erzielen?<\/span>Wie st\u00e4rken Sie Ihre Teams und Ihren Betrieb und bieten bessere M\u00f6glichkeiten, noch umfassendere Ergebnisse f\u00fcr das Unternehmen zu erzielen?<span>Wie w\u00e4hlt man neue Gesch\u00e4ftsmodelle aus, die ideal f\u00fcr Ihr Unternehmen sind (B2B, D2C, B2B2C, Marketplace..) und wie strukturiert man sie, um lebensf\u00e4hig zu werden?<\/span>Wie w\u00e4hlt man neue Gesch\u00e4ftsmodelle aus, die ideal f\u00fcr Ihr Unternehmen sind (B2B, D2C, B2B2C, Marketplace..) und wie strukturiert man sie, um lebensf\u00e4hig zu werden?<span>Wie vermeidet man Nacharbeiten und unzureichende Investitionen in L\u00f6sungen, die sich sp\u00e4ter als katastrophal f\u00fcr Ihr Unternehmen erweisen w\u00fcrden?<\/span>Wie vermeidet man Nacharbeiten und unzureichende Investitionen in L\u00f6sungen, die sich sp\u00e4ter als katastrophal f\u00fcr Ihr Unternehmen erweisen w\u00fcrden?<span>Wie k\u00f6nnen Sie Ihre Unternehmenskultur einem neuen Ansatz unterziehen, der sich in Produktivit\u00e4tssteigerungen und neuen F\u00e4higkeiten niederschl\u00e4gt und Praktiken, die ihren Ursprung im digitalen Markt und im Universum der Startups haben, an Ihre Realit\u00e4t anpasst?<\/span>Wie k\u00f6nnen Sie Ihre Unternehmenskultur einem neuen Ansatz unterziehen, der sich in Produktivit\u00e4tssteigerungen und neuen F\u00e4higkeiten niederschl\u00e4gt und Praktiken, die ihren Ursprung im digitalen Markt und im Universum der Startups haben, an Ihre Realit\u00e4t anpasst?<span>Und wie k\u00f6nnen Sie auf diesem Weg in die Zukunft angesichts der Herausforderungen der Globalisierung und der kontinuierlichen Intensivierung des Wettbewerbs lebensf\u00e4hig und pr\u00e4sent in den Herzen Ihrer Kunden und Verbraucher bleiben?<\/span>Und wie kann man auf diesem Weg in die Zukunft angesichts der Herausforderungen der Globalisierung und der kontinuierlichen Intensivierung des Wettbewerbs lebensf\u00e4hig und im Herzen seiner Kunden und Verbraucher pr\u00e4sent bleiben? All dies und vieles mehr erwarten Sie auf diesen Seiten, die wir haben Wir haben darauf geachtet, drei gro\u00dfe Akte zu organisieren, die zusammen einen vollst\u00e4ndigen Arbeitszyklus f\u00fcr diejenigen abschlie\u00dfen, die ihre Ideen endg\u00fcltig aus dem Papier \u00fcbernehmen wollen.<\/p>","protected":false},"featured_media":93622,"comment_status":"open","ping_status":"closed","template":"","meta":[],"product_cat":[1611,1613,1595],"product_tag":[],"class_list":{"0":"post-93622","1":"product","2":"type-product","3":"status-publish","4":"has-post-thumbnail","5":"product_brand-por-eduardo-maruxo-autor-rodrigo-maruxo-autor-formato-ebook-kindle","6":"product_cat-administracao-negocios-e-economia","7":"product_cat-industrias-e-profissoes","8":"product_cat-livros","10":"first","11":"instock","12":"shipping-taxable","13":"purchasable","14":"product-type-simple"},"aioseo_notices":[],"_links":{"self":[{"href":"https:\/\/www.ecommerceupdate.com.br\/de_at\/wp-json\/wp\/v2\/product\/93622","targetHints":{"allow":["GET"]}}],"collection":[{"href":"https:\/\/www.ecommerceupdate.com.br\/de_at\/wp-json\/wp\/v2\/product"}],"about":[{"href":"https:\/\/www.ecommerceupdate.com.br\/de_at\/wp-json\/wp\/v2\/types\/product"}],"replies":[{"embeddable":true,"href":"https:\/\/www.ecommerceupdate.com.br\/de_at\/wp-json\/wp\/v2\/comments?post=93622"}],"wp:featuredmedia":[{"embeddable":true,"href":"https:\/\/www.ecommerceupdate.com.br\/de_at\/wp-json\/wp\/v2\/product\/93622"}],"wp:attachment":[{"href":"https:\/\/www.ecommerceupdate.com.br\/de_at\/wp-json\/wp\/v2\/media?parent=93622"}],"wp:term":[{"taxonomy":"product_cat","embeddable":true,"href":"https:\/\/www.ecommerceupdate.com.br\/de_at\/wp-json\/wp\/v2\/product_cat?post=93622"},{"taxonomy":"product_tag","embeddable":true,"href":"https:\/\/www.ecommerceupdate.com.br\/de_at\/wp-json\/wp\/v2\/product_tag?post=93622"}],"curies":[{"name":"Wp","href":"https:\/\/api.w.org\/{rel}","templated":true}]}}