{"id":93668,"date":"2026-03-05T14:05:59","date_gmt":"2026-03-05T17:05:59","guid":{"rendered":"https:\/\/www.ecommerceupdate.com.br\/produto\/os-grandes-magos-do-mercado-financeiro-o-que-as-maiores-lendas-do-trade-podem-ensinar-ao-investidor-comum\/"},"modified":"2026-05-08T11:47:51","modified_gmt":"2026-05-08T14:47:51","slug":"os-grandes-magos-do-mercado-financeiro-o-que-as-maiores-lendas-do-trade-podem-ensinar-ao-investidor-comum","status":"publish","type":"product","link":"https:\/\/www.ecommerceupdate.com.br\/de_at\/produto\/os-grandes-magos-do-mercado-financeiro-o-que-as-maiores-lendas-do-trade-podem-ensinar-ao-investidor-comum\/","title":{"rendered":"Os grandes magos do mercado financeiro: O que as maiores lendas do trade podem ensinar ao investidor comum"},"content":{"rendered":"<div class=\"woocommerce-product-details\"><\/div>","protected":false},"excerpt":{"rendered":"<p>Schwager convida o leitor a mergulhar na mente de alguns dos traders mais consagrados de todos os tempos, decifrando seus segredos, t\u00e9cnicas e emo\u00e7\u00f5es, em busca de seu pr\u00f3prio m\u00e9todo para se destacar no mercado. \u201cEstes traders t\u00eam m\u00e9todo, convic\u00e7\u00e3o e disciplina. S\u00e3o her\u00f3is de Wall Street, descritos maravilhosamente por Jack Schwager.\u201d \u2013 Robert Prechter Jr. , investidor <\/p>\n<p>No final dos anos 1980, a insatisfa\u00e7\u00e3o com seu desempenho no mercado levou o investidor Jack Schwager a se perguntar por que alguns traders eram t\u00e3o bem-sucedidos.Como conseguiam faturar milh\u00f5es em poucas horas? Qual era o segredo deles para repetir um desempenho espetacular ano ap\u00f3s ano? Que disciplina mental se impunham para vencer onde tantos fracassavam?Decidido a encontrar respostas, ele entrevistou lendas do trading como Ed Seykota e Michael Marcus, dando in\u00edcio \u00e0 s\u00e9rie Os Magos do Mercado Financeiro, adorada por investidores do mundo inteiro. Neste livro, que inaugurou a s\u00e9rie e se mant\u00e9m atual, o autor conta hist\u00f3rias como estas:\u2022 O trader que perdeu tudo v\u00e1rias vezes at\u00e9 transformar uma carteira de 30 mil d\u00f3lares em 80 milh\u00f5es \u2022 Um ex-analista que ao longo de sete anos obteve retornos m\u00e9dios mensais de 25% \u2022 Um engenheiro do MIT cujo m\u00e9todo informatizado permitiu um retorno de 250.000% em 16 anos <\/p>","protected":false},"featured_media":93668,"comment_status":"open","ping_status":"closed","template":"","meta":[],"product_cat":[1611,1613,1595],"product_tag":[],"class_list":{"0":"post-93668","1":"product","2":"type-product","3":"status-publish","4":"has-post-thumbnail","5":"product_brand-por-jack-d-schwager-autor-andr-fontenelle-tradutor","6":"product_cat-administracao-negocios-e-economia","7":"product_cat-industrias-e-profissoes","8":"product_cat-livros","10":"first","11":"instock","12":"sale","13":"shipping-taxable","14":"purchasable","15":"product-type-simple"},"aioseo_notices":[],"_links":{"self":[{"href":"https:\/\/www.ecommerceupdate.com.br\/de_at\/wp-json\/wp\/v2\/product\/93668","targetHints":{"allow":["GET"]}}],"collection":[{"href":"https:\/\/www.ecommerceupdate.com.br\/de_at\/wp-json\/wp\/v2\/product"}],"about":[{"href":"https:\/\/www.ecommerceupdate.com.br\/de_at\/wp-json\/wp\/v2\/types\/product"}],"replies":[{"embeddable":true,"href":"https:\/\/www.ecommerceupdate.com.br\/de_at\/wp-json\/wp\/v2\/comments?post=93668"}],"wp:featuredmedia":[{"embeddable":true,"href":"https:\/\/www.ecommerceupdate.com.br\/de_at\/wp-json\/wp\/v2\/product\/93668"}],"wp:attachment":[{"href":"https:\/\/www.ecommerceupdate.com.br\/de_at\/wp-json\/wp\/v2\/media?parent=93668"}],"wp:term":[{"taxonomy":"product_cat","embeddable":true,"href":"https:\/\/www.ecommerceupdate.com.br\/de_at\/wp-json\/wp\/v2\/product_cat?post=93668"},{"taxonomy":"product_tag","embeddable":true,"href":"https:\/\/www.ecommerceupdate.com.br\/de_at\/wp-json\/wp\/v2\/product_tag?post=93668"}],"curies":[{"name":"Wp","href":"https:\/\/api.w.org\/{rel}","templated":true}]}}