{"id":93906,"date":"2026-03-06T07:24:32","date_gmt":"2026-03-06T10:24:32","guid":{"rendered":"https:\/\/www.ecommerceupdate.com.br\/produto\/omnichannel-marketing-a-complete-guide-2021-edition\/"},"modified":"2026-05-03T12:45:27","modified_gmt":"2026-05-03T15:45:27","slug":"omnichannel-marketing-a-complete-guide-2021-edition","status":"publish","type":"product","link":"https:\/\/www.ecommerceupdate.com.br\/de_at\/produto\/omnichannel-marketing-a-complete-guide-2021-edition\/","title":{"rendered":"Omnichannel Marketing Der komplette Leitfaden Ausgabe 2021"},"content":{"rendered":"<div class=\"woocommerce-product-details\">\n<h3>Produktdetails<\/h3>\n<ul>\n<li>Sprache: Englisch<\/li>\n<li>ISBN-10:186742052X<\/li>\n<li>ISBN-13:978-1867420521<\/li>\n<li>Produktgewicht: 549g<\/li>\n<li>Abmessungen: 15,24 x 2,03 x 22,86 cm<\/li>\n<li>Kundenrezensionen: 5,0 5,0 von 5 Sternen (1)<\/li>\n<\/ul><\/div>","protected":false},"excerpt":{"rendered":"<p>Master-Marketing-Strategien, die Kunden \u00fcber Kan\u00e4le hinweg verbinden, die Conversion und Return on Investment mit konsistenter Nachrichten\u00fcbermittlung und integrierten Aktionen an jedem Touchpoint steigern. Diese Ausgabe 2021 bietet einen vollst\u00e4ndigen Leitfaden mit klarer Struktur, praktischen Beispielen und Metriken zur Messung von Ergebnissen und zur Optimierung des Budgets. Verf\u00fcgbar f\u00fcr R$ 502.98.<\/p>","protected":false},"featured_media":0,"comment_status":"open","ping_status":"closed","template":"","meta":[],"product_cat":[1595,1610],"product_tag":[2609,2610,2362],"class_list":{"0":"post-93906","1":"product","2":"type-product","3":"status-publish","4":"product_brand-edicao-ingls","5":"product_cat-livros","6":"product_cat-livros-internacionais","7":"product_tag-complete-omnichannel-marketing-guide-for-marketers","8":"product_tag-english-edition-digital-marketing-strategy-handbook","9":"product_tag-omnichannel-marketing-book-2021-edition","11":"first","12":"instock","13":"shipping-taxable","14":"purchasable","15":"product-type-simple"},"aioseo_notices":[],"_links":{"self":[{"href":"https:\/\/www.ecommerceupdate.com.br\/de_at\/wp-json\/wp\/v2\/product\/93906","targetHints":{"allow":["GET"]}}],"collection":[{"href":"https:\/\/www.ecommerceupdate.com.br\/de_at\/wp-json\/wp\/v2\/product"}],"about":[{"href":"https:\/\/www.ecommerceupdate.com.br\/de_at\/wp-json\/wp\/v2\/types\/product"}],"replies":[{"embeddable":true,"href":"https:\/\/www.ecommerceupdate.com.br\/de_at\/wp-json\/wp\/v2\/comments?post=93906"}],"wp:attachment":[{"href":"https:\/\/www.ecommerceupdate.com.br\/de_at\/wp-json\/wp\/v2\/media?parent=93906"}],"wp:term":[{"taxonomy":"product_cat","embeddable":true,"href":"https:\/\/www.ecommerceupdate.com.br\/de_at\/wp-json\/wp\/v2\/product_cat?post=93906"},{"taxonomy":"product_tag","embeddable":true,"href":"https:\/\/www.ecommerceupdate.com.br\/de_at\/wp-json\/wp\/v2\/product_tag?post=93906"}],"curies":[{"name":"Wp","href":"https:\/\/api.w.org\/{rel}","templated":true}]}}