{"id":94404,"date":"2026-03-13T08:58:28","date_gmt":"2026-03-13T11:58:28","guid":{"rendered":"https:\/\/www.ecommerceupdate.com.br\/produto\/pelicula-para-kindle-11a-geracao-2024-e-2022-rs23cv-e-c2v2l3-6-polegadas-antirreflexo-fosca\/"},"modified":"2026-05-13T11:07:35","modified_gmt":"2026-05-13T14:07:35","slug":"pelicula-para-kindle-11a-geracao-2024-e-2022-rs23cv-e-c2v2l3-6-polegadas-antirreflexo-fosca","status":"publish","type":"product","link":"https:\/\/www.ecommerceupdate.com.br\/de_at\/produto\/pelicula-para-kindle-11a-geracao-2024-e-2022-rs23cv-e-c2v2l3-6-polegadas-antirreflexo-fosca\/","title":{"rendered":"Film f\u00fcr Kindle der 11. Generation 2024 und 2022 (RS23CV und C2V2L3) 6 \u201eZoll und Antireflex 2024 und 2022"},"content":{"rendered":"<div class=\"woocommerce-product-details\">\n<h3>Von Marke<\/h3>\n<div><img decoding=\"async\" src=\"https:\/\/m.media-amazon.com\/images\/S\/aplus-media-library-service-media\/c248faf5-b8a4-4f2f-9d05-4692cdf55ae9.__CR0,0,1464,625_PT0_SX1464_V1___.png\" alt=\"Markenbild\" style=\"max-width: 100%\"><\/div>\n<p>Kindle Case Mavife<\/p>\n<p> Farbige, umschnallbare, Origami- oder transparente Bez\u00fcge im TPU-Stil, die Schutz, Stil und Zweckm\u00e4\u00dfigkeit f\u00fcr Ihren Kindle vereinen.<\/p>\n<div id=\"aplus_feature_div\" class=\"celwidget pd_rd_w-sZOhP pd_rd_r-41A6RBH7B2A4ZK3E04Q4 pd_rd_wg-O5GHa\" data-feature-name=\"aplus\" data-csa-c-type=\"widget\" data-csa-c-content-id=\"aplus\" data-csa-c-slot-id=\"aplus_feature_div\" data-csa-c-asin=\"\" data-csa-c-is-in-initial-active-row=\"false\">\n<div id=\"aplus\" class=\"a-section a-spacing-large bucket\">\n<h3 class=\"\">Produktbeschreibung<\/h3>\n<div lang=\"pt_BR\">\n<div class=\"aplus-v2 desktop celwidget\">\n<div class=\"celwidget aplus-module premium-module-2-fullbackground-image aplus-premium\">\n<div class=\"a-section a-spacing-none premium-aplus premium-aplus-module-2\">\n<div class=\"a-section a-spacing-none premium-background-wrapper\">\n<div class=\"a-section a-spacing-none background-image\"> <img decoding=\"async\" alt=\"Kindle-Film\" src=\"https:\/\/m.media-amazon.com\/images\/S\/aplus-media-library-service-media\/0e96fd38-c98c-488c-9f77-9ce03f03f7e9.__CR0,0,1464,600_PT0_SX1464_V1___.png\" \/> <\/div>\n<\/p>\n<\/div>\n<\/div>\n<\/div>\n<div class=\"celwidget aplus-module premium-module-3-four-column-images aplus-premium\">\n<div class=\"a-section a-spacing-none premium-aplus premium-aplus-module-3 aplus-container-1\">\n<div class=\"a-section a-spacing-none premium-aplus-four-column\">\n<div class=\"a-section a-spacing-none premium-aplus-column\">\n<div class=\"a-section a-spacing-none {'column-image'}\"> <img decoding=\"async\" alt=\"Bild 1\" src=\"https:\/\/m.media-amazon.com\/images\/S\/aplus-media-library-service-media\/ac0b63d2-54c8-48cc-8471-8a93c8657693.__CR0,251,2008,1506_PT0_SX300_V1___.png\" \/> <\/div>\n<div class=\"a-section a-spacing-none column-heading\">\n<h1 class=\"aplus-h3 a-text-bold\"> 1 'Limpe den Bildschirm <\/h1>\n<\/p>\n<\/div>\n<div class=\"a-section a-spacing-none column-description\">\n<p class=\"aplus-p3\"> Entfernen Sie Schmutz mit einem sauberen Tuch und Alkohol. <\/p>\n<\/p>\n<\/div>\n<\/div>\n<div class=\"a-section a-spacing-none premium-aplus-column\">\n<div class=\"a-section a-spacing-none {'column-image'}\"> <img decoding=\"async\" alt=\"Bild 2\" src=\"https:\/\/m.media-amazon.com\/images\/S\/aplus-media-library-service-media\/c23ba00b-35b1-4102-8be8-3a58ac5d83a2.__CR0,250,1996,1497_PT0_SX300_V1___.png\" \/> <\/div>\n<div class=\"a-section a-spacing-none column-heading\">\n<h1 class=\"aplus-h3 a-text-bold\"> 2 ^ Entfernen Sie den roten Aufkleber <\/h1>\n<\/p>\n<\/div>\n<div class=\"a-section a-spacing-none column-description\">\n<p class=\"aplus-p3\"> Entfernen Sie die Klebefolie und tragen Sie sie auf den Bildschirm auf <\/p>\n<\/p>\n<\/div>\n<\/div>\n<div class=\"a-section a-spacing-none premium-aplus-column\">\n<div class=\"a-section a-spacing-none {'column-image'}\"> <img decoding=\"async\" alt=\"Bild 3\" src=\"https:\/\/m.media-amazon.com\/images\/S\/aplus-media-library-service-media\/e8de632f-5c7d-417c-afa8-524ea3d604ba.__CR0,253,2024,1518_PT0_SX300_V1___.png\" \/> <\/div>\n<div class=\"a-section a-spacing-none column-heading\">\n<h1 class=\"aplus-h3 a-text-bold\"> 3 ^ Entfernen Sie den schwarzen Klebstoff <\/h1>\n<\/p>\n<\/div>\n<div class=\"a-section a-spacing-none column-description\">\n<p class=\"aplus-p3\"> Andere Klebefolie entfernen. <\/p>\n<\/p>\n<\/div>\n<\/div>\n<div class=\"a-section a-spacing-none premium-aplus-column\">\n<div class=\"a-section a-spacing-none {'column-image'}\"> <img decoding=\"async\" alt=\"Bild 4\" src=\"https:\/\/m.media-amazon.com\/images\/S\/aplus-media-library-service-media\/c26adb2a-42d7-4b00-a990-c1494ae910c5.__CR0,248,1980,1485_PT0_SX300_V1___.png\" \/> <\/div>\n<div class=\"a-section a-spacing-none column-heading\">\n<h1 class=\"aplus-h3 a-text-bold\"> 4 'L\u00f6sen Sie die Blasen <\/h1>\n<\/p>\n<\/div>\n<div class=\"a-section a-spacing-none column-description\">\n<p class=\"aplus-p3\"> Entfernen Sie mit einem Schaber Luftblasen und Spuren, die Alkohol hinterlassen hat. <\/p>\n<\/p>\n<\/div>\n<\/div>\n<\/div>\n<\/div>\n<\/div>\n<div class=\"celwidget aplus-module premium-module-8-hero-video aplus-premium\">\n<div class=\"a-section a-spacing-none premium-aplus premium-aplus-module-8\">\n<div class=\"a-section a-spacing-none premium-aplus-module-8-video\">\n<div class=\"a-section a-spacing-none video-container\">\n<div id=\"163ecb4e-7c63-493d-9e59-a4bf6bd27248\" style=\"width:100%;height:100%\">\n<div class=\"vse-airy-container vse-player-container none\">\n<div id=\"ive-aplus-22018-player-label-container\" data-element-id=\"ive-player-label-container\" class=\"a-section a-spacing-none ive-player-label-container\"><span class=\"a-declarative\" data-action=\"a-popover\" data-a-popover=\"{&quot;name&quot;:&quot;ive-aplus-22018-label-type-tooltip&quot;,&quot;width&quot;:&quot;300&quot;,&quot;position&quot;:&quot;triggerRight&quot;,&quot;dataStrategy&quot;:&quot;preload&quot;}\"><a href=\"\/de_at\/void(0)\/\" role=\"button\" class=\"a-popover-trigger a-declarative ive-player-label-name aok-hidden\"><i class=\"a-icon a-icon-popover\"><\/i><\/a><\/span><\/p>\n<div class=\"a-popover-preload\" id=\"a-popover-ive-aplus-22018-label-type-tooltip\"><span class=\"ive-demo-label-tooltip ive-player-label-tooltip aok-hidden\">Das Video zeigt das Produkt im Einsatz.<\/span><span class=\"ive-assembly-label-tooltip ive-player-label-tooltip aok-hidden\">Das Video f\u00fchrt Sie durch die Produktkonfiguration.<\/span><span class=\"ive-comparison-label-tooltip ive-player-label-tooltip aok-hidden\">Das Video vergleicht verschiedene Produkte.<\/span><span class=\"ive-unboxing-label-tooltip ive-player-label-tooltip aok-hidden\">Das Video zeigt das Produkt beim Auspacken.<\/span><\/div>\n<\/p><\/div>\n<\/p><\/div>\n<\/div>\n<\/div>\n<\/div>\n<\/div>\n<\/div>\n<div class=\"celwidget aplus-module premium-module-12-nav-carousel aplus-premium\">\n<div class=\"a-section a-spacing-none premium-aplus premium-aplus-module-12 premium-aplus-module-12--top-nav\">\n<div data-module-id=\"3\" class=\"a-section a-spacing-none aplus-carousel-container\">\n<div id=\"premium-aplus-12-carousel-3-id\" data-a-carousel-options=\"{&quot;peek_percentage&quot;:0,&quot;minimum_gutter_width&quot;:0,&quot;show_partial_next&quot;:false,&quot;name&quot;:&quot;premium-aplus-12-carousel-3&quot;}\" aria-label=\"Karussell mit vorgestellten Inhalten\" data-a-display-strategy=\"single\" data-a-transition-strategy=\"slideCircular\" role=\"group\" class=\"a-begin a-carousel-container a-carousel-static a-carousel-display-single a-carousel-transition-slideCircular aplus-image-carousel-container\">\n<div class=\"a-row a-carousel-controls a-carousel-row a-carousel-has-buttons a-carousel-overlay-buttons a-carousel-rounded-buttons\">\n<div class=\"a-carousel-row-inner\">\n<div class=\"a-carousel-col a-carousel-left\"><a class=\"a-carousel-goto-prevpage\" role=\"button\" href=\"#\"><i class=\"a-icon a-icon-previous-rounded\"><span class=\"a-icon-alt\">Vorherige Seite<\/span><\/i><\/a><\/div>\n<div class=\"a-carousel-col a-carousel-center\">\n<div class=\"a-carousel-viewport\" role=\"group\">\n<ol class=\"a-carousel\" role=\"list\">\n<li class=\"a-carousel-card aplus-carousel-card\">\n<div class=\"a-section a-spacing-none aplus-card-image\"> <img decoding=\"async\" alt=\"Hochwertiges Material\" src=\"https:\/\/m.media-amazon.com\/images\/S\/aplus-media-library-service-media\/0e9d4f8e-f694-4e6f-b06b-19561b4a7a4f.__CR0,0,1464,600_PT0_SX1464_V1___.png\" \/> <\/div>\n<\/li>\n<li class=\"a-carousel-card aplus-carousel-card\">\n<div class=\"a-section a-spacing-none aplus-card-image\"> <img decoding=\"async\" alt=\"Risikobest\u00e4ndig\" src=\"https:\/\/m.media-amazon.com\/images\/S\/aplus-media-library-service-media\/35d7f37e-9cb9-46bb-acec-14c433cfe7ec.__CR0,0,1464,600_PT0_SX1464_V1___.png\" \/> <\/div>\n<\/li>\n<li class=\"a-carousel-card aplus-carousel-card\">\n<div class=\"a-section a-spacing-none aplus-card-image\"> <img decoding=\"async\" alt=\"Schutz\" src=\"https:\/\/m.media-amazon.com\/images\/S\/aplus-media-library-service-media\/f737e049-db59-437a-8853-2483b8a0a8f0.__CR0,0,1464,600_PT0_SX1464_V1___.png\" \/> <\/div>\n<\/li>\n<\/ol><\/div>\n<\/p><\/div>\n<div class=\"a-carousel-col a-carousel-right\"><a class=\"a-carousel-goto-nextpage\" role=\"button\" href=\"#\"><i class=\"a-icon a-icon-next-rounded\"><span class=\"a-icon-alt\">N\u00e4chste Seite<\/span><\/i><\/a><\/div>\n<\/p><\/div>\n<\/p><\/div>\n<\/div>\n<\/div>\n<\/div>\n<\/div>\n<div class=\"celwidget aplus-module premium-module-13-carousel aplus-premium\">\n<div class=\"a-section a-spacing-none premium-aplus premium-aplus-module-13\">\n<h1 class=\"aplus-container-3 aplus-h1 a-text-bold\"> Vielleicht gef\u00e4llt Ihnen: <\/h1>\n<div class=\"a-section a-spacing-none aplus-carousel-container\">\n<div id=\"premium-aplus-13-carousel-4-id\" data-a-carousel-options=\"{&quot;peek_percentage&quot;:0,&quot;minimum_gutter_width&quot;:0,&quot;show_partial_next&quot;:false,&quot;name&quot;:&quot;premium-aplus-13-carousel-4&quot;}\" aria-label=\"Karussell mit vorgestellten Inhalten\" data-a-display-strategy=\"single\" data-a-transition-strategy=\"slideCircular\" role=\"group\" class=\"a-begin a-carousel-container a-carousel-static a-carousel-display-single a-carousel-transition-slideCircular\">\n<div class=\"a-row a-carousel-controls a-carousel-row a-carousel-has-buttons a-carousel-overlay-buttons a-carousel-rounded-buttons\">\n<div class=\"a-carousel-row-inner\">\n<div class=\"a-carousel-col a-carousel-left\"><a class=\"a-carousel-goto-prevpage\" role=\"button\" href=\"#\"><i class=\"a-icon a-icon-previous-rounded\"><span class=\"a-icon-alt\">Vorherige Seite<\/span><\/i><\/a><\/div>\n<div class=\"a-carousel-col a-carousel-center\">\n<div class=\"a-carousel-viewport\" role=\"group\">\n<ol class=\"a-carousel\" role=\"list\">\n<li class=\"a-carousel-card aplus-carousel-element\">\n<div id=\"premium-aplus-13-carousel-4-slide-0\">\n<div class=\"a-section a-spacing-none aplus-card-image\"> <img decoding=\"async\" alt=\"SCHWARZ\" src=\"https:\/\/m.media-amazon.com\/images\/S\/aplus-media-library-service-media\/8f1029ce-f1ce-47e1-a4fb-9765c6849c02.__CR0,0,1464,600_PT0_SX1464_V1___.png\" \/> <\/div>\n<div class=\"a-section a-spacing-none aplus-card-description-wrapper\">\n<div class=\"a-section a-spacing-none aplus-card-description aplus-container-1-2\">\n<div class=\"a-section a-spacing-none aplus-card-table-cell\">\n<div class=\"a-section a-spacing-none aplus-text-background aplus-container-1\">\n<div class=\"a-section a-spacing-none aplus-card-title\">\n<h1 class=\"aplus-h2 a-text-bold\"> Kindle-Geh\u00e4use der 11. Generation (C2V2L3 und RS23CV) Schwarz <\/h1>\n<\/p>\n<\/div>\n<div class=\"a-section a-spacing-none aplus-card-body\">\n<p class=\"aplus-p3\"> Voller Schutz mit Auto-Winterschlaffunktion und Magnetsensor Nehmen Sie Ihren Kindle sicher \u00fcberall hin mit. <\/p>\n<\/p>\n<\/div>\n<div class=\"a-section a-spacing-none aplus-card-link-button\"> <span class=\"a-button a-button-toggle aplus-comparison-table-carousel-link-button\"><span class=\"a-button-inner\"><a href=\"\/de_at\/dp\/B0DBFKYYBP\/?ref=emc_p_m_13_b\" aria-label=\"Erfahren Sie mehr \u00fcber das Produkt: Kindle 11th Generation Case (C2V2L3 und RS23CV) Schwarz\" class=\"a-button-text\"> Weitere Infos <\/a><\/span><\/span> <\/div>\n<\/p>\n<\/div>\n<\/div>\n<\/div>\n<\/div>\n<\/div>\n<\/li>\n<li class=\"a-carousel-card aplus-carousel-element\">\n<div id=\"premium-aplus-13-carousel-4-slide-1\">\n<div class=\"a-section a-spacing-none aplus-card-image\"> <img decoding=\"async\" alt=\"Marineblau\" src=\"https:\/\/m.media-amazon.com\/images\/S\/aplus-media-library-service-media\/78612073-1335-442f-9e4a-96fefa745a54.__CR0,0,1464,600_PT0_SX1464_V1___.png\" \/> <\/div>\n<div class=\"a-section a-spacing-none aplus-card-description-wrapper\">\n<div class=\"a-section a-spacing-none aplus-card-description aplus-container-1-2\">\n<div class=\"a-section a-spacing-none aplus-card-table-cell\">\n<div class=\"a-section a-spacing-none aplus-text-background aplus-container-1\">\n<div class=\"a-section a-spacing-none aplus-card-title\">\n<h1 class=\"aplus-h2 a-text-bold\"> Kindle-Geh\u00e4use der 11. Generation (C2V2L3 und RS23CV) Blau <\/h1>\n<\/p>\n<\/div>\n<div class=\"a-section a-spacing-none aplus-card-body\">\n<p class=\"aplus-p3\"> Voller Schutz mit Auto-Winterschlaffunktion und Magnetsensor Nehmen Sie Ihren Kindle sicher \u00fcberall hin mit. <\/p>\n<\/p>\n<\/div>\n<div class=\"a-section a-spacing-none aplus-card-link-button\"> <span class=\"a-button a-button-toggle aplus-comparison-table-carousel-link-button\"><span class=\"a-button-inner\"><a href=\"\/de_at\/dp\/B0DBFK2LLD\/?ref=emc_p_m_13_b\" aria-label=\"Erfahren Sie mehr \u00fcber das Produkt: Kindle Case der 11. Generation (C2V2L3 und RS23CV) Blau\" class=\"a-button-text\"> Weitere Infos <\/a><\/span><\/span> <\/div>\n<\/p>\n<\/div>\n<\/div>\n<\/div>\n<\/div>\n<\/div>\n<\/li>\n<li class=\"a-carousel-card aplus-carousel-element\">\n<div id=\"premium-aplus-13-carousel-4-slide-2\">\n<div class=\"a-section a-spacing-none aplus-card-image\"> <img decoding=\"async\" alt=\"Rose\" src=\"https:\/\/m.media-amazon.com\/images\/S\/aplus-media-library-service-media\/74576a5d-9b4b-4e13-b110-60731da13da3.__CR0,0,1464,600_PT0_SX1464_V1___.png\" \/> <\/div>\n<div class=\"a-section a-spacing-none aplus-card-description-wrapper\">\n<div class=\"a-section a-spacing-none aplus-card-description aplus-container-1-2\">\n<div class=\"a-section a-spacing-none aplus-card-table-cell\">\n<div class=\"a-section a-spacing-none aplus-text-background aplus-container-1\">\n<div class=\"a-section a-spacing-none aplus-card-title\">\n<h1 class=\"aplus-h2 a-text-bold\"> Kindle-Geh\u00e4use der Generation 11 (C2V2L3 und RS23CV) Rosa <\/h1>\n<\/p>\n<\/div>\n<div class=\"a-section a-spacing-none aplus-card-body\">\n<p class=\"aplus-p3\"> Voller Schutz mit Auto-Winterschlaffunktion und Magnetsensor Nehmen Sie Ihren Kindle sicher \u00fcberall hin mit. <\/p>\n<\/p>\n<\/div>\n<div class=\"a-section a-spacing-none aplus-card-link-button\"> <span class=\"a-button a-button-toggle aplus-comparison-table-carousel-link-button\"><span class=\"a-button-inner\"><a href=\"\/de_at\/dp\/B0DBFLD6WG\/?ref=emc_p_m_13_b\" aria-label=\"Erfahren Sie mehr \u00fcber das Produkt: Kindle Case der 11. Generation (C2V2L3 und RS23CV) Rosa\" class=\"a-button-text\"> Weitere Infos <\/a><\/span><\/span> <\/div>\n<\/p>\n<\/div>\n<\/div>\n<\/div>\n<\/div>\n<\/div>\n<\/li>\n<li class=\"a-carousel-card aplus-carousel-element\">\n<div id=\"premium-aplus-13-carousel-4-slide-3\">\n<div class=\"a-section a-spacing-none aplus-card-image\"> <img decoding=\"async\" alt=\"SCHWARZ\" src=\"https:\/\/m.media-amazon.com\/images\/S\/aplus-media-library-service-media\/596f6351-3480-4eb4-ae2d-371a04b1d4e8.__CR0,0,1464,600_PT0_SX1464_V1___.png\" \/> <\/div>\n<div class=\"a-section a-spacing-none aplus-card-description-wrapper\">\n<div class=\"a-section a-spacing-none aplus-card-description aplus-container-1-2\">\n<div class=\"a-section a-spacing-none aplus-card-table-cell\">\n<div class=\"a-section a-spacing-none aplus-text-background aplus-container-1\">\n<div class=\"a-section a-spacing-none aplus-card-title\">\n<h1 class=\"aplus-h2 a-text-bold\"> Kindle-Geh\u00e4use der 11. Generation (C2V2L3 und RS23CV) Origami <\/h1>\n<\/p>\n<\/div>\n<div class=\"a-section a-spacing-none aplus-card-body\">\n<p class=\"aplus-p3\"> Voller Schutz mit Auto-Winterschlaffunktion und Magnetsensor Nehmen Sie Ihren Kindle sicher \u00fcberall hin mit. <\/p>\n<\/p>\n<\/div>\n<div class=\"a-section a-spacing-none aplus-card-link-button\"> <span class=\"a-button a-button-toggle aplus-comparison-table-carousel-link-button\"><span class=\"a-button-inner\"><a href=\"\/de_at\/dp\/B0DKV79YJK\/?ref=emc_p_m_13_b\" aria-label=\"Erfahren Sie mehr \u00fcber das Produkt: Origami Kindle Case der 11. Generation (C2V2L3 und RS23CV)\" class=\"a-button-text\"> Weitere Infos <\/a><\/span><\/span> <\/div>\n<\/p>\n<\/div>\n<\/div>\n<\/div>\n<\/div>\n<\/div>\n<\/li>\n<li class=\"a-carousel-card aplus-carousel-element\">\n<div id=\"premium-aplus-13-carousel-4-slide-4\">\n<div class=\"a-section a-spacing-none aplus-card-image\"> <img decoding=\"async\" alt=\"Sternennacht\" src=\"https:\/\/m.media-amazon.com\/images\/S\/aplus-media-library-service-media\/c0fde90a-a3ab-45eb-9e4a-ccdfea109c05.__CR0,0,1464,600_PT0_SX1464_V1___.png\" \/> <\/div>\n<div class=\"a-section a-spacing-none aplus-card-description-wrapper\">\n<div class=\"a-section a-spacing-none aplus-card-description aplus-container-1-2\">\n<div class=\"a-section a-spacing-none aplus-card-table-cell\">\n<div class=\"a-section a-spacing-none aplus-text-background aplus-container-1\">\n<div class=\"a-section a-spacing-none aplus-card-title\">\n<h1 class=\"aplus-h2 a-text-bold\"> Van Gogh Kindle-Geh\u00e4use der 11. Generation (C2V2L3 und RS23CV) <\/h1>\n<\/p>\n<\/div>\n<div class=\"a-section a-spacing-none aplus-card-body\">\n<p class=\"aplus-p3\"> Voller Schutz mit Auto-Winterschlaffunktion und Magnetsensor Nehmen Sie Ihren Kindle sicher \u00fcberall hin mit. <\/p>\n<\/p>\n<\/div>\n<div class=\"a-section a-spacing-none aplus-card-link-button\"> <span class=\"a-button a-button-toggle aplus-comparison-table-carousel-link-button\"><span class=\"a-button-inner\"><a href=\"\/de_at\/dp\/B0DBLZ3QBY\/?ref=emc_p_m_13_b\" aria-label=\"Erfahren Sie mehr \u00fcber das Produkt: Van Gogh Kindle Case der 11. Generation (C2V2L3 und RS23CV)\" class=\"a-button-text\"> Weitere Infos <\/a><\/span><\/span> <\/div>\n<\/p>\n<\/div>\n<\/div>\n<\/div>\n<\/div>\n<\/div>\n<\/li>\n<\/ol><\/div>\n<\/p><\/div>\n<div class=\"a-carousel-col a-carousel-right\"><a class=\"a-carousel-goto-nextpage\" role=\"button\" href=\"#\"><i class=\"a-icon a-icon-next-rounded\"><span class=\"a-icon-alt\">N\u00e4chste Seite<\/span><\/i><\/a><\/div>\n<\/p><\/div>\n<\/p><\/div>\n<\/div>\n<div class=\"a-section a-spacing-none aplus-pagination-wrapper\">\n<div class=\"aplus-mantle aplus-module\">\n<div class=\"aplus-carousel-nav\">\n<ul id=\"aplus-pagination-group-4-premium-aplus-13-carousel-4\" class=\"aplus-pagination-dots\" aria-label=\"Tablist-sektion\" role=\"tablist\">\n<li class=\"aplus-pagination-dot\"> <\/li>\n<li class=\"aplus-pagination-dot\"> <\/li>\n<li class=\"aplus-pagination-dot\"> <\/li>\n<li class=\"aplus-pagination-dot\"> <\/li>\n<li class=\"aplus-pagination-dot\"> <\/li>\n<\/ul>\n<\/div>\n<\/div>\n<\/div>\n<\/div>\n<\/div>\n<\/div>\n<div class=\"celwidget aplus-module premium-module-11-faq aplus-premium\">\n<div class=\"a-section a-spacing-none premium-aplus premium-aplus-module-11\">\n<div data-faq-block=\"5\" class=\"a-section a-spacing-none aplus-container-2 faqs-container 5\">\n<ul class=\"faq-list\">\n<li id=\"faq-qa-pair-0\" class=\"faq-block\">\n<h3> <span data-faq-question role=\"button\" aria-controls=\"faq-0\" aria-expanded=\"false\"> <\/p>\n<p class=\"aplus-question aplus-p1\"> Wie finde ich das Modell meines Kindle? <\/p>\n<p> <\/span> <\/h3>\n<p class=\"aplus-answer aplus-p2\"> Auf der R\u00fcckseite des Ger\u00e4ts finden Sie im Kleingedruckten das MODELL NO: C2V2L3 oder RS23CV (Modell 2022 und 2024) , was darauf hinweist, dass es sich um einen Kindle der 11. Generation handelt, der mit diesem Film kompatibel ist. <\/p>\n<\/li>\n<li id=\"faq-qa-pair-1\" class=\"faq-block\">\n<h3> <span data-faq-question role=\"button\" aria-controls=\"faq-1\" aria-expanded=\"false\"> <\/p>\n<p class=\"aplus-question aplus-p1\"> Ist die Folie einfach zu entfernen? <\/p>\n<p> <\/span> <\/h3>\n<p class=\"aplus-answer aplus-p2\"> Ja, das Design mit abgerundeten Ecken macht es einfach, sowohl aufzutragen als auch zu entfernen. <\/p>\n<\/li>\n<li id=\"faq-qa-pair-2\" class=\"faq-block\">\n<h3> <span data-faq-question role=\"button\" aria-controls=\"faq-2\" aria-expanded=\"false\"> <\/p>\n<p class=\"aplus-question aplus-p1\"> Gibt es Deckungsm\u00f6glichkeiten f\u00fcr meinen Kindle? <\/p>\n<p> <\/span> <\/h3>\n<p class=\"aplus-answer aplus-p2\"> Ja, wir bieten eine Vielzahl von Abdeckungsoptionen, einschlie\u00dflich Modelle mit klaren TPU-Designs, Riemen und Abdeckungen Besuchen Sie unseren Shop, um alle verf\u00fcgbaren Produkte zu sehen. <\/p>\n<\/li>\n<li id=\"faq-qa-pair-3\" class=\"faq-block\">\n<h3> <span data-faq-question role=\"button\" aria-controls=\"faq-3\" aria-expanded=\"false\"> <\/p>\n<p class=\"aplus-question aplus-p1\"> Wann erfolgt die Lieferung? <\/p>\n<p> <\/span> <\/h3>\n<p class=\"aplus-answer aplus-p2\"> Bitte \u00fcberpr\u00fcfen Sie die gesch\u00e4tzte Lieferung zum Zeitpunkt des Kaufs. Unsere Produkte werden von Amazon gelagert und versendet, was eine extrem schnelle Lieferung und einen hervorragenden Service f\u00fcr Sie gew\u00e4hrleistet. <\/p>\n<\/li>\n<\/ul>\n<\/div>\n<\/div>\n<\/div>\n<\/div>\n<\/div>\n<\/div>\n<\/div>\n<table id=\"productDetails_techSpec_section_1\" class=\"a-keyvalue prodDetTable\">\n<tr>\n<th class=\"a-color-secondary a-size-base prodDetSectionEntry\"> Zertifizierung <\/th>\n<td class=\"a-size-base prodDetAttrValue\"> Nicht anwendbar <\/td>\n<\/tr>\n<tr>\n<th class=\"a-color-secondary a-size-base prodDetSectionEntry\"> Besondere Merkmale <\/th>\n<td class=\"a-size-base prodDetAttrValue\"> Antireflektierend, abgerundete Kante, fleckenbest\u00e4ndig, kratzfest, hochempfindlicher Touch <\/td>\n<\/tr>\n<tr>\n<th class=\"a-color-secondary a-size-base prodDetSectionEntry\"> Vertikale Bildschirmgr\u00f6\u00dfe <\/th>\n<td class=\"a-size-base prodDetAttrValue\"> 6 Zoll <\/td>\n<\/tr>\n<tr>\n<th class=\"a-color-secondary a-size-base prodDetSectionEntry\"> Farbe <\/th>\n<td class=\"a-size-base prodDetAttrValue\"> Transparent <\/td>\n<\/tr>\n<tr>\n<th class=\"a-color-secondary a-size-base prodDetSectionEntry\"> Eingeschlossene Komponenten <\/th>\n<td class=\"a-size-base prodDetAttrValue\"> Kindle-Film der 11. Generation <\/td>\n<\/tr>\n<tr>\n<th class=\"a-color-secondary a-size-base prodDetSectionEntry\"> Anzahl der Einheiten <\/th>\n<td class=\"a-size-base prodDetAttrValue\"> 1 <\/td>\n<\/tr>\n<tr>\n<th class=\"a-color-secondary a-size-base prodDetSectionEntry\"> Material <\/th>\n<td class=\"a-size-base prodDetAttrValue\"> Thermoplastisches Polyurethan <\/td>\n<\/tr>\n<tr>\n<th class=\"a-color-secondary a-size-base prodDetSectionEntry\"> Kompatible Modelle <\/th>\n<td class=\"a-size-base prodDetAttrValue\"> Kindle 6 Zoll 2022 und 2024 <\/td>\n<\/tr>\n<tr>\n<th class=\"a-color-secondary a-size-base prodDetSectionEntry\"> Produktgewicht <\/th>\n<td class=\"a-size-base prodDetAttrValue\"> 20 G <\/td>\n<\/tr>\n<tr>\n<th class=\"a-color-secondary a-size-base prodDetSectionEntry\"> Produktabmessungen <\/th>\n<td class=\"a-size-base prodDetAttrValue\"> 12 x 9 x 1,27 cm; 20g <\/td>\n<\/tr>\n<tr>\n<th class=\"a-color-secondary a-size-base prodDetSectionEntry\"> Marke <\/th>\n<td class=\"a-size-base prodDetAttrValue\"> Mavife <\/td>\n<\/tr>\n<tr>\n<th class=\"a-color-secondary a-size-base prodDetSectionEntry\"> Funktioniert der Akku oder die Batterie? <\/th>\n<td class=\"a-size-base prodDetAttrValue\"> Nein <\/td>\n<\/tr>\n<\/table><\/div>","protected":false},"excerpt":{"rendered":"<p>Genie\u00dfen Sie ein angenehmeres Lesen mit reduzierten Reflexionen dank der matten Antireflexschicht, die bei langen Lesungen ein stabiles Bild und einen sanften Touch bietet Kompatibel mit dem Kindle 11th Generation (2024 und 2022) von 6 Zoll sch\u00fctzt der Film den Bildschirm mit mattem Finish und verwendet die Varianten RS23 CV und C2 V2 L3 f\u00fcr gleichbleibende Leistung Nur f\u00fcr R$ 14.15 im Mavife-Store erh\u00e4ltlich.<\/p>","protected":false},"featured_media":94404,"comment_status":"open","ping_status":"closed","template":"","meta":[],"product_cat":[1897,1898,1896],"product_tag":[2455,2457,2456],"class_list":{"0":"post-94404","1":"product","2":"type-product","3":"status-publish","4":"has-post-thumbnail","5":"product_brand-visite-a-loja-mavife","6":"product_cat-acessorios","7":"product_cat-acessorios-para-tablets","8":"product_cat-computadores-e-informatica","9":"product_tag-pelicula-anti-reflexo-kindle-11a-geracao-6-polegadas","10":"product_tag-protecao-de-tela-kindle-para-leitura-ao-ar-livre-11a-geracao","11":"product_tag-protetor-de-tela-fosca-kindle-6-polegadas","13":"first","14":"instock","15":"shipping-taxable","16":"purchasable","17":"product-type-simple"},"aioseo_notices":[],"_links":{"self":[{"href":"https:\/\/www.ecommerceupdate.com.br\/de_at\/wp-json\/wp\/v2\/product\/94404","targetHints":{"allow":["GET"]}}],"collection":[{"href":"https:\/\/www.ecommerceupdate.com.br\/de_at\/wp-json\/wp\/v2\/product"}],"about":[{"href":"https:\/\/www.ecommerceupdate.com.br\/de_at\/wp-json\/wp\/v2\/types\/product"}],"replies":[{"embeddable":true,"href":"https:\/\/www.ecommerceupdate.com.br\/de_at\/wp-json\/wp\/v2\/comments?post=94404"}],"wp:featuredmedia":[{"embeddable":true,"href":"https:\/\/www.ecommerceupdate.com.br\/de_at\/wp-json\/wp\/v2\/product\/94404"}],"wp:attachment":[{"href":"https:\/\/www.ecommerceupdate.com.br\/de_at\/wp-json\/wp\/v2\/media?parent=94404"}],"wp:term":[{"taxonomy":"product_cat","embeddable":true,"href":"https:\/\/www.ecommerceupdate.com.br\/de_at\/wp-json\/wp\/v2\/product_cat?post=94404"},{"taxonomy":"product_tag","embeddable":true,"href":"https:\/\/www.ecommerceupdate.com.br\/de_at\/wp-json\/wp\/v2\/product_tag?post=94404"}],"curies":[{"name":"Wp","href":"https:\/\/api.w.org\/{rel}","templated":true}]}}