{"id":91397,"date":"2026-02-06T04:36:34","date_gmt":"2026-02-06T07:36:34","guid":{"rendered":"https:\/\/www.ecommerceupdate.org\/produto\/curso-de-marketing-de-afiliados-estrategias-para-sucesso-online-do-basico-ao-intermediario-marketing-digital\/"},"modified":"2026-05-13T09:57:39","modified_gmt":"2026-05-13T12:57:39","slug":"curso-de-marketing-de-afiliados-estrategias-para-sucesso-online-do-basico-ao-intermediario-marketing-digital","status":"publish","type":"product","link":"https:\/\/www.ecommerceupdate.com.br\/de_ch_informal\/produto\/curso-de-marketing-de-afiliados-estrategias-para-sucesso-online-do-basico-ao-intermediario-marketing-digital\/","title":{"rendered":"Affiliate Marketing Kurs: Strategien f\u00fcr den Online-Erfolg: Von der Basis bis zur Mittelstufe (Digital Marketing)"},"content":{"rendered":"<div class=\"woocommerce-product-details\"><\/div>","protected":false},"excerpt":{"rendered":"<p>Online-Erfolg mit Affiliate-Strategien erzielen, die den Anf\u00e4nger auf die mittlere Ebene bringen, indem sie praktische Taktiken anbieten, um Ihre Provisionen konstant zu erh\u00f6hen.Erh\u00e4ltlich als Kindle eBook im Kindle Store f\u00fcr nur R$ 9.90, pr\u00e4sentiert der Kurs einen klaren Weg, der Sie von den Grundlagen bis zum Mittelsmann begleitet Entdecken Sie effektive Nischenauswahltechniken, \u00fcberzeugende Content-Erstellung und Sales Funnels-Konstruktion, die echte und messbare Ergebnisse generieren.<\/p>","protected":false},"featured_media":91397,"comment_status":"open","ping_status":"closed","template":"","meta":[],"product_cat":[1627,1608,1607],"product_tag":[2842,2843,2844],"class_list":{"0":"post-91397","1":"product","2":"type-product","3":"status-publish","4":"has-post-thumbnail","5":"product_brand-por-jos-neto-autor-formato-ebook-kindle","6":"product_cat-autoajuda","7":"product_cat-ebooks-kindle","8":"product_cat-loja-kindle","9":"product_tag-curso-online-de-marketing-de-afiliados-do-basico-ao-intermediario","10":"product_tag-estrategias-para-sucesso-online-em-marketing-de-afiliados","11":"product_tag-monetizacao-de-conteudo-com-afiliados-para-iniciantes-kindle","13":"first","14":"instock","15":"shipping-taxable","16":"purchasable","17":"product-type-simple"},"aioseo_notices":[],"_links":{"self":[{"href":"https:\/\/www.ecommerceupdate.com.br\/de_ch_informal\/wp-json\/wp\/v2\/product\/91397","targetHints":{"allow":["GET"]}}],"collection":[{"href":"https:\/\/www.ecommerceupdate.com.br\/de_ch_informal\/wp-json\/wp\/v2\/product"}],"about":[{"href":"https:\/\/www.ecommerceupdate.com.br\/de_ch_informal\/wp-json\/wp\/v2\/types\/product"}],"replies":[{"embeddable":true,"href":"https:\/\/www.ecommerceupdate.com.br\/de_ch_informal\/wp-json\/wp\/v2\/comments?post=91397"}],"wp:featuredmedia":[{"embeddable":true,"href":"https:\/\/www.ecommerceupdate.com.br\/de_ch_informal\/wp-json\/wp\/v2\/product\/91397"}],"wp:attachment":[{"href":"https:\/\/www.ecommerceupdate.com.br\/de_ch_informal\/wp-json\/wp\/v2\/media?parent=91397"}],"wp:term":[{"taxonomy":"product_cat","embeddable":true,"href":"https:\/\/www.ecommerceupdate.com.br\/de_ch_informal\/wp-json\/wp\/v2\/product_cat?post=91397"},{"taxonomy":"product_tag","embeddable":true,"href":"https:\/\/www.ecommerceupdate.com.br\/de_ch_informal\/wp-json\/wp\/v2\/product_tag?post=91397"}],"curies":[{"name":"Wp","href":"https:\/\/api.w.org\/{rel}","templated":true}]}}