{"id":91691,"date":"2026-02-07T21:29:45","date_gmt":"2026-02-08T00:29:45","guid":{"rendered":"https:\/\/www.ecommerceupdate.org\/produto\/e-mails-que-vendem-guia-pratico-para-campanhas-de-e-mail-marketing-lucrativas\/"},"modified":"2026-05-13T10:10:37","modified_gmt":"2026-05-13T13:10:37","slug":"e-mails-que-vendem-guia-pratico-para-campanhas-de-e-mail-marketing-lucrativas","status":"publish","type":"product","link":"https:\/\/www.ecommerceupdate.com.br\/de_ch_informal\/produto\/e-mails-que-vendem-guia-pratico-para-campanhas-de-e-mail-marketing-lucrativas\/","title":{"rendered":"E-mails que vendem: guia pr\u00e1tico para campanhas de e-mail marketing lucrativas"},"content":{"rendered":"<div class=\"woocommerce-product-details\">\n<h3>Produktdetails<\/h3>\n<ul>\n<li>Herausgeber: DVS EDITORA<\/li>\n<li>Datum der Ver\u00f6ffentlichung: 4. November 2020<\/li>\n<li>Auflage: 1a<\/li>\n<li>Sprache: Portugiesisch<\/li>\n<li>Seitenzahl: 168 Seiten<\/li>\n<li>ISBN-10:6556950157<\/li>\n<li>ISBN-13:978-6556950150<\/li>\n<li>Produktgewicht: 240g<\/li>\n<li>Ma\u00dfe: 16 x 1 x 23 cm<\/li>\n<li>Top-Seller-Ranking: Nr. 34.414 in B\u00fcchern (Treffe die Top 100 in der Kategorie B\u00fccher) Nr. 48 im Webmarketing Nr. 71 im Vertrieb und Verk\u00e4ufer Nr. 88 im Marketing<\/li>\n<li>48 Im Webmarketing<\/li>\n<li>71 Im Verkauf und Verk\u00e4ufer<\/li>\n<li>88 Im Marketing<\/li>\n<li>Kundenrezensionen: 4,5 4,5 von 5 Sternen (312)<\/li>\n<\/ul><\/div>","protected":false},"excerpt":{"rendered":"<p>Steigern Sie die Rentabilit\u00e4t Ihrer E-Mail-Kampagnen mit einem praktischen Leitfaden, der jede Einreichung in echte Verkaufsm\u00f6glichkeiten verwandelt. Es bietet bew\u00e4hrte E-Mail-Marketingstrategien, \u00fcberzeugende Messaging-Vorlagen und einen Einreichungsplan, der eine schnelle Implementierung erleichtert. Finden Sie nur f\u00fcr R$ 40.83 heraus, wie Sie sich sofort bewerben und messbare Ergebnisse sehen k\u00f6nnen.<\/p>","protected":false},"featured_media":91691,"comment_status":"open","ping_status":"closed","template":"","meta":[],"product_cat":[1611,1595,1618],"product_tag":[2718,2717,2716],"class_list":{"0":"post-91691","1":"product","2":"type-product","3":"status-publish","4":"has-post-thumbnail","5":"product_brand-edicao-portugus-por-gustavo-ferreira-autor","6":"product_cat-administracao-negocios-e-economia","7":"product_cat-livros","8":"product_cat-marketing-e-vendas","9":"product_tag-campanhas-de-e-mail-marketing-lucrativas","10":"product_tag-guia-pratico-de-e-mail-marketing","11":"product_tag-livro-de-e-mail-marketing","13":"first","14":"instock","15":"sale","16":"shipping-taxable","17":"purchasable","18":"product-type-simple"},"aioseo_notices":[],"_links":{"self":[{"href":"https:\/\/www.ecommerceupdate.com.br\/de_ch_informal\/wp-json\/wp\/v2\/product\/91691","targetHints":{"allow":["GET"]}}],"collection":[{"href":"https:\/\/www.ecommerceupdate.com.br\/de_ch_informal\/wp-json\/wp\/v2\/product"}],"about":[{"href":"https:\/\/www.ecommerceupdate.com.br\/de_ch_informal\/wp-json\/wp\/v2\/types\/product"}],"replies":[{"embeddable":true,"href":"https:\/\/www.ecommerceupdate.com.br\/de_ch_informal\/wp-json\/wp\/v2\/comments?post=91691"}],"wp:featuredmedia":[{"embeddable":true,"href":"https:\/\/www.ecommerceupdate.com.br\/de_ch_informal\/wp-json\/wp\/v2\/product\/91691"}],"wp:attachment":[{"href":"https:\/\/www.ecommerceupdate.com.br\/de_ch_informal\/wp-json\/wp\/v2\/media?parent=91691"}],"wp:term":[{"taxonomy":"product_cat","embeddable":true,"href":"https:\/\/www.ecommerceupdate.com.br\/de_ch_informal\/wp-json\/wp\/v2\/product_cat?post=91691"},{"taxonomy":"product_tag","embeddable":true,"href":"https:\/\/www.ecommerceupdate.com.br\/de_ch_informal\/wp-json\/wp\/v2\/product_tag?post=91691"}],"curies":[{"name":"Wp","href":"https:\/\/api.w.org\/{rel}","templated":true}]}}