{"id":93393,"date":"2026-03-04T00:27:10","date_gmt":"2026-03-04T03:27:10","guid":{"rendered":"https:\/\/www.ecommerceupdate.com.br\/produto\/inovacao-e-eficiencia-explorando-a-logistica-reversa-no-e-commerce\/"},"modified":"2026-05-11T09:50:23","modified_gmt":"2026-05-11T12:50:23","slug":"inovacao-e-eficiencia-explorando-a-logistica-reversa-no-e-commerce","status":"publish","type":"product","link":"https:\/\/www.ecommerceupdate.com.br\/de_ch_informal\/produto\/inovacao-e-eficiencia-explorando-a-logistica-reversa-no-e-commerce\/","title":{"rendered":"Innovation und Effizienz: Erforschung der Reverse-Logistik im E-Commerce"},"content":{"rendered":"<div class=\"woocommerce-product-details\"><\/div>","protected":false},"excerpt":{"rendered":"<p>Der gr\u00f6\u00dfte Vorteil dieses Buches besteht darin, praktische Innovationsstrategien anzubieten, die die Effizienz der Reverse-Logistik im E-Commerce steigern, die Betriebskosten senken und die Kundenzufriedenheit steigern. Geschrieben von Rodrigo de Cassio da Silva und nur f\u00fcr R$ 32.97 verf\u00fcgbar, pr\u00e4sentiert der Titel reale F\u00e4lle, Leistungskennzahlen und einen Meilenstein f\u00fcr F\u00fchrungskr\u00e4fte, die Prozesse transformieren m\u00f6chten. Lesen Sie weiter, um herauszufinden, wie Sie Ideen in Ihrem Unternehmen anwenden k\u00f6nnen, von der Lieferkette bis zur Produktrendite, wobei der Schwerpunkt auf messbaren Ergebnissen liegt.<\/p>","protected":false},"featured_media":93393,"comment_status":"open","ping_status":"closed","template":"","meta":[],"product_cat":[1611,1621,1595],"product_tag":[2670,2669,2668],"class_list":{"0":"post-93393","1":"product","2":"type-product","3":"status-publish","4":"has-post-thumbnail","5":"product_brand-por-rodrigo-de-cssio-da-silva-autor","6":"product_cat-administracao-negocios-e-economia","7":"product_cat-gestao-e-lideranca","8":"product_cat-livros","9":"product_tag-casos-de-uso-logistica-reversa-ecommerce","10":"product_tag-gestao-de-devolucoes-ecommerce","11":"product_tag-livro-logistica-reversa-e-commerce","13":"first","14":"instock","15":"sale","16":"shipping-taxable","17":"purchasable","18":"product-type-simple"},"aioseo_notices":[],"_links":{"self":[{"href":"https:\/\/www.ecommerceupdate.com.br\/de_ch_informal\/wp-json\/wp\/v2\/product\/93393","targetHints":{"allow":["GET"]}}],"collection":[{"href":"https:\/\/www.ecommerceupdate.com.br\/de_ch_informal\/wp-json\/wp\/v2\/product"}],"about":[{"href":"https:\/\/www.ecommerceupdate.com.br\/de_ch_informal\/wp-json\/wp\/v2\/types\/product"}],"replies":[{"embeddable":true,"href":"https:\/\/www.ecommerceupdate.com.br\/de_ch_informal\/wp-json\/wp\/v2\/comments?post=93393"}],"wp:featuredmedia":[{"embeddable":true,"href":"https:\/\/www.ecommerceupdate.com.br\/de_ch_informal\/wp-json\/wp\/v2\/product\/93393"}],"wp:attachment":[{"href":"https:\/\/www.ecommerceupdate.com.br\/de_ch_informal\/wp-json\/wp\/v2\/media?parent=93393"}],"wp:term":[{"taxonomy":"product_cat","embeddable":true,"href":"https:\/\/www.ecommerceupdate.com.br\/de_ch_informal\/wp-json\/wp\/v2\/product_cat?post=93393"},{"taxonomy":"product_tag","embeddable":true,"href":"https:\/\/www.ecommerceupdate.com.br\/de_ch_informal\/wp-json\/wp\/v2\/product_tag?post=93393"}],"curies":[{"name":"Wp","href":"https:\/\/api.w.org\/{rel}","templated":true}]}}