{"id":93550,"date":"2026-03-04T20:16:39","date_gmt":"2026-03-04T23:16:39","guid":{"rendered":"https:\/\/www.ecommerceupdate.com.br\/produto\/e-commerce-de-sucesso-como-criar-e-desenvolver-lojas-virtuais-que-vendem-2\/"},"modified":"2026-05-13T10:19:54","modified_gmt":"2026-05-13T13:19:54","slug":"e-commerce-de-sucesso-como-criar-e-desenvolver-lojas-virtuais-que-vendem-2","status":"publish","type":"product","link":"https:\/\/www.ecommerceupdate.com.br\/de_ch_informal\/produto\/e-commerce-de-sucesso-como-criar-e-desenvolver-lojas-virtuais-que-vendem-2\/","title":{"rendered":"Erfolgreicher E-Commerce: So erstellen und entwickeln Sie virtuelle Gesch\u00e4fte, die verkaufen"},"content":{"rendered":"<div class=\"woocommerce-product-details\"><\/div>","protected":false},"excerpt":{"rendered":"<p>Der Schl\u00fcssel zur Planung und Einf\u00fchrung eines virtuellen Stores, der verkauft wird! <\/p>\n<p>*** \u00dcBERARBEITETE UND ERWEITERTE AUFLAGE *** <\/p>\n<p>Der Aufbau eines E-Commerce ist sehr schwierig, wenn man keine Erfahrung in Planung, Entwicklung und Marketing hat.  <\/p>\n<p>Dieses Buch zeigt, was Sie tun m\u00fcssen, um Ihren Online-Shop in jeder Phase, vom Vorverkauf bis zum Nachverkauf, zum Champion zu machen. <\/p>\n<p>\u201cE-Commerce-Erfolg &amp; Wie man virtuelle Stores erstellt und entwickelt, die verkaufen\u201d wird die Schritte offenlegen, um Ihren Online-Shop zu erstellen und mehr Produkte \u00fcber das Internet zu verkaufen.  <\/p>\n<p>Du wirst es herausfinden. <\/p>\n<p>\u2018\u2018\u2018Die Geheimnisse f\u00fcr die Entwicklung eines attraktiven E-Commerce.  <br \/>^^Die Bedeutung der Konsistenz in Design und Kommunikation, um mehr zu verkaufen. <br \/>Io Da die Benutzererfahrung, Navigation und Benutzerfreundlichkeit Ihr Gesch\u00e4ft bei Verbrauchern zum Erfolg f\u00fchren. <br \/>Tipps, um den Umsatz mit ansprechenden Inhalten anzukurbeln. <br \/>\u2018\u2018\u2018Die Formel f\u00fcr die Kommunikation per E-Mail mit Ihren Kunden. <br \/>Tipps, um f\u00fcr Ihren Laden zu werben und viel mehr zu verkaufen. <\/p>\n<p>Nachdem Sie dieses Buch gelesen haben, werden Sie die Welt des E-Commerce mit anderen Augen sehen und Sie werden bereit sein, einen Laden mit mehr Sicherheit als Zweifeln zu er\u00f6ffnen. <\/p>\n<p>\u201cSehr aufschlussreich f\u00fcr diejenigen, die keine Ahnung haben, was sie wissen m\u00fcssen, um einen\u201d virtuellen Laden zu er\u00f6ffnen\u201d <br \/>Max Valencia Ortiz <\/p>\n<p>\u201cO book adds auch f\u00fcr diejenigen, die bereits Erfahrung im\u201d Bereich haben\u201d <br \/>Anderson Dos Reis Silva <\/p>\n<p>\u00dcber Autor <br \/>Eldes Saullo ist Schriftsteller und Unternehmer, nicht unbedingt in dieser Reihenfolge, mit Abschluss in Marketing hat er in Werbeagenturen, Digitalagenturen und, in der letzten  <br \/>\u00dcber 50 Jahre hat das Unternehmen Gesch\u00e4fte f\u00fcr Kunden wie Amsterdam Sauer, Dermage, Direct Mobile, CasaShopping, Aranda, Postox, JMN und andere entwickelt, eine wertvolle Erfahrung  <br \/>Heute schreibt er f\u00fcr diejenigen, die schreiben, und ist einer der meistverkauften Autoren von Amazon Brasilien. <\/p>\n<p>Scrollen Sie die Seite nach oben und kaufen Sie jetzt mit 1-Klick.<\/p>","protected":false},"featured_media":93550,"comment_status":"open","ping_status":"closed","template":"","meta":[],"product_cat":[1691,1641,1595],"product_tag":[],"class_list":{"0":"post-93550","1":"product","2":"type-product","3":"status-publish","4":"has-post-thumbnail","5":"product_brand-por-eldes-saullo-autor-formato-ebook-kindle","6":"product_cat-base-de-dados","7":"product_cat-computacao-informatica-e-midias-digitais","8":"product_cat-livros","10":"first","11":"instock","12":"shipping-taxable","13":"purchasable","14":"product-type-simple"},"aioseo_notices":[],"_links":{"self":[{"href":"https:\/\/www.ecommerceupdate.com.br\/de_ch_informal\/wp-json\/wp\/v2\/product\/93550","targetHints":{"allow":["GET"]}}],"collection":[{"href":"https:\/\/www.ecommerceupdate.com.br\/de_ch_informal\/wp-json\/wp\/v2\/product"}],"about":[{"href":"https:\/\/www.ecommerceupdate.com.br\/de_ch_informal\/wp-json\/wp\/v2\/types\/product"}],"replies":[{"embeddable":true,"href":"https:\/\/www.ecommerceupdate.com.br\/de_ch_informal\/wp-json\/wp\/v2\/comments?post=93550"}],"wp:featuredmedia":[{"embeddable":true,"href":"https:\/\/www.ecommerceupdate.com.br\/de_ch_informal\/wp-json\/wp\/v2\/product\/93550"}],"wp:attachment":[{"href":"https:\/\/www.ecommerceupdate.com.br\/de_ch_informal\/wp-json\/wp\/v2\/media?parent=93550"}],"wp:term":[{"taxonomy":"product_cat","embeddable":true,"href":"https:\/\/www.ecommerceupdate.com.br\/de_ch_informal\/wp-json\/wp\/v2\/product_cat?post=93550"},{"taxonomy":"product_tag","embeddable":true,"href":"https:\/\/www.ecommerceupdate.com.br\/de_ch_informal\/wp-json\/wp\/v2\/product_tag?post=93550"}],"curies":[{"name":"Wp","href":"https:\/\/api.w.org\/{rel}","templated":true}]}}