{"id":93561,"date":"2026-03-04T20:18:42","date_gmt":"2026-03-04T23:18:42","guid":{"rendered":"https:\/\/www.ecommerceupdate.com.br\/produto\/como-ter-um-e-commerce-de-sucesso-na-shopee\/"},"modified":"2026-05-13T10:21:46","modified_gmt":"2026-05-13T13:21:46","slug":"como-ter-um-e-commerce-de-sucesso-na-shopee","status":"publish","type":"product","link":"https:\/\/www.ecommerceupdate.com.br\/de_ch_informal\/produto\/como-ter-um-e-commerce-de-sucesso-na-shopee\/","title":{"rendered":"So haben Sie bei Shopee einen erfolgreichen E-Commerce"},"content":{"rendered":"<div class=\"woocommerce-product-details\"><\/div>","protected":false},"excerpt":{"rendered":"<p>Entdecken Sie den Weg zum Erfolg im E-Commerce mit \u201cHow to have a successing e-commerce at Shopee\u201d, einem unverzichtbaren Leitfaden f\u00fcr diejenigen, die ihren Raum bei Shopee, einer der gr\u00f6\u00dften E-Commerce-Plattformen der Welt, erobern wollen.Mit 54 Seiten voller praktischer Erkenntnisse und bew\u00e4hrter Strategien ist dieses E-Book Ihr Ticket in die faszinierende und lukrative Welt des Online-Handels. Geleitet von der Expertise von Guilherme Ribeiro, einem jungen Unternehmer und digitalen Marktwissenschaftler, lernen Sie:<span>W\u00e4hlen Sie den richtigen Nischenmarkt f\u00fcr Ihren E-Commerce.<\/span>W\u00e4hlen Sie den richtigen Nischenmarkt f\u00fcr Ihren E-Commerce.<span>Entwickeln Sie eine starke und attraktive Marke.<\/span>Entwickeln Sie eine starke und attraktive Marke.<span>Erstellen Sie Auflistungen von Produkten, die verkaufen.<\/span>Erstellen Sie Auflistungen von Produkten, die verkaufen.<span>Implementieren Sie digitale Marketing- und SEO-Strategien, um die Sichtbarkeit und Reichweite zu erh\u00f6hen.<\/span>Implementieren Sie digitale Marketing- und SEO-Strategien, um die Sichtbarkeit und Reichweite zu erh\u00f6hen.<span>Verwalten Sie effektiv Logistik und Kundenservice, um Kundenbindung aufzubauen.<\/span>Verwalten Sie effektiv Logistik und Kundenservice, um Kundenbindung aufzubauen. Dieses E-Book ist nicht nur ein Handbuch, sondern ein digitaler Mentor, der echte Fallstudien, praktische Tipps und Ratschl\u00e4ge bietet, mit deren Anwendung Sie sofort beginnen k\u00f6nnen. \u201cOb Sie ein Unternehmeranf\u00e4nger oder ein erfahrener Verk\u00e4ufer sind.\u201dWie Sie Ihre Online-Pr\u00e4senz erweitern m\u00f6chten, ist \u201eHow to have a erfolgreiche E-Commerce at Shopee\u201d die perfekte Wahl, um Ihr Unternehmen anzukurbeln. Jetzt bei Amazon verf\u00fcgbar. Verwirklichen Sie Ihre Gesch\u00e4ftsvision!<\/p>","protected":false},"featured_media":93561,"comment_status":"open","ping_status":"closed","template":"","meta":[],"product_cat":[1611,1613,1595],"product_tag":[],"class_list":{"0":"post-93561","1":"product","2":"type-product","3":"status-publish","4":"has-post-thumbnail","5":"product_brand-por-guilherme-ribeiro-autor-formato-ebook-kindle","6":"product_cat-administracao-negocios-e-economia","7":"product_cat-industrias-e-profissoes","8":"product_cat-livros","10":"first","11":"instock","12":"shipping-taxable","13":"purchasable","14":"product-type-simple"},"aioseo_notices":[],"_links":{"self":[{"href":"https:\/\/www.ecommerceupdate.com.br\/de_ch_informal\/wp-json\/wp\/v2\/product\/93561","targetHints":{"allow":["GET"]}}],"collection":[{"href":"https:\/\/www.ecommerceupdate.com.br\/de_ch_informal\/wp-json\/wp\/v2\/product"}],"about":[{"href":"https:\/\/www.ecommerceupdate.com.br\/de_ch_informal\/wp-json\/wp\/v2\/types\/product"}],"replies":[{"embeddable":true,"href":"https:\/\/www.ecommerceupdate.com.br\/de_ch_informal\/wp-json\/wp\/v2\/comments?post=93561"}],"wp:featuredmedia":[{"embeddable":true,"href":"https:\/\/www.ecommerceupdate.com.br\/de_ch_informal\/wp-json\/wp\/v2\/product\/93561"}],"wp:attachment":[{"href":"https:\/\/www.ecommerceupdate.com.br\/de_ch_informal\/wp-json\/wp\/v2\/media?parent=93561"}],"wp:term":[{"taxonomy":"product_cat","embeddable":true,"href":"https:\/\/www.ecommerceupdate.com.br\/de_ch_informal\/wp-json\/wp\/v2\/product_cat?post=93561"},{"taxonomy":"product_tag","embeddable":true,"href":"https:\/\/www.ecommerceupdate.com.br\/de_ch_informal\/wp-json\/wp\/v2\/product_tag?post=93561"}],"curies":[{"name":"Wp","href":"https:\/\/api.w.org\/{rel}","templated":true}]}}