{"id":93578,"date":"2026-03-04T20:39:04","date_gmt":"2026-03-04T23:39:04","guid":{"rendered":"https:\/\/www.ecommerceupdate.com.br\/produto\/direito-tributario-digital-a-mentalidade-milionaria-fiscal-do-marketing-digital\/"},"modified":"2026-05-09T12:02:06","modified_gmt":"2026-05-09T15:02:06","slug":"direito-tributario-digital-a-mentalidade-milionaria-fiscal-do-marketing-digital","status":"publish","type":"product","link":"https:\/\/www.ecommerceupdate.com.br\/de_ch_informal\/produto\/direito-tributario-digital-a-mentalidade-milionaria-fiscal-do-marketing-digital\/","title":{"rendered":"Direito Tribut\u00e1rio Digital: A mentalidade milion\u00e1ria fiscal do marketing digital"},"content":{"rendered":"<div class=\"woocommerce-product-details\"><\/div>","protected":false},"excerpt":{"rendered":"<p>Die Wirtschaft hat sich ver\u00e4ndert Steuerrecht, nein.Digitale Plattformen erwirtschaften in Brasilien Milliarden ohne Hauptsitz, ohne rechtliche Bindungen und ohne mit seinem Betrieb kompatible Steuern zu zahlen Unterdessen tr\u00e4gt der traditionelle Steuerzahler , sichtbar, lokal und formalisiert , weiterhin den gr\u00f6\u00dften Teil der Steuerlast. Dieses Buch schl\u00e4gt keine Anpassungen vor. Es schl\u00e4gt einen Bruch vor. Mit soliden Argumenten, direkter Sprache und strategischer Vision pr\u00e4sentiert diese Arbeit einen neuen Interpretationsrahmen f\u00fcr die Besteuerung im digitalen Zeitalter. Es diskutiert die Grenzen des klassischen Modells, demontiert die Mythen des traditionellen Dogmatikums, schl\u00e4gt konkrete normative L\u00f6sungen vor und verteidigt ein neues\u201d Steuergesetz: funktional, intelligent, digital und mit dem Gesetz zur Schaffung einer Steuer verbunden.<\/p>","protected":false},"featured_media":93578,"comment_status":"open","ping_status":"closed","template":"","meta":[],"product_cat":[1609,1645,1595],"product_tag":[],"class_list":{"0":"post-93578","1":"product","2":"type-product","3":"status-publish","4":"has-post-thumbnail","5":"product_brand-por-faustino-jnior-autor","6":"product_cat-direito","7":"product_cat-direito-tributario","8":"product_cat-livros","10":"first","11":"instock","12":"sale","13":"shipping-taxable","14":"purchasable","15":"product-type-simple"},"aioseo_notices":[],"_links":{"self":[{"href":"https:\/\/www.ecommerceupdate.com.br\/de_ch_informal\/wp-json\/wp\/v2\/product\/93578","targetHints":{"allow":["GET"]}}],"collection":[{"href":"https:\/\/www.ecommerceupdate.com.br\/de_ch_informal\/wp-json\/wp\/v2\/product"}],"about":[{"href":"https:\/\/www.ecommerceupdate.com.br\/de_ch_informal\/wp-json\/wp\/v2\/types\/product"}],"replies":[{"embeddable":true,"href":"https:\/\/www.ecommerceupdate.com.br\/de_ch_informal\/wp-json\/wp\/v2\/comments?post=93578"}],"wp:featuredmedia":[{"embeddable":true,"href":"https:\/\/www.ecommerceupdate.com.br\/de_ch_informal\/wp-json\/wp\/v2\/product\/93578"}],"wp:attachment":[{"href":"https:\/\/www.ecommerceupdate.com.br\/de_ch_informal\/wp-json\/wp\/v2\/media?parent=93578"}],"wp:term":[{"taxonomy":"product_cat","embeddable":true,"href":"https:\/\/www.ecommerceupdate.com.br\/de_ch_informal\/wp-json\/wp\/v2\/product_cat?post=93578"},{"taxonomy":"product_tag","embeddable":true,"href":"https:\/\/www.ecommerceupdate.com.br\/de_ch_informal\/wp-json\/wp\/v2\/product_tag?post=93578"}],"curies":[{"name":"Wp","href":"https:\/\/api.w.org\/{rel}","templated":true}]}}