{"id":93635,"date":"2026-03-05T10:53:09","date_gmt":"2026-03-05T13:53:09","guid":{"rendered":"https:\/\/www.ecommerceupdate.com.br\/produto\/how-to-scale-your-e-commerce-the-10-email-marketing-sequences-that-can-grow-your-sales-and-customer-engagement-in-30-days-english-edition\/"},"modified":"2026-05-13T10:27:34","modified_gmt":"2026-05-13T13:27:34","slug":"how-to-scale-your-e-commerce-the-10-email-marketing-sequences-that-can-grow-your-sales-and-customer-engagement-in-30-days-english-edition","status":"publish","type":"product","link":"https:\/\/www.ecommerceupdate.com.br\/de_ch_informal\/produto\/how-to-scale-your-e-commerce-the-10-email-marketing-sequences-that-can-grow-your-sales-and-customer-engagement-in-30-days-english-edition\/","title":{"rendered":"So skalieren Sie Ihren E-Commerce: Die 10 E-Mail-Marketingsequenzen, die Ihren Umsatz und Ihr Kundenengagement in 30 Tagen steigern k\u00f6nnen (englische Ausgabe)"},"content":{"rendered":"<div class=\"woocommerce-product-details\">\n<h3>Produktdetails<\/h3>\n<ul>\n<li>ASIN : B0BT7TSZ1K<\/li>\n<li>Barrierefreiheit: Erfahren Sie mehr<\/li>\n<li>Data da publica\u00e7\u00e3o : 26 janeiro 2023<\/li>\n<li>Sprache: Englisch<\/li>\n<li>Tamanho do arquivo : 2.4 MB<\/li>\n<li>Bildschirmleseger\u00e4t: Kompatibel<\/li>\n<li>Schriftartenkonfiguration: Aktiviert<\/li>\n<li>R\u00f6ntgen: Nicht aktiviert<\/li>\n<li>Vokabeltipps: Nicht aktiviert<\/li>\n<li>N\u00famero de p\u00e1ginas : 76 p\u00e1ginas<\/li>\n<li>Seitenumschlag: Aktiviert<\/li>\n<li>Ranking dos mais vendidos: N\u00ba 107.163 em Loja Kindle (Conhe\u00e7a o Top 100 na categoria Loja Kindle) N\u00ba 49 em Importados de Web Marketing N\u00ba 70 em Importados sobre Publicidade N\u00ba 1.148 em Neg\u00f3cios e economia em ingl\u00eas<\/li>\n<li>N\u00ba 49 em Importados de Web Marketing<\/li>\n<li>N\u00ba 70 em Importados sobre Publicidade<\/li>\n<li>N\u00ba 1.148 em Neg\u00f3cios e economia em ingl\u00eas<\/li>\n<\/ul><\/div>","protected":false},"excerpt":{"rendered":"<p>Sind Sie ein E-Commerce-Unternehmensinhaber, der Ihre Marketingstrategie verbessern und den Umsatz steigern m\u00f6chte? \u201cum Ihren E-Commerce zu skalieren\u201d ist der praktische Leitfaden, den Sie ben\u00f6tigen. Dieses Gesch\u00e4ftsbuch, das sich auf E-Commerce konzentriert, bietet Schritt-f\u00fcr-Schritt-Anleitungen zum Einrichten von E-Mails und zur Optimierung von E-Mail-Residence-Vorlagen. Mit einem Schwerpunkt auf E-Mail-Themenlinien, Inhalten und Timing zeigt Ihnen dieses Buch, wie Sie E-Mails erstellen.<\/p>","protected":false},"featured_media":93635,"comment_status":"open","ping_status":"closed","template":"","meta":[],"product_cat":[1608,1628,1607],"product_tag":[],"class_list":{"0":"post-93635","1":"product","2":"type-product","3":"status-publish","4":"has-post-thumbnail","5":"product_brand-edicao-ingls-por-max-waddell-autor-formato-ebook-kindle","6":"product_cat-ebooks-kindle","7":"product_cat-ingles-e-outras-linguas","8":"product_cat-loja-kindle","10":"first","11":"instock","12":"shipping-taxable","13":"purchasable","14":"product-type-simple"},"aioseo_notices":[],"_links":{"self":[{"href":"https:\/\/www.ecommerceupdate.com.br\/de_ch_informal\/wp-json\/wp\/v2\/product\/93635","targetHints":{"allow":["GET"]}}],"collection":[{"href":"https:\/\/www.ecommerceupdate.com.br\/de_ch_informal\/wp-json\/wp\/v2\/product"}],"about":[{"href":"https:\/\/www.ecommerceupdate.com.br\/de_ch_informal\/wp-json\/wp\/v2\/types\/product"}],"replies":[{"embeddable":true,"href":"https:\/\/www.ecommerceupdate.com.br\/de_ch_informal\/wp-json\/wp\/v2\/comments?post=93635"}],"wp:featuredmedia":[{"embeddable":true,"href":"https:\/\/www.ecommerceupdate.com.br\/de_ch_informal\/wp-json\/wp\/v2\/product\/93635"}],"wp:attachment":[{"href":"https:\/\/www.ecommerceupdate.com.br\/de_ch_informal\/wp-json\/wp\/v2\/media?parent=93635"}],"wp:term":[{"taxonomy":"product_cat","embeddable":true,"href":"https:\/\/www.ecommerceupdate.com.br\/de_ch_informal\/wp-json\/wp\/v2\/product_cat?post=93635"},{"taxonomy":"product_tag","embeddable":true,"href":"https:\/\/www.ecommerceupdate.com.br\/de_ch_informal\/wp-json\/wp\/v2\/product_tag?post=93635"}],"curies":[{"name":"Wp","href":"https:\/\/api.w.org\/{rel}","templated":true}]}}