{"id":94036,"date":"2026-03-07T03:25:26","date_gmt":"2026-03-07T06:25:26","guid":{"rendered":"https:\/\/www.ecommerceupdate.com.br\/produto\/internet-que-vende-guia-pratico-para-acelerar-seu-negocio-faturamento-e-lucro-com-inteligencia-artificial-e-marketing-digital-capa-comum-12-dezembro-2025\/"},"modified":"2026-05-03T12:43:40","modified_gmt":"2026-05-03T15:43:40","slug":"internet-que-vende-guia-pratico-para-acelerar-seu-negocio-faturamento-e-lucro-com-inteligencia-artificial-e-marketing-digital-capa-comum-12-dezembro-2025","status":"publish","type":"product","link":"https:\/\/www.ecommerceupdate.com.br\/de_ch_informal\/produto\/internet-que-vende-guia-pratico-para-acelerar-seu-negocio-faturamento-e-lucro-com-inteligencia-artificial-e-marketing-digital-capa-comum-12-dezembro-2025\/","title":{"rendered":"Internetverkauf: Praktischer Leitfaden zur Beschleunigung Ihres Gesch\u00e4fts, Ihrer Abrechnung und Ihres Gewinns mit k\u00fcnstlicher Intelligenz und digitalem Marketing. Gemeinsamer Versicherungsschutz, 12. Dezember 2025"},"content":{"rendered":"<p><br \/>\n[amz_corss_sell asin=&#8221;6556951692&#8243;]<\/p>\n","protected":false},"excerpt":{"rendered":"<p>Beschleunigen Sie das Wachstum Ihres Unternehmens, steigern Sie Umsatz und Gewinn, nutzen Sie k\u00fcnstliche Intelligenz und digitales Marketing auf praktische Weise. Der von Felipe Pereira verfasste Leitfaden stellt umsetzbare Strategien vor, die KI und digitales Marketing f\u00fcr schnelle Ergebnisse kombinieren. Entdecken Sie einfache Aktionspl\u00e4ne, die Sie jetzt anwenden und Ihren Online-Verkaufsbetrieb umgestalten k\u00f6nnen.<\/p>","protected":false},"featured_media":0,"comment_status":"open","ping_status":"closed","template":"","meta":[],"product_cat":[1611,1878,1879,1613,1595],"product_tag":[2596,2597,2595],"class_list":{"0":"post-94036","1":"product","2":"type-product","3":"status-publish","4":"product_cat-administracao-negocios-e-economia","5":"product_cat-comercio-eletronico","6":"product_cat-comercio-on-line","7":"product_cat-industrias-e-profissoes","8":"product_cat-livros","9":"product_tag-aumentar-faturamento-e-lucro-com-ia","10":"product_tag-guia-pratico-para-negocios-online","11":"product_tag-livro-ia-marketing-digital-para-e-commerce","12":"pa_autor-felipe-pereira","14":"first","15":"instock","16":"sale","17":"shipping-taxable","18":"purchasable","19":"product-type-simple"},"aioseo_notices":[],"_links":{"self":[{"href":"https:\/\/www.ecommerceupdate.com.br\/de_ch_informal\/wp-json\/wp\/v2\/product\/94036","targetHints":{"allow":["GET"]}}],"collection":[{"href":"https:\/\/www.ecommerceupdate.com.br\/de_ch_informal\/wp-json\/wp\/v2\/product"}],"about":[{"href":"https:\/\/www.ecommerceupdate.com.br\/de_ch_informal\/wp-json\/wp\/v2\/types\/product"}],"replies":[{"embeddable":true,"href":"https:\/\/www.ecommerceupdate.com.br\/de_ch_informal\/wp-json\/wp\/v2\/comments?post=94036"}],"wp:attachment":[{"href":"https:\/\/www.ecommerceupdate.com.br\/de_ch_informal\/wp-json\/wp\/v2\/media?parent=94036"}],"wp:term":[{"taxonomy":"product_cat","embeddable":true,"href":"https:\/\/www.ecommerceupdate.com.br\/de_ch_informal\/wp-json\/wp\/v2\/product_cat?post=94036"},{"taxonomy":"product_tag","embeddable":true,"href":"https:\/\/www.ecommerceupdate.com.br\/de_ch_informal\/wp-json\/wp\/v2\/product_tag?post=94036"}],"curies":[{"name":"Wp","href":"https:\/\/api.w.org\/{rel}","templated":true}]}}