{"id":94288,"date":"2026-03-11T13:14:44","date_gmt":"2026-03-11T16:14:44","guid":{"rendered":"https:\/\/www.ecommerceupdate.com.br\/produto\/gestao-de-midias-sociais\/"},"modified":"2026-05-03T12:22:03","modified_gmt":"2026-05-03T15:22:03","slug":"gestao-de-midias-sociais","status":"publish","type":"product","link":"https:\/\/www.ecommerceupdate.com.br\/de_ch_informal\/produto\/gestao-de-midias-sociais\/","title":{"rendered":"Social Media Management"},"content":{"rendered":"<div class=\"woocommerce-product-details\">\n<h3>Produktdetails<\/h3>\n<ul>\n<li>Editora : InterSaberes<\/li>\n<li>Datum der Ver\u00f6ffentlichung: 1. Oktober 2017<\/li>\n<li>Auflage: 1a<\/li>\n<li>Sprache: Portugiesisch<\/li>\n<li>Seitenzahl: 284 Seiten<\/li>\n<li>ISBN-10:8559725261<\/li>\n<li>ISBN-13:978-8559725261<\/li>\n<li>Produktgewicht: 320g<\/li>\n<li>Abmessungen: 21 x 14,2 x 1,6 cm<\/li>\n<li>Top-Seller-Ranking: Nr. 90.944 in B\u00fcchern (Treffe die Top 100 in der Kategorie B\u00fccher) Nr. 1.847 in soziologischen Nachschlagewerken<\/li>\n<li>1.847 in Nachschlagewerken zur Soziologie<\/li>\n<li>Kundenrezensionen: 3,6 3,6 von 5 Sternen (10)<\/li>\n<\/ul><\/div>","protected":false},"excerpt":{"rendered":"<p>Beherrschen Sie das Management sozialer Medien mit praktischen Strategien, die das Engagement und die Reichweite Ihrer Botschaften erh\u00f6hen, auch in Wettbewerbsumgebungen. Diese Arbeit erscheint in portugiesischer Ausgabe von Camila Gino Almeida Costa (Autorin) und konzentriert sich auf Sozialwissenschaften, Politik und Philosophie. Sie pr\u00e4sentiert klare Konzepte und reale F\u00e4lle, die Sie sofort anwenden k\u00f6nnen. Entdecken Sie nur f\u00fcr R$ 58.16, wie Sie Daten in strategische Entscheidungen umwandeln und das Verst\u00e4ndnis f\u00fcr die Rolle von Plattformen in der Gesellschaft erweitern k\u00f6nnen.<\/p>","protected":false},"featured_media":0,"comment_status":"open","ping_status":"closed","template":"","meta":[],"product_cat":[1638,1595,1637],"product_tag":[2524,2526,2525],"class_list":{"0":"post-94288","1":"product","2":"type-product","3":"status-publish","4":"product_brand-edicao-portugus-por-camila-gino-almeida-costa-autor","5":"product_cat-ciencias-sociais","6":"product_cat-livros","7":"product_cat-politica-filosofia-e-ciencias-sociais","8":"product_tag-livro-gestao-de-midias-sociais","9":"product_tag-metricas-e-analise-de-redes-sociais","10":"product_tag-planejamento-editorial-para-redes-sociais","12":"first","13":"instock","14":"sale","15":"shipping-taxable","16":"purchasable","17":"product-type-simple"},"aioseo_notices":[],"_links":{"self":[{"href":"https:\/\/www.ecommerceupdate.com.br\/de_ch_informal\/wp-json\/wp\/v2\/product\/94288","targetHints":{"allow":["GET"]}}],"collection":[{"href":"https:\/\/www.ecommerceupdate.com.br\/de_ch_informal\/wp-json\/wp\/v2\/product"}],"about":[{"href":"https:\/\/www.ecommerceupdate.com.br\/de_ch_informal\/wp-json\/wp\/v2\/types\/product"}],"replies":[{"embeddable":true,"href":"https:\/\/www.ecommerceupdate.com.br\/de_ch_informal\/wp-json\/wp\/v2\/comments?post=94288"}],"wp:attachment":[{"href":"https:\/\/www.ecommerceupdate.com.br\/de_ch_informal\/wp-json\/wp\/v2\/media?parent=94288"}],"wp:term":[{"taxonomy":"product_cat","embeddable":true,"href":"https:\/\/www.ecommerceupdate.com.br\/de_ch_informal\/wp-json\/wp\/v2\/product_cat?post=94288"},{"taxonomy":"product_tag","embeddable":true,"href":"https:\/\/www.ecommerceupdate.com.br\/de_ch_informal\/wp-json\/wp\/v2\/product_tag?post=94288"}],"curies":[{"name":"Wp","href":"https:\/\/api.w.org\/{rel}","templated":true}]}}