{"id":94298,"date":"2026-03-11T13:20:32","date_gmt":"2026-03-11T16:20:32","guid":{"rendered":"https:\/\/www.ecommerceupdate.com.br\/produto\/marketing-em-midia-social-aprenda-a-fazer-marketing-na-internet\/"},"modified":"2026-05-13T10:59:37","modified_gmt":"2026-05-13T13:59:37","slug":"marketing-em-midia-social-aprenda-a-fazer-marketing-na-internet","status":"publish","type":"product","link":"https:\/\/www.ecommerceupdate.com.br\/de_ch_informal\/produto\/marketing-em-midia-social-aprenda-a-fazer-marketing-na-internet\/","title":{"rendered":"MARKETING em M\u00eddia Social: Aprenda a Fazer Marketing na Internet"},"content":{"rendered":"<div class=\"woocommerce-product-details\">\n<h3>Produktdetails<\/h3>\n<ul>\n<li>ASIN: B096MWTRPH<\/li>\n<li>Barrierefreiheit: Erfahren Sie mehr<\/li>\n<li>Datum der Ver\u00f6ffentlichung: 3. Juni 2021<\/li>\n<li>Sprache: Portugiesisch<\/li>\n<li>Dateigr\u00f6\u00dfe: 469 KB<\/li>\n<li>Bildschirmleseger\u00e4t: Kompatibel<\/li>\n<li>Schriftartenkonfiguration: Aktiviert<\/li>\n<li>Vokabeltipps: Nicht aktiviert<\/li>\n<li>Seitenumschlag: Aktiviert<\/li>\n<li>Kundenrezensionen: 3,4 3,4 von 5 Sternen (6)<\/li>\n<\/ul><\/div>","protected":false},"excerpt":{"rendered":"<p>Beherrschen Sie Social-Media-Marketingstrategien, um Follower zu echten Kunden zu machen und Ihre Sichtbarkeit und Ergebnisse online zu erh\u00f6hen. Ver\u00f6ffentlicht vom Herausgeber H-publisher, im Kindle-Format, nur f\u00fcr R$ 9.90. Beinhaltet praktische Schritte, Beispiele f\u00fcr Beitr\u00e4ge und einfache Metriken, um den Fortschritt zu verfolgen und Sie zu ermutigen in den Inhalt einzutauchen und sich noch heute zu bewerben.<\/p>","protected":false},"featured_media":94298,"comment_status":"open","ping_status":"closed","template":"","meta":[],"product_cat":[1641,1595,1947],"product_tag":[2515,2513,2514],"class_list":{"0":"post-94298","1":"product","2":"type-product","3":"status-publish","4":"has-post-thumbnail","5":"product_brand-por-h-editora-autor-formato-ebook-kindle","6":"product_cat-computacao-informatica-e-midias-digitais","7":"product_cat-livros","8":"product_cat-redes-informaticas","9":"product_tag-como-fazer-marketing-na-internet","10":"product_tag-ebook-kindle-marketing-em-midia-social","11":"product_tag-marketing-nas-redes-sociais","13":"first","14":"instock","15":"shipping-taxable","16":"purchasable","17":"product-type-simple"},"aioseo_notices":[],"_links":{"self":[{"href":"https:\/\/www.ecommerceupdate.com.br\/de_ch_informal\/wp-json\/wp\/v2\/product\/94298","targetHints":{"allow":["GET"]}}],"collection":[{"href":"https:\/\/www.ecommerceupdate.com.br\/de_ch_informal\/wp-json\/wp\/v2\/product"}],"about":[{"href":"https:\/\/www.ecommerceupdate.com.br\/de_ch_informal\/wp-json\/wp\/v2\/types\/product"}],"replies":[{"embeddable":true,"href":"https:\/\/www.ecommerceupdate.com.br\/de_ch_informal\/wp-json\/wp\/v2\/comments?post=94298"}],"wp:featuredmedia":[{"embeddable":true,"href":"https:\/\/www.ecommerceupdate.com.br\/de_ch_informal\/wp-json\/wp\/v2\/product\/94298"}],"wp:attachment":[{"href":"https:\/\/www.ecommerceupdate.com.br\/de_ch_informal\/wp-json\/wp\/v2\/media?parent=94298"}],"wp:term":[{"taxonomy":"product_cat","embeddable":true,"href":"https:\/\/www.ecommerceupdate.com.br\/de_ch_informal\/wp-json\/wp\/v2\/product_cat?post=94298"},{"taxonomy":"product_tag","embeddable":true,"href":"https:\/\/www.ecommerceupdate.com.br\/de_ch_informal\/wp-json\/wp\/v2\/product_tag?post=94298"}],"curies":[{"name":"Wp","href":"https:\/\/api.w.org\/{rel}","templated":true}]}}