{"id":94357,"date":"2026-03-12T13:40:51","date_gmt":"2026-03-12T16:40:51","guid":{"rendered":"https:\/\/www.ecommerceupdate.com.br\/produto\/e-commerce-uma-via-de-mao-dupla\/"},"modified":"2026-05-03T12:19:31","modified_gmt":"2026-05-03T15:19:31","slug":"e-commerce-uma-via-de-mao-dupla","status":"publish","type":"product","link":"https:\/\/www.ecommerceupdate.com.br\/de_ch_informal\/produto\/e-commerce-uma-via-de-mao-dupla\/","title":{"rendered":"E-commerce: uma via de m\u00e3o dupla."},"content":{"rendered":"<div class=\"woocommerce-product-details\"><\/div>","protected":false},"excerpt":{"rendered":"<p>Machen Sie aus dem Management Ihres E-Commerce eine Einbahnstra\u00dfe, st\u00e4rken Sie die Beziehung zum Kunden, steigern Sie das Vertrauen und steigern Sie die Conversions Geschrieben von Denis Andrade, Gabriela Schilling, Edmilson Maleski und Jessica Fragoso, mit Ausgabe von Viseu, ist das Buch erh\u00e4ltlich von R$ 69.90. Entdecken Sie praktische Strategien, echte Beispiele und M\u00f6glichkeiten, sich heute anzuwenden, um transparentere Abl\u00e4ufe und messbare Ergebnisse zu erzielen.<\/p>","protected":false},"featured_media":0,"comment_status":"open","ping_status":"closed","template":"","meta":[],"product_cat":[1611,1621,1595],"product_tag":[2505,2506,2504],"class_list":{"0":"post-94357","1":"product","2":"type-product","3":"status-publish","4":"product_brand-por-denis-andrade-e-gabriela-schilling-edmilson-maleski-jessica-fragoso-autor-viseu-editor","5":"product_cat-administracao-negocios-e-economia","6":"product_cat-gestao-e-lideranca","7":"product_cat-livros","8":"product_tag-estrategias-de-venda-online","9":"product_tag-gestao-de-lojas-virtuais","10":"product_tag-livro-e-commerce-gestao-de-negocios","12":"first","13":"instock","14":"shipping-taxable","15":"purchasable","16":"product-type-simple"},"aioseo_notices":[],"_links":{"self":[{"href":"https:\/\/www.ecommerceupdate.com.br\/de_ch_informal\/wp-json\/wp\/v2\/product\/94357","targetHints":{"allow":["GET"]}}],"collection":[{"href":"https:\/\/www.ecommerceupdate.com.br\/de_ch_informal\/wp-json\/wp\/v2\/product"}],"about":[{"href":"https:\/\/www.ecommerceupdate.com.br\/de_ch_informal\/wp-json\/wp\/v2\/types\/product"}],"replies":[{"embeddable":true,"href":"https:\/\/www.ecommerceupdate.com.br\/de_ch_informal\/wp-json\/wp\/v2\/comments?post=94357"}],"wp:attachment":[{"href":"https:\/\/www.ecommerceupdate.com.br\/de_ch_informal\/wp-json\/wp\/v2\/media?parent=94357"}],"wp:term":[{"taxonomy":"product_cat","embeddable":true,"href":"https:\/\/www.ecommerceupdate.com.br\/de_ch_informal\/wp-json\/wp\/v2\/product_cat?post=94357"},{"taxonomy":"product_tag","embeddable":true,"href":"https:\/\/www.ecommerceupdate.com.br\/de_ch_informal\/wp-json\/wp\/v2\/product_tag?post=94357"}],"curies":[{"name":"Wp","href":"https:\/\/api.w.org\/{rel}","templated":true}]}}