{"id":94500,"date":"2026-03-15T14:18:24","date_gmt":"2026-03-15T17:18:24","guid":{"rendered":"https:\/\/www.ecommerceupdate.com.br\/produto\/personalizacao-quem-fala-com-todos-nao-fala-com-ninguem-personalize-seu-marketing-digital\/"},"modified":"2026-05-03T11:59:49","modified_gmt":"2026-05-03T14:59:49","slug":"personalizacao-quem-fala-com-todos-nao-fala-com-ninguem-personalize-seu-marketing-digital","status":"publish","type":"product","link":"https:\/\/www.ecommerceupdate.com.br\/de_ch_informal\/produto\/personalizacao-quem-fala-com-todos-nao-fala-com-ninguem-personalize-seu-marketing-digital\/","title":{"rendered":"Personalisierung: Wer mit jedem spricht, spricht mit niemandem. Personalisieren Sie Ihr digitales Marketing!"},"content":{"rendered":"<div class=\"woocommerce-product-details\">\n<h3>Produktdetails<\/h3>\n<ul>\n<li>Herausgeber: DVS EDITORA<\/li>\n<li>Datum der Ver\u00f6ffentlichung: 31. Oktober 2019<\/li>\n<li>Auflage: 1a<\/li>\n<li>Sprache: Portugiesisch<\/li>\n<li>Seitenzahl: 128 Seiten<\/li>\n<li>ISBN-10:858289225X<\/li>\n<li>ISBN-13:978-8582892251<\/li>\n<li>Produktgewicht: 220g<\/li>\n<li>Abmessungen: 22,8 x 15,4 x 0,8 cm<\/li>\n<li>Top-Seller-Ranking: Nr. 67.714 in B\u00fcchern (Treffe die Top 100 in der Kategorie B\u00fccher) Nr. 80 im Webmarketing Nr. 225 im Marketing Nr. 1.661 in Management und F\u00fchrung<\/li>\n<li>80 Im Webmarketing<\/li>\n<li>225 Im Marketing<\/li>\n<li>1.661 in Management und F\u00fchrung<\/li>\n<li>Kundenrezensionen: 4,4 4,4 von 5 Sternen (78)<\/li>\n<\/ul><\/div>","protected":false},"excerpt":{"rendered":"<p>Die Personalisierung Ihres digitalen Marketings ist der gr\u00f6\u00dfte Vorteil: Sie sprechen mit denen, die wichtig sind, erh\u00f6hen das Engagement und vermeiden unn\u00f6tigen L\u00e4rm Dieser von Felipe Spina verfasste Titel auf Portugiesisch bietet praktische Targeting-Strategien und ma\u00dfgeschneiderte Botschaften, mit anwendbaren Beispielen, die Sie schnell anwenden k\u00f6nnen Erh\u00e4ltlich f\u00fcr nur R$ 25.25, ist eine unverzichtbare Lekt\u00fcre f\u00fcr diejenigen, die echte Ergebnisse wollen; Lesen Sie weiter, um herauszufinden, wie Sie Daten in Inhalte umwandeln und Ihre Kampagnen verst\u00e4rken k\u00f6nnen.<\/p>","protected":false},"featured_media":94500,"comment_status":"open","ping_status":"closed","template":"","meta":[],"product_cat":[1611,1595,1618],"product_tag":[2398,2399,2099],"class_list":{"0":"post-94500","1":"product","2":"type-product","3":"status-publish","4":"has-post-thumbnail","5":"product_brand-edicao-portugus-por-felipe-spina-autor","6":"product_cat-administracao-negocios-e-economia","7":"product_cat-livros","8":"product_cat-marketing-e-vendas","9":"product_tag-campanhas-personalizadas-com-segmentacao-de-publico-alvo","10":"product_tag-estrategias-de-personalizacao-em-marketing-digital","11":"product_tag-livro-marketing-digital-personalizacao","13":"first","14":"instock","15":"shipping-taxable","16":"purchasable","17":"product-type-simple"},"aioseo_notices":[],"_links":{"self":[{"href":"https:\/\/www.ecommerceupdate.com.br\/de_ch_informal\/wp-json\/wp\/v2\/product\/94500","targetHints":{"allow":["GET"]}}],"collection":[{"href":"https:\/\/www.ecommerceupdate.com.br\/de_ch_informal\/wp-json\/wp\/v2\/product"}],"about":[{"href":"https:\/\/www.ecommerceupdate.com.br\/de_ch_informal\/wp-json\/wp\/v2\/types\/product"}],"replies":[{"embeddable":true,"href":"https:\/\/www.ecommerceupdate.com.br\/de_ch_informal\/wp-json\/wp\/v2\/comments?post=94500"}],"wp:featuredmedia":[{"embeddable":true,"href":"https:\/\/www.ecommerceupdate.com.br\/de_ch_informal\/wp-json\/wp\/v2\/product\/94500"}],"wp:attachment":[{"href":"https:\/\/www.ecommerceupdate.com.br\/de_ch_informal\/wp-json\/wp\/v2\/media?parent=94500"}],"wp:term":[{"taxonomy":"product_cat","embeddable":true,"href":"https:\/\/www.ecommerceupdate.com.br\/de_ch_informal\/wp-json\/wp\/v2\/product_cat?post=94500"},{"taxonomy":"product_tag","embeddable":true,"href":"https:\/\/www.ecommerceupdate.com.br\/de_ch_informal\/wp-json\/wp\/v2\/product_tag?post=94500"}],"curies":[{"name":"Wp","href":"https:\/\/api.w.org\/{rel}","templated":true}]}}