{"id":93422,"date":"2026-03-04T08:53:03","date_gmt":"2026-03-04T11:53:03","guid":{"rendered":"https:\/\/www.ecommerceupdate.com.br\/produto\/e-commerce-exponencial-como-pequenos-empreendedores-podem-automatizar-marketing-escalar-vendas-e-vencer-grandes-concorrentes-usando-inteligencia-artificial\/"},"modified":"2026-05-09T11:51:46","modified_gmt":"2026-05-09T14:51:46","slug":"e-commerce-exponencial-como-pequenos-empreendedores-podem-automatizar-marketing-escalar-vendas-e-vencer-grandes-concorrentes-usando-inteligencia-artificial","status":"publish","type":"product","link":"https:\/\/www.ecommerceupdate.com.br\/en_au\/produto\/e-commerce-exponencial-como-pequenos-empreendedores-podem-automatizar-marketing-escalar-vendas-e-vencer-grandes-concorrentes-usando-inteligencia-artificial\/","title":{"rendered":"Exponential E-commerce: How Small Entrepreneurs Can Automate Marketing, Scale Sales, and Beat Big Competitors Using Artificial Intelligence"},"content":{"rendered":"<div class=\"woocommerce-product-details\"><\/div>","protected":false},"excerpt":{"rendered":"<p>Domine a automa\u00e7\u00e3o de marketing para escalar vendas e vencer grandes concorrentes, apoiado pela Intelig\u00eancia Artificial. Escrito por William Douglas, este eBook Kindle oferece estrat\u00e9gias pr\u00e1ticas para pequenos empreendedores, com passos acion\u00e1veis para automatizar campanhas e transformar dados em resultados. Dispon\u00edvel por apenas R$ 9,99 na categoria Autoajuda, Formato: e Book Kindle, esta leitura r\u00e1pida convida voc\u00ea a aplicar t\u00e9cnicas j\u00e1 hoje.<\/p>","protected":false},"featured_media":93422,"comment_status":"open","ping_status":"closed","template":"","meta":[],"product_cat":[1627,1608,1607],"product_tag":[2620,2621,2622],"class_list":{"0":"post-93422","1":"product","2":"type-product","3":"status-publish","4":"has-post-thumbnail","5":"product_brand-por-william-douglas-autor-formato-ebook-kindle","6":"product_cat-autoajuda","7":"product_cat-ebooks-kindle","8":"product_cat-loja-kindle","9":"product_tag-ebook-kindle-automacao-de-marketing-ia-para-e-commerce","10":"product_tag-pequenos-empreendedores-escalando-vendas-com-ia","11":"product_tag-vencer-grandes-concorrentes-com-ia-em-e-commerce","13":"first","14":"instock","15":"shipping-taxable","16":"purchasable","17":"product-type-simple"},"aioseo_notices":[],"_links":{"self":[{"href":"https:\/\/www.ecommerceupdate.com.br\/en_au\/wp-json\/wp\/v2\/product\/93422","targetHints":{"allow":["GET"]}}],"collection":[{"href":"https:\/\/www.ecommerceupdate.com.br\/en_au\/wp-json\/wp\/v2\/product"}],"about":[{"href":"https:\/\/www.ecommerceupdate.com.br\/en_au\/wp-json\/wp\/v2\/types\/product"}],"replies":[{"embeddable":true,"href":"https:\/\/www.ecommerceupdate.com.br\/en_au\/wp-json\/wp\/v2\/comments?post=93422"}],"wp:featuredmedia":[{"embeddable":true,"href":"https:\/\/www.ecommerceupdate.com.br\/en_au\/wp-json\/wp\/v2\/product\/93422"}],"wp:attachment":[{"href":"https:\/\/www.ecommerceupdate.com.br\/en_au\/wp-json\/wp\/v2\/media?parent=93422"}],"wp:term":[{"taxonomy":"product_cat","embeddable":true,"href":"https:\/\/www.ecommerceupdate.com.br\/en_au\/wp-json\/wp\/v2\/product_cat?post=93422"},{"taxonomy":"product_tag","embeddable":true,"href":"https:\/\/www.ecommerceupdate.com.br\/en_au\/wp-json\/wp\/v2\/product_tag?post=93422"}],"curies":[{"name":"wp","href":"https:\/\/api.w.org\/{rel}","templated":true}]}}