{"id":93623,"date":"2026-03-05T10:47:29","date_gmt":"2026-03-05T13:47:29","guid":{"rendered":"https:\/\/www.ecommerceupdate.com.br\/produto\/metodologia-pemd-planejamento-estrategico-de-marketing-na-era-digital-passo-a-passo-para-atuar-em-alto-nivel-e-se-diferenciar-em-um-mercado-cada-vez-mais-competitivo\/"},"modified":"2026-05-08T11:44:52","modified_gmt":"2026-05-08T14:44:52","slug":"metodologia-pemd-planejamento-estrategico-de-marketing-na-era-digital-passo-a-passo-para-atuar-em-alto-nivel-e-se-diferenciar-em-um-mercado-cada-vez-mais-competitivo","status":"publish","type":"product","link":"https:\/\/www.ecommerceupdate.com.br\/en_au\/produto\/metodologia-pemd-planejamento-estrategico-de-marketing-na-era-digital-passo-a-passo-para-atuar-em-alto-nivel-e-se-diferenciar-em-um-mercado-cada-vez-mais-competitivo\/","title":{"rendered":"PEMD Methodology: Strategic Marketing Planning in the Digital Age - Step by step to act at a high level and differentiate in an increasingly competitive market"},"content":{"rendered":"<div class=\"woocommerce-product-details\">\n<div id=\"aplus_feature_div\" class=\"celwidget\" data-feature-name=\"aplus\" data-csa-c-type=\"widget\" data-csa-c-content-id=\"aplus\" data-csa-c-slot-id=\"aplus_feature_div\" data-csa-c-asin=\"\" data-csa-c-is-in-initial-active-row=\"false\">\n<div id=\"aplus\" class=\"a-section a-spacing-large bucket\">\n<h3 class=\"\">From publisher<\/h3>\n<div lang=\"pt_BR\">\n<div class=\"aplus-v2 desktop celwidget\">\n<div class=\"aplus-content-wrapper\">\n<div class=\"celwidget aplus-module 3p-module-b aplus-standard\">\n<div class=\"aplus-module-wrapper aplus-3p-fixed-width\"> <img decoding=\"async\" alt=\"PEMD\" src=\"https:\/\/m.media-amazon.com\/images\/S\/aplus-media-library-service-media\/b31cfc9c-694b-4a9c-9678-4a6696f374ff.__CR0,0,4042,2500_PT0_SX970_V1___.jpg\" \/> <\/div>\n<\/p>\n<\/div>\n<div class=\"celwidget aplus-module module-2 aplus-standard\">\n<div class=\"aplus-module-wrapper apm-floatnone apm-fixed-width\">\n<div class=\"apm-sidemodule apm-spacing\">\n<div class=\"apm-sidemodule-imageleft\"> <img decoding=\"async\" alt=\"Author Nino Carvalho\" src=\"https:\/\/m.media-amazon.com\/images\/S\/aplus-media-library-service-media\/7c483e55-9d29-4ebe-94c5-3fa007cd65eb.__CR0,0,1471,1471_PT0_SX300_V1___.png\" \/> <\/div>\n<div class=\"apm-sidemodule-textright\">\n<h3 class=\"a-spacing-mini\"> NINO OAK <\/h3>\n<p> One of the pioneers, most respected and most requested Marketing consultants in the Digital Age of Brazil <span class=\"a-text-bold\">over 25 years of experience<\/span>, in executive and academic projects in more than 30 countries. <span class=\"a-text-bold\">Only Brazilian with the seal FCIM<\/span> (Fellow Chartered Institute of Marketing), the highest marketing reference in the European Community. <\/p>\n<p> \u00c9 <span class=\"a-text-bold\">professor <\/span>from IPAM (PT), IPOG (BR) and Karel de Grote (BE), as well as guest lecturer at Kozminsk University (PL), IULM (IT), European University (PT), University of Coimbra (PT) and Kodolayni-Janos University (HU) <span class=\"a-text-bold\">speaker at the e-World Marketing Summit<\/span> 2023, by Philip Kotler, in addition to being a keynote speaker at several national and international events. <\/p>\n<p> Portfolio that includes some of the <span class=\"a-text-bold\">biggest brands in the world<\/span>. Formed <span class=\"a-text-bold\">more than 20 thousand professionals<\/span> in courses, workshops, MBAs, Masters and in training for public and private organizations.It is an official partner of <span class=\"a-text-bold\">Kotler Impact's<\/span> for Brazil and Portugal. <\/p>\n<\/p>\n<\/div>\n<\/div>\n<\/div>\n<\/div>\n<div class=\"celwidget aplus-module module-4 aplus-standard\">\n<div class=\"aplus-module-wrapper apm-fixed-width apm-spacing\">\n<div class=\"apm-flex\">\n<div class=\"apm-flex-item-fourth-width\">\n<p class=\"apm-text-center\"> <img decoding=\"async\" alt=\"PEMD\" src=\"https:\/\/m.media-amazon.com\/images\/S\/aplus-media-library-service-media\/361ba1fb-5f94-4fe7-9e16-b1d0cfa1c68d.__CR375,0,2250,2250_PT0_SX220_V1___.jpg\" \/> <\/p>\n<h4 class=\"a-spacing-mini\"> 544 Pages, color book <\/h4>\n<\/p>\n<\/div>\n<div class=\"apm-flex-item-fourth-width\">\n<p class=\"apm-text-center\"> <img decoding=\"async\" alt=\"PEMD\" src=\"https:\/\/m.media-amazon.com\/images\/S\/aplus-media-library-service-media\/cb0097f3-ea84-4941-9573-24634c5d87b2.__CR375,0,2250,2250_PT0_SX220_V1___.jpg\" \/> <\/p>\n<h4 class=\"a-spacing-mini\"> 14 Pages of references <\/h4>\n<\/p>\n<\/div>\n<div class=\"apm-flex-item-fourth-width\">\n<p class=\"apm-text-center\"> <img decoding=\"async\" alt=\"PEMD\" src=\"https:\/\/m.media-amazon.com\/images\/S\/aplus-media-library-service-media\/488f8334-fa42-4c82-b5c5-475da6d39ef3.__CR375,0,2250,2250_PT0_SX220_V1___.jpg\" \/> <\/p>\n<h4 class=\"a-spacing-mini\"> Widely illustrated with dozens of figures, charts, models and tables <\/h4>\n<\/p>\n<\/div>\n<div class=\"apm-flex-item-fourth-width\">\n<p class=\"apm-text-center\"> <img decoding=\"async\" alt=\"PEMD\" src=\"https:\/\/m.media-amazon.com\/images\/S\/aplus-media-library-service-media\/41340927-8b0a-4630-846e-767559c5f7d1.__CR375,0,2250,2250_PT0_SX220_V1___.jpg\" \/> <\/p>\n<h4 class=\"a-spacing-mini\"> Cases and examples of public and private organizations, from various sectors <\/h4>\n<\/p>\n<\/div>\n<\/div>\n<\/div>\n<\/div>\n<div class=\"celwidget aplus-module 3p-module-b aplus-standard\">\n<div class=\"aplus-module-wrapper aplus-3p-fixed-width\"> <img decoding=\"async\" alt=\"PEMD\" src=\"https:\/\/m.media-amazon.com\/images\/S\/aplus-media-library-service-media\/cee7cb80-6c47-4b3b-8060-f0ac36e01ece.__CR0,72,3000,1856_PT0_SX970_V1___.png\" \/> <\/div>\n<\/p>\n<\/div>\n<\/div>\n<\/div>\n<\/div>\n<\/div>\n<\/div>\n<h3>Product details<\/h3>\n<ul>\n<li>Publisher: DVS EDITORA<\/li>\n<li>Date of publication: 20 June 2023<\/li>\n<li>Edition: 1a<\/li>\n<li>Language: Portuguese<\/li>\n<li>Number of pages : 544 pages<\/li>\n<li>ISBN-10:6556950920<\/li>\n<li>ISBN-13:978-6556950921<\/li>\n<li>Product weight: 980g<\/li>\n<li>Dimensions: 17 x 3.1 x 24 cm<\/li>\n<li>Top Sellers Ranking: No 83,543 in Books (Meet the Top 100 in Books category) No 81 in Web Marketing No 282 in Marketing No 704 in Business Management Science<\/li>\n<li>81 In Web Marketing<\/li>\n<li>282 In Marketing<\/li>\n<li>704 In Business Management Science<\/li>\n<li>Customer Reviews: 4.9 4.9 out of 5 stars (156)<\/li>\n<\/ul><\/div>","protected":false},"excerpt":{"rendered":"<p>PEMD: o guia completo para o planejamento <br \/> estrat\u00e9gico de marketing na era digital<\/p>\n<p>Com mais de 25 anos de experi\u00eancia na \u00e1rea, Nino Carvalho ensina <br \/> como aplicar uma metodologia inovadora para conquistar resultados<br \/> tang\u00edveis e mensur\u00e1veis em organiza\u00e7\u00f5es de qualquer setor e porteNino Carvalho, pioneiro em Marketing Digital no Brasil, combina as melhores refer\u00eancias te\u00f3ricas \u00e0 experi\u00eancia de mais de 25 anos de mercado no lan\u00e7amento Metodologia PEMD &#8211; Planejamento Estrat\u00e9gico de Marketing na Era Digital, publicado pela DVS Editora. A obra apresenta uma s\u00f3lida e bem-sucedida metodologia para que profissionais de empresas de todos os setores e portes dominem as ferramentas dispon\u00edveis para se destacar no ambiente digital e alcan\u00e7ar sucesso nos neg\u00f3cios.Idealizador e coordenador acad\u00eamico do primeiro programa de MBA em Marketing Digital do Brasil, destaca que a Metodologia PEMD \u00e9 viva, est\u00e1 em constante atualiza\u00e7\u00e3o, possui embasamento cient\u00edfico e tem pr\u00e1tica comprovada em diversos tipos de organiza\u00e7\u00f5es. O PEMD permite que os fundamentos sejam colocados em seus devidos lugares para que o marketing das organiza\u00e7\u00f5es seja adequadamente executado. Do passo zero \u00e0 entrega final, Nino Carvalho mostra como aplicar um planejamento estrat\u00e9gico eficaz para quem deseja adotar a metodologia na pr\u00f3pria empresa, para executivos ou funcion\u00e1rios que utilizar\u00e3o este guia onde trabalham ou para ag\u00eancias e consultorias que podem vender este passo a passo como um servi\u00e7o.Num mundo extremamente din\u00e2mico, com novos concorrentes surgindo o tempo todo, planejar adequadamente \u00e9 mais importante do que nunca. Exemplos disso n\u00e3o faltam: o lobby de hot\u00e9is em Manhattan luta at\u00e9 hoje para bloquear a entrada do Airbnb na ilha mais famosa de Nova Iorque. Eles sabem que, com as op\u00e7\u00f5es disponibilizadas pelo Airbnb, suas margens de lucro ser\u00e3o achatadas. Um cen\u00e1rio cl\u00e1ssico de concorr\u00eancia no microambiente. A TV a cabo demorou a reagir ao streaming, enquanto a Netflix ganhou mercado. Com novos concorrentes no cen\u00e1rio das plataformas de filmes e s\u00e9ries (HBO Max, Star+, Disney+, Apple TV, GloboPlay, Prime Video, entre muitos outros), agora \u00e9 a pr\u00f3pria Netflix que precisa se mexer para n\u00e3o perder assinantes. No primeiro cen\u00e1rio, o desenho de novo entrante de um mercado lim\u00edtrofe num mercado consolidado. No segundo cen\u00e1rio, a entrada de novos concorrentes diretos num mercado em expans\u00e3o. <\/p>\n<p> (Rafael Rez, Fundador da\u00a0ag\u00eancia de SEO &#038; <br \/> Conte\u00fado Web Estrat\u00e9gica, na introdu\u00e7\u00e3o do livro)Para facilitar a aplica\u00e7\u00e3o dos conceitos apresentados, o t\u00edtulo \u00e9 dividido em cap\u00edtulos que seguem a ordem cronol\u00f3gica da metodologia: avalia\u00e7\u00e3o do escopo do planejamento e guidelines para condu\u00e7\u00e3o e gest\u00e3o, raio-X do momento atual da empresa, defini\u00e7\u00e3o do cen\u00e1rio desej\u00e1vel e dos indicadores para avaliar o percurso e, por fim, a proposi\u00e7\u00e3o de a\u00e7\u00f5es e orienta\u00e7\u00f5es para implanta\u00e7\u00e3o e controle. Com linguagem acess\u00edvel, leve e did\u00e1tica, o autor apresenta estudos de casos reais, mostrando como a Metodologia PEMD, aplicada em empresas brasileiras e internacionais dos setores p\u00fablico e privado, serve como norte de inspira\u00e7\u00e3o para os leitores. Os benef\u00edcios do conhecimento oferecido em Metodologia PEMD &#8211; Planejamento Estrat\u00e9gico de Marketing na Era Digital se estendem a todos que buscam atualiza\u00e7\u00e3o nesse campo, incluindo alunos e profissionais de gest\u00e3o, vendas, comercial, design e \u00e1reas correlatas \u00e0 comunica\u00e7\u00e3o e \u00e0 tecnologia. Um verdadeiro guia aplic\u00e1vel nos mais diversos cen\u00e1rios e que permite \u00e0s lideran\u00e7as e equipes fazer adapta\u00e7\u00f5es conforme as necessidades.<\/p>","protected":false},"featured_media":93623,"comment_status":"open","ping_status":"closed","template":"","meta":[],"product_cat":[1611,1621,1595],"product_tag":[],"class_list":{"0":"post-93623","1":"product","2":"type-product","3":"status-publish","4":"has-post-thumbnail","5":"product_brand-por-nino-carvalho-autor","6":"product_cat-administracao-negocios-e-economia","7":"product_cat-gestao-e-lideranca","8":"product_cat-livros","10":"first","11":"instock","12":"sale","13":"shipping-taxable","14":"purchasable","15":"product-type-simple"},"aioseo_notices":[],"_links":{"self":[{"href":"https:\/\/www.ecommerceupdate.com.br\/en_au\/wp-json\/wp\/v2\/product\/93623","targetHints":{"allow":["GET"]}}],"collection":[{"href":"https:\/\/www.ecommerceupdate.com.br\/en_au\/wp-json\/wp\/v2\/product"}],"about":[{"href":"https:\/\/www.ecommerceupdate.com.br\/en_au\/wp-json\/wp\/v2\/types\/product"}],"replies":[{"embeddable":true,"href":"https:\/\/www.ecommerceupdate.com.br\/en_au\/wp-json\/wp\/v2\/comments?post=93623"}],"wp:featuredmedia":[{"embeddable":true,"href":"https:\/\/www.ecommerceupdate.com.br\/en_au\/wp-json\/wp\/v2\/product\/93623"}],"wp:attachment":[{"href":"https:\/\/www.ecommerceupdate.com.br\/en_au\/wp-json\/wp\/v2\/media?parent=93623"}],"wp:term":[{"taxonomy":"product_cat","embeddable":true,"href":"https:\/\/www.ecommerceupdate.com.br\/en_au\/wp-json\/wp\/v2\/product_cat?post=93623"},{"taxonomy":"product_tag","embeddable":true,"href":"https:\/\/www.ecommerceupdate.com.br\/en_au\/wp-json\/wp\/v2\/product_tag?post=93623"}],"curies":[{"name":"wp","href":"https:\/\/api.w.org\/{rel}","templated":true}]}}