{"id":94279,"date":"2026-03-11T13:11:50","date_gmt":"2026-03-11T16:11:50","guid":{"rendered":"https:\/\/www.ecommerceupdate.com.br\/produto\/analise-de-redes-para-midia-social\/"},"modified":"2026-05-03T12:24:12","modified_gmt":"2026-05-03T15:24:12","slug":"analise-de-redes-para-midia-social","status":"publish","type":"product","link":"https:\/\/www.ecommerceupdate.com.br\/en_au\/produto\/analise-de-redes-para-midia-social\/","title":{"rendered":"Network Analysis for Social Media"},"content":{"rendered":"<div class=\"woocommerce-product-details\"><\/div>","protected":false},"excerpt":{"rendered":"<p>Alcance maior clareza estrat\u00e9gica nas redes sociais ao transformar dados de engajamento em decis\u00f5es pr\u00e1ticas e mensur\u00e1veis. Nessa edi\u00e7\u00e3o em Portugu\u00eas, a obra oferece fundamentos anal\u00edticos, m\u00e9todos aplic\u00e1veis e exemplos para interpretar alcance, engajamento e reputa\u00e7\u00e3o nas redes. Tudo isso por apenas R$ 53,90.<\/p>","protected":false},"featured_media":0,"comment_status":"open","ping_status":"closed","template":"","meta":[],"product_cat":[1933,1653,1595],"product_tag":[2545,2546,2547],"class_list":{"0":"post-94279","1":"product","2":"type-product","3":"status-publish","4":"product_brand-edicao-portugus-por-raquel-recuero-autor-marco-bastos-autor-gabriela-zago-autor-0-mais","5":"product_cat-dicionarios-gramatica-e-linguistica","6":"product_cat-educacao-referencia-e-didaticos","7":"product_cat-livros","8":"product_tag-livro-analise-de-redes-para-midia-social","9":"product_tag-metodologias-de-analise-de-redes-sociais","10":"product_tag-uso-academico-redes-sociais-pesquisa","12":"first","13":"instock","14":"shipping-taxable","15":"purchasable","16":"product-type-simple"},"aioseo_notices":[],"_links":{"self":[{"href":"https:\/\/www.ecommerceupdate.com.br\/en_au\/wp-json\/wp\/v2\/product\/94279","targetHints":{"allow":["GET"]}}],"collection":[{"href":"https:\/\/www.ecommerceupdate.com.br\/en_au\/wp-json\/wp\/v2\/product"}],"about":[{"href":"https:\/\/www.ecommerceupdate.com.br\/en_au\/wp-json\/wp\/v2\/types\/product"}],"replies":[{"embeddable":true,"href":"https:\/\/www.ecommerceupdate.com.br\/en_au\/wp-json\/wp\/v2\/comments?post=94279"}],"wp:attachment":[{"href":"https:\/\/www.ecommerceupdate.com.br\/en_au\/wp-json\/wp\/v2\/media?parent=94279"}],"wp:term":[{"taxonomy":"product_cat","embeddable":true,"href":"https:\/\/www.ecommerceupdate.com.br\/en_au\/wp-json\/wp\/v2\/product_cat?post=94279"},{"taxonomy":"product_tag","embeddable":true,"href":"https:\/\/www.ecommerceupdate.com.br\/en_au\/wp-json\/wp\/v2\/product_tag?post=94279"}],"curies":[{"name":"wp","href":"https:\/\/api.w.org\/{rel}","templated":true}]}}