{"id":93666,"date":"2026-03-05T14:05:38","date_gmt":"2026-03-05T17:05:38","guid":{"rendered":"https:\/\/www.ecommerceupdate.com.br\/produto\/mercado-livre-como-escalar-anuncios-e-administrar-sua-conta\/"},"modified":"2026-05-09T12:11:19","modified_gmt":"2026-05-09T15:11:19","slug":"mercado-livre-como-escalar-anuncios-e-administrar-sua-conta","status":"publish","type":"product","link":"https:\/\/www.ecommerceupdate.com.br\/en_ca\/produto\/mercado-livre-como-escalar-anuncios-e-administrar-sua-conta\/","title":{"rendered":"Mercado Livre Como Escalar An\u00fancios e Administrar Sua Conta"},"content":{"rendered":"<div class=\"woocommerce-product-details\">\n<h3>Product details<\/h3>\n<ul>\n<li>ASIN: B0DP7BJ88Y<\/li>\n<li>Accessibility: Learn more<\/li>\n<li>Date of publication: 27 November 2024<\/li>\n<li>Language: Portuguese<\/li>\n<li>File size: 4.2 MB<\/li>\n<li>Font configuration: Not enabled<\/li>\n<li>Vocabulary Tips: Not enabled<\/li>\n<li>N\u00famero de p\u00e1ginas : 53 p\u00e1ginas<\/li>\n<li>Format: Print Replica<\/li>\n<li>Page Flip : Not enabled<\/li>\n<li>Top Sellers Ranking: No 522,942 in Kindle Store (Meet the Top 100 in Kindle Store category) No 18,273 in Business &amp; Economy<\/li>\n<li>18,273 in Business and Economics<\/li>\n<\/ul><\/div>","protected":false},"excerpt":{"rendered":"<p>Infallible Tips to Power Your Ads in the Free Market + Free Tools to Create High Quality Images + Tools that will help Manage your account very efficiently.<\/p>\n<p>Learn from an Icom certified expert and discover tried-and-tested strategies that can transform your bottom line!<\/p>\n<p>In this exclusive ebook, you will learn:<br \/>\u2714\ufe0f 5 Proven tips to optimize your ads and increase your sales in Mercado Livre.<br \/>How to use 5 free tools to create professional images that attract more buyers.<br \/>\u2714\ufe0f How to use 2 tools that have the Super Low cost and that will make all the difference in your company to work in the Free Market, only these 2 tools are already worth gold for as much as they do.<br \/>A simple step-by-step to make your ads more attractive and competitive.<\/p>\n<p>All this for a super low price! Do not miss this opportunity to improve your sales with those who already have experience in Mercado Livre<\/p>","protected":false},"featured_media":93666,"comment_status":"open","ping_status":"closed","template":"","meta":[],"product_cat":[1611,1608,1607],"product_tag":[],"class_list":{"0":"post-93666","1":"product","2":"type-product","3":"status-publish","4":"has-post-thumbnail","5":"product_brand-por-adilson-d-ferreira-autor-formato-ebook-kindle","6":"product_cat-administracao-negocios-e-economia","7":"product_cat-ebooks-kindle","8":"product_cat-loja-kindle","10":"first","11":"instock","12":"shipping-taxable","13":"purchasable","14":"product-type-simple"},"aioseo_notices":[],"_links":{"self":[{"href":"https:\/\/www.ecommerceupdate.com.br\/en_ca\/wp-json\/wp\/v2\/product\/93666","targetHints":{"allow":["GET"]}}],"collection":[{"href":"https:\/\/www.ecommerceupdate.com.br\/en_ca\/wp-json\/wp\/v2\/product"}],"about":[{"href":"https:\/\/www.ecommerceupdate.com.br\/en_ca\/wp-json\/wp\/v2\/types\/product"}],"replies":[{"embeddable":true,"href":"https:\/\/www.ecommerceupdate.com.br\/en_ca\/wp-json\/wp\/v2\/comments?post=93666"}],"wp:featuredmedia":[{"embeddable":true,"href":"https:\/\/www.ecommerceupdate.com.br\/en_ca\/wp-json\/wp\/v2\/product\/93666"}],"wp:attachment":[{"href":"https:\/\/www.ecommerceupdate.com.br\/en_ca\/wp-json\/wp\/v2\/media?parent=93666"}],"wp:term":[{"taxonomy":"product_cat","embeddable":true,"href":"https:\/\/www.ecommerceupdate.com.br\/en_ca\/wp-json\/wp\/v2\/product_cat?post=93666"},{"taxonomy":"product_tag","embeddable":true,"href":"https:\/\/www.ecommerceupdate.com.br\/en_ca\/wp-json\/wp\/v2\/product_tag?post=93666"}],"curies":[{"name":"wp","href":"https:\/\/api.w.org\/{rel}","templated":true}]}}