{"id":93862,"date":"2026-03-05T21:57:32","date_gmt":"2026-03-06T00:57:32","guid":{"rendered":"https:\/\/www.ecommerceupdate.com.br\/produto\/retail-media-na-pratica-como-transformar-o-seu-varejo-em-uma-plataforma-de-publicidade-muito-rentavel\/"},"modified":"2026-05-08T11:51:55","modified_gmt":"2026-05-08T14:51:55","slug":"retail-media-na-pratica-como-transformar-o-seu-varejo-em-uma-plataforma-de-publicidade-muito-rentavel","status":"publish","type":"product","link":"https:\/\/www.ecommerceupdate.com.br\/en_ca\/produto\/retail-media-na-pratica-como-transformar-o-seu-varejo-em-uma-plataforma-de-publicidade-muito-rentavel\/","title":{"rendered":"Retail Media na Pr\u00e1tica: Como Transformar o seu Varejo em uma Plataforma de Publicidade muito Rent\u00e1vel"},"content":{"rendered":"<div class=\"woocommerce-product-details\"><\/div>","protected":false},"excerpt":{"rendered":"<p>Retail Media na Pr\u00e1tica: Transforme o Seu Varejo em uma Plataforma de Publicidade Rent\u00e1velVoc\u00ea sabia que o Retail Media \u00e9 a terceira grande onda do marketing digital, ao lado de gigantes como Google e Meta? Neste livro pr\u00e1tico e estrat\u00e9gico, Ricardo Pastore revela como empresas de varejo e servi\u00e7os podem transformar seus canais \u2013 f\u00edsicos ou digitais \u2013 em verdadeiras plataformas de publicidade altamente lucrativas.Com uma abordagem clara e objetiva, Retail Media na Pr\u00e1tica guia voc\u00ea passo a passo pela implementa\u00e7\u00e3o dessa estrat\u00e9gia, ajudando sua empresa a criar novas fontes de receita enquanto melhora a experi\u00eancia dos clientes e fortalece parcerias com anunciantes. Este n\u00e3o \u00e9 apenas um manual t\u00e9cnico, mas um verdadeiro plano de a\u00e7\u00e3o adapt\u00e1vel a empresas de diferentes portes e setores.O que voc\u00ea encontrar\u00e1 neste livro:<span class=\"a-text-bold\">Diagn\u00f3stico Inicial:<\/span><span> Avalie se sua empresa est\u00e1 preparada para iniciar no Retail Media, com checklists pr\u00e1ticos e orienta\u00e7\u00f5es.<\/span>Diagn\u00f3stico Inicial: Avalie se sua empresa est\u00e1 preparada para iniciar no Retail Media, com checklists pr\u00e1ticos e orienta\u00e7\u00f5es.<span class=\"a-text-bold\">Mapeamento e Monetiza\u00e7\u00e3o:<\/span><span> Identifique e precifique os espa\u00e7os publicit\u00e1rios da sua empresa, do e-commerce aos displays f\u00edsicos.<\/span>Mapeamento e Monetiza\u00e7\u00e3o: Identifique e precifique os espa\u00e7os publicit\u00e1rios da sua empresa, do e-commerce aos displays f\u00edsicos.<span class=\"a-text-bold\">Parcerias Estrat\u00e9gicas:<\/span><span> Aprenda como atrair marcas e construir relacionamentos duradouros.<\/span>Parcerias Estrat\u00e9gicas: Aprenda como atrair marcas e construir relacionamentos duradouros.<span class=\"a-text-bold\">Execu\u00e7\u00e3o de Campanhas:<\/span><span> Descubra como planejar, gerenciar e medir campanhas de forma eficiente, utilizando os principais KPIs do mercado.<\/span>Execu\u00e7\u00e3o de Campanhas: Descubra como planejar, gerenciar e medir campanhas de forma eficiente, utilizando os principais KPIs do mercado.<span class=\"a-text-bold\">Estudos de Caso Inspiradores:<\/span><span> Veja como redes de farm\u00e1cias, supermercados, shoppings, empresas de sa\u00fade, franquias de cosm\u00e9ticos e outras aplicam o Retail Media com sucesso.<\/span>Estudos de Caso Inspiradores: Veja como redes de farm\u00e1cias, supermercados, shoppings, empresas de sa\u00fade, franquias de cosm\u00e9ticos e outras aplicam o Retail Media com sucesso.<span class=\"a-text-bold\">Uso de Intelig\u00eancia Artificial:<\/span><span> Prompts e ferramentas para criar e otimizar seu plano de Retail Media, economizando tempo e maximizando resultados.<\/span>Uso de Intelig\u00eancia Artificial: Prompts e ferramentas para criar e otimizar seu plano de Retail Media, economizando tempo e maximizando resultados.<span class=\"a-text-bold\">Tend\u00eancias Futuras:<\/span><span> Explore inova\u00e7\u00f5es como blockchain, realidade aumentada e monetiza\u00e7\u00e3o de dados propriet\u00e1rios.<\/span>Tend\u00eancias Futuras: Explore inova\u00e7\u00f5es como blockchain, realidade aumentada e monetiza\u00e7\u00e3o de dados propriet\u00e1rios.Para quem \u00e9 este livro?<span>Gestores de varejo e especialistas em marketing.<\/span>Gestores de varejo e especialistas em marketing.<span>Empres\u00e1rios que buscam novas fontes de receita.<\/span>Empres\u00e1rios que buscam novas fontes de receita.<span>Profissionais interessados em estrat\u00e9gias pr\u00e1ticas para monetizar seus neg\u00f3cios.<\/span>Profissionais interessados em estrat\u00e9gias pr\u00e1ticas para monetizar seus neg\u00f3cios.Escrito com base em anos de experi\u00eancia e pesquisa no varejo, este livro \u00e9 um guia indispens\u00e1vel para quem deseja surfar a nova onda do marketing digital. Se voc\u00ea est\u00e1 pronto para transformar o tr\u00e1fego da sua empresa em uma m\u00e1quina de gerar lucros, este \u00e9 o ponto de partida ideal.Adquira Retail Media na Pr\u00e1tica agora e esteja \u00e0 frente na revolu\u00e7\u00e3o do varejo!<\/p>","protected":false},"featured_media":93862,"comment_status":"open","ping_status":"closed","template":"","meta":[],"product_cat":[1611,1608,1607],"product_tag":[],"class_list":{"0":"post-93862","1":"product","2":"type-product","3":"status-publish","4":"has-post-thumbnail","5":"product_brand-por-ricardo-pastore-autor-formato-ebook-kindle","6":"product_cat-administracao-negocios-e-economia","7":"product_cat-ebooks-kindle","8":"product_cat-loja-kindle","10":"first","11":"instock","12":"shipping-taxable","13":"purchasable","14":"product-type-simple"},"aioseo_notices":[],"_links":{"self":[{"href":"https:\/\/www.ecommerceupdate.com.br\/en_ca\/wp-json\/wp\/v2\/product\/93862","targetHints":{"allow":["GET"]}}],"collection":[{"href":"https:\/\/www.ecommerceupdate.com.br\/en_ca\/wp-json\/wp\/v2\/product"}],"about":[{"href":"https:\/\/www.ecommerceupdate.com.br\/en_ca\/wp-json\/wp\/v2\/types\/product"}],"replies":[{"embeddable":true,"href":"https:\/\/www.ecommerceupdate.com.br\/en_ca\/wp-json\/wp\/v2\/comments?post=93862"}],"wp:featuredmedia":[{"embeddable":true,"href":"https:\/\/www.ecommerceupdate.com.br\/en_ca\/wp-json\/wp\/v2\/product\/93862"}],"wp:attachment":[{"href":"https:\/\/www.ecommerceupdate.com.br\/en_ca\/wp-json\/wp\/v2\/media?parent=93862"}],"wp:term":[{"taxonomy":"product_cat","embeddable":true,"href":"https:\/\/www.ecommerceupdate.com.br\/en_ca\/wp-json\/wp\/v2\/product_cat?post=93862"},{"taxonomy":"product_tag","embeddable":true,"href":"https:\/\/www.ecommerceupdate.com.br\/en_ca\/wp-json\/wp\/v2\/product_tag?post=93862"}],"curies":[{"name":"wp","href":"https:\/\/api.w.org\/{rel}","templated":true}]}}